{"id":2264,"date":"2024-03-27T09:49:42","date_gmt":"2024-03-27T09:49:42","guid":{"rendered":"https:\/\/inkskin.nl\/products\/spatules-a-langue-en-bois-par-100-pieces\/"},"modified":"2024-03-27T09:49:42","modified_gmt":"2024-03-27T09:49:42","slug":"spatules-a-langue-en-bois-par-100-pieces","status":"publish","type":"product","link":"https:\/\/inkskin.nl\/fr\/products\/spatules-a-langue-en-bois-par-100-pieces\/","title":{"rendered":"Spatules \u00e0 langue en bois par 100 pi\u00e8ces"},"content":{"rendered":"<p>Spatules \u00e0 langue en bois par 100 pi\u00e8ces<\/p>\n","protected":false},"excerpt":{"rendered":"<p>Spatules \u00e0 langue en bois par 100 pi\u00e8ces<\/p>\n","protected":false},"featured_media":1579,"template":"","meta":{"_acf_changed":false},"product_brand":[],"product_cat":[15],"product_tag":[192],"class_list":{"0":"post-2264","1":"product","2":"type-product","3":"status-publish","4":"has-post-thumbnail","6":"product_cat-uncategorized","7":"product_tag-consommables","9":"first","10":"instock","11":"taxable","12":"shipping-taxable","13":"purchasable","14":"product-type-simple"},"ams_default_variation_id":0,"ams_product_points_reward":[],"ams_product_discount_percentage":0,"ams_price_to_display":2,"ams_acf":[],"acf":[],"_links":{"self":[{"href":"https:\/\/inkskin.nl\/fr\/wp-json\/wp\/v2\/product\/2264","targetHints":{"allow":["GET"]}}],"collection":[{"href":"https:\/\/inkskin.nl\/fr\/wp-json\/wp\/v2\/product"}],"about":[{"href":"https:\/\/inkskin.nl\/fr\/wp-json\/wp\/v2\/types\/product"}],"version-history":[{"count":0,"href":"https:\/\/inkskin.nl\/fr\/wp-json\/wp\/v2\/product\/2264\/revisions"}],"wp:featuredmedia":[{"embeddable":true,"href":"https:\/\/inkskin.nl\/fr\/wp-json\/wp\/v2\/media\/1579"}],"wp:attachment":[{"href":"https:\/\/inkskin.nl\/fr\/wp-json\/wp\/v2\/media?parent=2264"}],"wp:term":[{"taxonomy":"product_brand","embeddable":true,"href":"https:\/\/inkskin.nl\/fr\/wp-json\/wp\/v2\/product_brand?post=2264"},{"taxonomy":"product_cat","embeddable":true,"href":"https:\/\/inkskin.nl\/fr\/wp-json\/wp\/v2\/product_cat?post=2264"},{"taxonomy":"product_tag","embeddable":true,"href":"https:\/\/inkskin.nl\/fr\/wp-json\/wp\/v2\/product_tag?post=2264"}],"curies":[{"name":"wp","href":"https:\/\/api.w.org\/{rel}","templated":true}]}}