{"id":2263,"date":"2024-03-27T09:49:42","date_gmt":"2024-03-27T09:49:42","guid":{"rendered":"https:\/\/inkskin.nl\/products\/ruban-chirurgical-non-tisse-5cm-x-9-1-m-6-pieces\/"},"modified":"2025-01-04T12:52:48","modified_gmt":"2025-01-04T12:52:48","slug":"ruban-chirurgical-non-tisse-5cm-x-9-1-m-6-pieces","status":"publish","type":"product","link":"https:\/\/inkskin.nl\/fr\/products\/ruban-chirurgical-non-tisse-5cm-x-9-1-m-6-pieces\/","title":{"rendered":"Ruban chirurgical non tiss\u00e9 5cm x 9.1 M. 6 pi\u00e8ces"},"content":{"rendered":"<p>Vous cherchez un ruban adh\u00e9sif fiable qui n&rsquo;irrite pas votre peau ? Dans ce cas, le ruban chirurgical non tiss\u00e9 est exactement ce qu&rsquo;il vous faut ! Ce ruban adh\u00e9sif de haute qualit\u00e9 est id\u00e9al pour s\u00e9curiser le film apr\u00e8s une s\u00e9ance de tatouage.<br \/>\n  Gr\u00e2ce \u00e0 cette bande, vous n&rsquo;aurez pas \u00e0 vous soucier de l&rsquo;irritation ou de l&rsquo;inconfort pendant le processus de cicatrisation de votre tatouage. La composition non tiss\u00e9e offre une exp\u00e9rience confortable et permet \u00e0 votre peau de respirer.<br \/>\n  Que vous soyez un tatoueur professionnel ou que vous vous occupiez simplement de vos propres tatouages, ce ruban chirurgical non tiss\u00e9 est indispensable. Faites confiance \u00e0 la qualit\u00e9 et \u00e0 la fonctionnalit\u00e9 de ce ruban et profitez d&rsquo;un entretien sans souci de votre tatouage.<\/p>\n<p><strong>Combien de temps puis-je laisser le Surgical Tape Nonwoven sur ma peau apr\u00e8s une s\u00e9ance de tatouage ?<\/strong><br \/>\n  Le Surgical Tape Nonwoven peut \u00eatre laiss\u00e9 en toute s\u00e9curit\u00e9 sur la peau pendant 1 \u00e0 2 jours apr\u00e8s une s\u00e9ance de tatouage, en fonction de la taille et de l&#8217;emplacement du tatouage. Il est recommand\u00e9 de v\u00e9rifier r\u00e9guli\u00e8rement que la bande n&rsquo;est pas irrit\u00e9e et de la remplacer si n\u00e9cessaire.<\/p>\n<p><strong>Le ruban chirurgical non tiss\u00e9 est-il r\u00e9sistant \u00e0 l&rsquo;eau ?<\/strong><br \/>\n  Oui, le ruban chirurgical non tiss\u00e9 est r\u00e9sistant \u00e0 l&rsquo;eau. Vous pouvez vous doucher ou nager sans crainte pendant que la bande est sur votre peau. Il reste fermement en place tout en laissant votre peau respirer.<\/p>\n<p><strong>Puis-je retirer facilement le Surgical Tape Nonwoven sans endommager ma peau ?<\/strong><br \/>\n  Oui, le ruban chirurgical non tiss\u00e9 est sp\u00e9cialement con\u00e7u pour \u00eatre retir\u00e9 facilement sans endommager votre peau. Vous pouvez d\u00e9coller d\u00e9licatement la bande de la peau sans provoquer de douleur ou d&rsquo;irritation. Toutefois, il est recommand\u00e9 de retirer la bande lentement et avec pr\u00e9caution afin d&rsquo;\u00e9viter toute g\u00eane.<\/p>\n","protected":false},"excerpt":{"rendered":"<p>Vous cherchez un ruban adh\u00e9sif fiable qui n&rsquo;irrite pas votre peau ? Dans ce cas, le ruban chirurgical non tiss\u00e9 est exactement ce qu&rsquo;il vous faut ! Ce ruban adh\u00e9sif de haute qualit\u00e9 est id\u00e9al pour s\u00e9curiser le film apr\u00e8s une s\u00e9ance de tatouage. Gr\u00e2ce \u00e0 cette bande, vous n&rsquo;aurez pas \u00e0 vous soucier de [&hellip;]<\/p>\n","protected":false},"featured_media":1580,"template":"","meta":{"_acf_changed":false},"product_brand":[],"product_cat":[15],"product_tag":[195],"class_list":{"0":"post-2263","1":"product","2":"type-product","3":"status-publish","4":"has-post-thumbnail","6":"product_cat-uncategorized","7":"product_tag-article-sur-lhygiene","9":"first","10":"instock","11":"taxable","12":"shipping-taxable","13":"purchasable","14":"product-type-simple"},"ams_default_variation_id":0,"ams_product_points_reward":[],"ams_product_discount_percentage":0,"ams_price_to_display":15.5,"ams_acf":[],"acf":[],"_links":{"self":[{"href":"https:\/\/inkskin.nl\/fr\/wp-json\/wp\/v2\/product\/2263","targetHints":{"allow":["GET"]}}],"collection":[{"href":"https:\/\/inkskin.nl\/fr\/wp-json\/wp\/v2\/product"}],"about":[{"href":"https:\/\/inkskin.nl\/fr\/wp-json\/wp\/v2\/types\/product"}],"version-history":[{"count":0,"href":"https:\/\/inkskin.nl\/fr\/wp-json\/wp\/v2\/product\/2263\/revisions"}],"wp:featuredmedia":[{"embeddable":true,"href":"https:\/\/inkskin.nl\/fr\/wp-json\/wp\/v2\/media\/1580"}],"wp:attachment":[{"href":"https:\/\/inkskin.nl\/fr\/wp-json\/wp\/v2\/media?parent=2263"}],"wp:term":[{"taxonomy":"product_brand","embeddable":true,"href":"https:\/\/inkskin.nl\/fr\/wp-json\/wp\/v2\/product_brand?post=2263"},{"taxonomy":"product_cat","embeddable":true,"href":"https:\/\/inkskin.nl\/fr\/wp-json\/wp\/v2\/product_cat?post=2263"},{"taxonomy":"product_tag","embeddable":true,"href":"https:\/\/inkskin.nl\/fr\/wp-json\/wp\/v2\/product_tag?post=2263"}],"curies":[{"name":"wp","href":"https:\/\/api.w.org\/{rel}","templated":true}]}}