{"id":2261,"date":"2024-03-27T09:49:40","date_gmt":"2024-03-27T09:49:40","guid":{"rendered":"https:\/\/inkskin.nl\/products\/recipient-a-aiguilles-de-15-litre-approuve-ggd\/"},"modified":"2024-03-27T09:49:40","modified_gmt":"2024-03-27T09:49:40","slug":"recipient-a-aiguilles-de-15-litre-approuve-ggd","status":"publish","type":"product","link":"https:\/\/inkskin.nl\/fr\/products\/recipient-a-aiguilles-de-15-litre-approuve-ggd\/","title":{"rendered":"R\u00e9cipient \u00e0 aiguilles de 1,5 litre Approuv\u00e9 GGD"},"content":{"rendered":"<p>Vous \u00eates un professionnel de l&rsquo;industrie du tatouage ou du piercing ? Dans ce cas, notre conteneur \u00e0 aiguilles 1,5 L est le produit id\u00e9al pour vous ! Ce conteneur \u00e0 aiguilles approuv\u00e9 est imprim\u00e9 avec tous les d\u00e9tails n\u00e9cessaires, y compris le num\u00e9ro UN3291, ce qui vous permet de vous d\u00e9barrasser facilement et en toute s\u00e9curit\u00e9 de toutes vos aiguilles usag\u00e9es.<\/p>\n<p>  Avec ce conteneur \u00e0 aiguilles, vous n&rsquo;avez plus \u00e0 vous soucier de l&rsquo;\u00e9limination correcte de vos aiguilles. Prot\u00e9gez non seulement vous-m\u00eame mais aussi l&rsquo;environnement gr\u00e2ce \u00e0 ce produit pratique et compact. Gr\u00e2ce \u00e0 sa capacit\u00e9 de 1,5 litre, vous pouvez stocker et \u00e9liminer en toute s\u00e9curit\u00e9 d&rsquo;innombrables aiguilles.<\/p>\n<p>  Optez pour la qualit\u00e9 et la s\u00e9curit\u00e9 avec notre conteneur \u00e0 aiguilles 1,5 L. Commandez d\u00e8s aujourd&rsquo;hui et profitez d&rsquo;un environnement de travail hygi\u00e9nique et sans souci.<\/p>\n<p><strong>Pourquoi le conteneur \u00e0 aiguilles 1,5 L est-il le produit id\u00e9al pour les professionnels de l&rsquo;industrie du tatouage ou du piercing ?<\/strong><br \/>\n  Le conteneur \u00e0 aiguilles 1,5 L est sp\u00e9cialement con\u00e7u pour les professionnels de l&rsquo;industrie du tatouage ou du piercing. Il s&rsquo;agit d&rsquo;un conteneur \u00e0 aiguilles approuv\u00e9 avec tous les d\u00e9tails n\u00e9cessaires, y compris le num\u00e9ro UN3291. Cela permet aux utilisateurs de se d\u00e9barrasser facilement et en toute s\u00e9curit\u00e9 de toutes leurs aiguilles usag\u00e9es.<\/p>\n<p><strong>Comment le conteneur d&rsquo;aiguilles 1.5 L contribue-t-il \u00e0 un environnement de travail s\u00fbr ?<\/strong><br \/>\n  Le conteneur \u00e0 aiguilles 1,5 L permet aux professionnels de ne plus avoir \u00e0 se soucier de l&rsquo;\u00e9limination correcte des aiguilles. Ce produit permet de stocker et d&rsquo;\u00e9liminer les aiguilles en toute s\u00e9curit\u00e9, r\u00e9duisant ainsi le risque de blessures par piq\u00fbre d&rsquo;aiguille et d&rsquo;infections. Cela contribue \u00e0 un environnement de travail s\u00fbr.<\/p>\n<p><strong>Quelle est la capacit\u00e9 du conteneur \u00e0 aiguilles 1,5 L ?<\/strong><br \/>\n  Le conteneur \u00e0 aiguilles 1.5 L a une capacit\u00e9 de 1.5 litres. Cette capacit\u00e9 permet aux professionnels de stocker et d&rsquo;\u00e9liminer en toute s\u00e9curit\u00e9 d&rsquo;innombrables aiguilles, ce qui leur permet de se concentrer sur leur travail sans se pr\u00e9occuper de l&rsquo;\u00e9limination correcte des aiguilles.<\/p>\n","protected":false},"excerpt":{"rendered":"<p>Vous \u00eates un professionnel de l&rsquo;industrie du tatouage ou du piercing ? Dans ce cas, notre conteneur \u00e0 aiguilles 1,5 L est le produit id\u00e9al pour vous ! Ce conteneur \u00e0 aiguilles approuv\u00e9 est imprim\u00e9 avec tous les d\u00e9tails n\u00e9cessaires, y compris le num\u00e9ro UN3291, ce qui vous permet de vous d\u00e9barrasser facilement et en [&hellip;]<\/p>\n","protected":false},"featured_media":1812,"template":"","meta":{"_acf_changed":false},"product_brand":[],"product_cat":[224],"product_tag":[192],"class_list":{"0":"post-2261","1":"product","2":"type-product","3":"status-publish","4":"has-post-thumbnail","6":"product_cat-non-classe","7":"product_tag-consommables","9":"first","10":"outofstock","11":"taxable","12":"shipping-taxable","13":"purchasable","14":"product-type-simple"},"ams_default_variation_id":0,"ams_product_points_reward":[],"ams_product_discount_percentage":0,"ams_price_to_display":3.5,"ams_acf":[],"acf":[],"_links":{"self":[{"href":"https:\/\/inkskin.nl\/fr\/wp-json\/wp\/v2\/product\/2261","targetHints":{"allow":["GET"]}}],"collection":[{"href":"https:\/\/inkskin.nl\/fr\/wp-json\/wp\/v2\/product"}],"about":[{"href":"https:\/\/inkskin.nl\/fr\/wp-json\/wp\/v2\/types\/product"}],"version-history":[{"count":0,"href":"https:\/\/inkskin.nl\/fr\/wp-json\/wp\/v2\/product\/2261\/revisions"}],"wp:featuredmedia":[{"embeddable":true,"href":"https:\/\/inkskin.nl\/fr\/wp-json\/wp\/v2\/media\/1812"}],"wp:attachment":[{"href":"https:\/\/inkskin.nl\/fr\/wp-json\/wp\/v2\/media?parent=2261"}],"wp:term":[{"taxonomy":"product_brand","embeddable":true,"href":"https:\/\/inkskin.nl\/fr\/wp-json\/wp\/v2\/product_brand?post=2261"},{"taxonomy":"product_cat","embeddable":true,"href":"https:\/\/inkskin.nl\/fr\/wp-json\/wp\/v2\/product_cat?post=2261"},{"taxonomy":"product_tag","embeddable":true,"href":"https:\/\/inkskin.nl\/fr\/wp-json\/wp\/v2\/product_tag?post=2261"}],"curies":[{"name":"wp","href":"https:\/\/api.w.org\/{rel}","templated":true}]}}