{"id":2260,"date":"2024-03-27T09:49:44","date_gmt":"2024-03-27T09:49:44","guid":{"rendered":"https:\/\/inkskin.nl\/products\/suprasorb-f-seconde-peau-15-cm-x-10-metres\/"},"modified":"2024-03-27T09:49:44","modified_gmt":"2024-03-27T09:49:44","slug":"suprasorb-f-seconde-peau-15-cm-x-10-metres","status":"publish","type":"product","link":"https:\/\/inkskin.nl\/fr\/products\/suprasorb-f-seconde-peau-15-cm-x-10-metres\/","title":{"rendered":"Suprasorb F (seconde peau) 15 cm x 10 m\u00e8tres"},"content":{"rendered":"<p>Vous cherchez un moyen id\u00e9al de prot\u00e9ger vos nouveaux tatouages ? Dans ce cas, le pansement Suprasorb F est exactement ce qu&rsquo;il vous faut ! Ce pansement flexible, extensible et auto-adh\u00e9sif est sp\u00e9cialement con\u00e7u pour les tatouages qui viennent d&rsquo;\u00eatre pos\u00e9s. La couche de film transparent prot\u00e8ge le tatouage des influences ext\u00e9rieures, de sorte que vous n&rsquo;avez pas \u00e0 vous soucier des infections ou des dommages. Apr\u00e8s environ 5 jours, le pansement se d\u00e9tache de lui-m\u00eame, apr\u00e8s quoi vous pouvez continuer \u00e0 soigner la peau ferm\u00e9e \u00e0 l&rsquo;aide d&rsquo;un produit Aftercare. Avec une longueur de 10 m\u00e8tres et une largeur de 15 cm, vous aurez suffisamment de bandages.<\/p>\n<p><strong>Combien de temps dois-je laisser le pansement Suprasorb F sur mon nouveau tatouage ?<\/strong><br \/>\nIl est recommand\u00e9 de laisser le pansement sur votre nouveau tatouage pendant environ 5 jours avant qu&rsquo;il ne s&rsquo;enl\u00e8ve de lui-m\u00eame.<\/p>\n<p><strong>Le pansement Suprasorb F est-il r\u00e9sistant \u00e0 l&rsquo;eau ?<\/strong><br \/>\nOui, le pansement Suprasorb F est r\u00e9sistant \u00e0 l&rsquo;eau, vous n&rsquo;avez donc pas \u00e0 vous soucier de la protection de votre tatouage sous la douche.<\/p>\n<p><strong>Puis-je utiliser un produit Balm Aftercare apr\u00e8s le retrait du pansement Suprasorb F ?<\/strong><br \/>\nOui, une fois que le pansement film\u00e9 s&rsquo;est d\u00e9tach\u00e9 de lui-m\u00eame, vous pouvez continuer \u00e0 prendre soin de votre peau ferm\u00e9e avec un produit Aftercare pour favoriser le processus de cicatrisation.<\/p>\n","protected":false},"excerpt":{"rendered":"<p>Vous cherchez un moyen id\u00e9al de prot\u00e9ger vos nouveaux tatouages ? Dans ce cas, le pansement Suprasorb F est exactement ce qu&rsquo;il vous faut ! Ce pansement flexible, extensible et auto-adh\u00e9sif est sp\u00e9cialement con\u00e7u pour les tatouages qui viennent d&rsquo;\u00eatre pos\u00e9s. La couche de film transparent prot\u00e8ge le tatouage des influences ext\u00e9rieures, de sorte que [&hellip;]<\/p>\n","protected":false},"featured_media":1582,"template":"","meta":{"_acf_changed":false},"product_brand":[],"product_cat":[193],"product_tag":[218],"class_list":{"0":"post-2260","1":"product","2":"type-product","3":"status-publish","4":"has-post-thumbnail","6":"product_cat-article-sur-lhygiene","7":"product_tag-fournitures-pour-pochoirs","9":"first","10":"instock","11":"taxable","12":"shipping-taxable","13":"purchasable","14":"product-type-simple"},"ams_default_variation_id":0,"ams_product_points_reward":[],"ams_product_discount_percentage":0,"ams_price_to_display":35,"ams_acf":[],"acf":[],"_links":{"self":[{"href":"https:\/\/inkskin.nl\/fr\/wp-json\/wp\/v2\/product\/2260","targetHints":{"allow":["GET"]}}],"collection":[{"href":"https:\/\/inkskin.nl\/fr\/wp-json\/wp\/v2\/product"}],"about":[{"href":"https:\/\/inkskin.nl\/fr\/wp-json\/wp\/v2\/types\/product"}],"version-history":[{"count":0,"href":"https:\/\/inkskin.nl\/fr\/wp-json\/wp\/v2\/product\/2260\/revisions"}],"wp:featuredmedia":[{"embeddable":true,"href":"https:\/\/inkskin.nl\/fr\/wp-json\/wp\/v2\/media\/1582"}],"wp:attachment":[{"href":"https:\/\/inkskin.nl\/fr\/wp-json\/wp\/v2\/media?parent=2260"}],"wp:term":[{"taxonomy":"product_brand","embeddable":true,"href":"https:\/\/inkskin.nl\/fr\/wp-json\/wp\/v2\/product_brand?post=2260"},{"taxonomy":"product_cat","embeddable":true,"href":"https:\/\/inkskin.nl\/fr\/wp-json\/wp\/v2\/product_cat?post=2260"},{"taxonomy":"product_tag","embeddable":true,"href":"https:\/\/inkskin.nl\/fr\/wp-json\/wp\/v2\/product_tag?post=2260"}],"curies":[{"name":"wp","href":"https:\/\/api.w.org\/{rel}","templated":true}]}}