{"id":2256,"date":"2024-03-27T09:49:31","date_gmt":"2024-03-27T09:49:31","guid":{"rendered":"https:\/\/inkskin.nl\/products\/cartouche-de-soie-1211-rl\/"},"modified":"2024-03-27T09:49:31","modified_gmt":"2024-03-27T09:49:31","slug":"cartouche-de-soie-1211-rl","status":"publish","type":"product","link":"https:\/\/inkskin.nl\/fr\/products\/cartouche-de-soie-1211-rl\/","title":{"rendered":"Cartouche de soie 1211 RL"},"content":{"rendered":"<p>D\u00e9couvrez les cartouches Silk, l&rsquo;outil id\u00e9al pour tous les tatoueurs comme vous. Ces cartouches n&rsquo;ont pas seulement \u00e9t\u00e9 test\u00e9es, elles ont \u00e9t\u00e9 perfectionn\u00e9es avec amour par des artistes comme vous. Gr\u00e2ce \u00e0 leur poign\u00e9e ergonomique souple, ils s&rsquo;adaptent \u00e0 vos doigts comme un gant, ce qui vous permet de passer des heures \u00e0 tatouer sans probl\u00e8me. Que vous fassiez un travail au trait fin ou des dessins plus grands, vous avez toujours le contr\u00f4le ultime gr\u00e2ce \u00e0 la bonne prise en main de l&rsquo;aiguille et \u00e0 sa stabilit\u00e9. De plus, les cartouches Silk sont conformes \u00e0 la derni\u00e8re norme NEN, gr\u00e2ce \u00e0 des contr\u00f4les de qualit\u00e9 et \u00e0 des d\u00e9veloppements approfondis. Cela permet non seulement de prolonger la dur\u00e9e de vie de votre \u00e9quipement, mais aussi de satisfaire vos clients et, surtout, vos artistes. Choisissez les cartouches Silk et faites passer votre travail de tatouage au niveau sup\u00e9rieur.<\/p>\n<p><strong>Quelle est la dur\u00e9e de vie des cartouches de soie ?<\/strong><br \/>\n  Les cartouches de soie ont une dur\u00e9e de vie plus longue gr\u00e2ce \u00e0 des contr\u00f4les de qualit\u00e9 et des d\u00e9veloppements approfondis.<\/p>\n<p><strong>Les cartouches de soie conviennent-elles \u00e0 la fois pour le travail au trait fin et pour les dessins plus grands ?<\/strong><br \/>\n  Oui, les cartouches Silk conviennent aussi bien pour les travaux au trait fin que pour les dessins plus grands. Gr\u00e2ce \u00e0 la bonne prise en main et \u00e0 la stabilit\u00e9 de l&rsquo;aiguille, vous gardez toujours le contr\u00f4le.<\/p>\n<p><strong>Les cartouches de soie sont-elles conformes \u00e0 la derni\u00e8re norme NEN ?<\/strong><br \/>\n  Oui, les cartouches Silk sont conformes \u00e0 la derni\u00e8re norme NEN gr\u00e2ce \u00e0 des contr\u00f4les de qualit\u00e9 et des d\u00e9veloppements approfondis. Cela permet de satisfaire les clients et de prolonger la dur\u00e9e de vie de votre \u00e9quipement.<\/p>\n","protected":false},"excerpt":{"rendered":"<p>D\u00e9couvrez les cartouches Silk, l&rsquo;outil id\u00e9al pour tous les tatoueurs comme vous. Ces cartouches n&rsquo;ont pas seulement \u00e9t\u00e9 test\u00e9es, elles ont \u00e9t\u00e9 perfectionn\u00e9es avec amour par des artistes comme vous. Gr\u00e2ce \u00e0 leur poign\u00e9e ergonomique souple, ils s&rsquo;adaptent \u00e0 vos doigts comme un gant, ce qui vous permet de passer des heures \u00e0 tatouer sans [&hellip;]<\/p>\n","protected":false},"featured_media":1569,"template":"","meta":{"_acf_changed":false},"product_brand":[],"product_cat":[160,217],"product_tag":[221,164,174,220],"class_list":{"0":"post-2256","1":"product","2":"type-product","3":"status-publish","4":"has-post-thumbnail","6":"product_cat-aiguilles-cartouche","7":"product_cat-cartouches-de-soie","8":"product_tag-035-mm","9":"product_tag-cone-long-fr","10":"product_tag-doublure-ronde-fr","11":"product_tag-epaisseur-de-laiguille-12","13":"first","14":"instock","15":"taxable","16":"shipping-taxable","17":"purchasable","18":"product-type-simple"},"ams_default_variation_id":0,"ams_product_points_reward":[],"ams_product_discount_percentage":0,"ams_price_to_display":22.45,"ams_acf":[],"acf":[],"_links":{"self":[{"href":"https:\/\/inkskin.nl\/fr\/wp-json\/wp\/v2\/product\/2256","targetHints":{"allow":["GET"]}}],"collection":[{"href":"https:\/\/inkskin.nl\/fr\/wp-json\/wp\/v2\/product"}],"about":[{"href":"https:\/\/inkskin.nl\/fr\/wp-json\/wp\/v2\/types\/product"}],"version-history":[{"count":0,"href":"https:\/\/inkskin.nl\/fr\/wp-json\/wp\/v2\/product\/2256\/revisions"}],"wp:featuredmedia":[{"embeddable":true,"href":"https:\/\/inkskin.nl\/fr\/wp-json\/wp\/v2\/media\/1569"}],"wp:attachment":[{"href":"https:\/\/inkskin.nl\/fr\/wp-json\/wp\/v2\/media?parent=2256"}],"wp:term":[{"taxonomy":"product_brand","embeddable":true,"href":"https:\/\/inkskin.nl\/fr\/wp-json\/wp\/v2\/product_brand?post=2256"},{"taxonomy":"product_cat","embeddable":true,"href":"https:\/\/inkskin.nl\/fr\/wp-json\/wp\/v2\/product_cat?post=2256"},{"taxonomy":"product_tag","embeddable":true,"href":"https:\/\/inkskin.nl\/fr\/wp-json\/wp\/v2\/product_tag?post=2256"}],"curies":[{"name":"wp","href":"https:\/\/api.w.org\/{rel}","templated":true}]}}