{"id":2251,"date":"2024-03-27T09:49:27","date_gmt":"2024-03-27T09:49:27","guid":{"rendered":"https:\/\/inkskin.nl\/products\/cartouche-de-soie-1007-rs\/"},"modified":"2024-03-27T09:49:27","modified_gmt":"2024-03-27T09:49:27","slug":"cartouche-de-soie-1007-rs","status":"publish","type":"product","link":"https:\/\/inkskin.nl\/fr\/products\/cartouche-de-soie-1007-rs\/","title":{"rendered":"Cartouche de soie 1007 RS"},"content":{"rendered":"<p>Les cartouches Silk ont \u00e9t\u00e9 largement test\u00e9es et perfectionn\u00e9es par des artistes. Dot\u00e9s d&rsquo;une poign\u00e9e ergonomique souple, ils s&rsquo;adaptent \u00e0 vos doigts comme un gant. Les heures de tatouage ne posent pas de probl\u00e8me. La bonne prise en main et la stabilit\u00e9 de l&rsquo;aiguille vous donnent un contr\u00f4le ultime, m\u00eame pour les travaux de pr\u00e9cision. Gr\u00e2ce \u00e0 nos contr\u00f4les de qualit\u00e9 approfondis et \u00e0 nos d\u00e9veloppements, les cartouches Silk sont \u00e9galement autoris\u00e9es conform\u00e9ment \u00e0 la derni\u00e8re norme NEN. De cette mani\u00e8re, nous prolongeons la dur\u00e9e de vie de votre \u00e9quipement, nous rendons votre client heureux, mais surtout nous rendons votre artiste heureux.<\/p>\n","protected":false},"excerpt":{"rendered":"<p>Les cartouches Silk ont \u00e9t\u00e9 largement test\u00e9es et perfectionn\u00e9es par des artistes. Dot\u00e9s d&rsquo;une poign\u00e9e ergonomique souple, ils s&rsquo;adaptent \u00e0 vos doigts comme un gant. Les heures de tatouage ne posent pas de probl\u00e8me. La bonne prise en main et la stabilit\u00e9 de l&rsquo;aiguille vous donnent un contr\u00f4le ultime, m\u00eame pour les travaux de pr\u00e9cision. [&hellip;]<\/p>\n","protected":false},"featured_media":1566,"template":"","meta":{"_acf_changed":false},"product_brand":[],"product_cat":[160,217],"product_tag":[169,164,167,166],"class_list":{"0":"post-2251","1":"product","2":"type-product","3":"status-publish","4":"has-post-thumbnail","6":"product_cat-aiguilles-cartouche","7":"product_cat-cartouches-de-soie","8":"product_tag-030-mm-fr","9":"product_tag-cone-long-fr","10":"product_tag-epaisseur-de-laiguille-10","11":"product_tag-ombres-rondes","13":"first","14":"instock","15":"taxable","16":"shipping-taxable","17":"purchasable","18":"product-type-simple"},"ams_default_variation_id":0,"ams_product_points_reward":[],"ams_product_discount_percentage":0,"ams_price_to_display":21.45,"ams_acf":[],"acf":[],"_links":{"self":[{"href":"https:\/\/inkskin.nl\/fr\/wp-json\/wp\/v2\/product\/2251","targetHints":{"allow":["GET"]}}],"collection":[{"href":"https:\/\/inkskin.nl\/fr\/wp-json\/wp\/v2\/product"}],"about":[{"href":"https:\/\/inkskin.nl\/fr\/wp-json\/wp\/v2\/types\/product"}],"version-history":[{"count":0,"href":"https:\/\/inkskin.nl\/fr\/wp-json\/wp\/v2\/product\/2251\/revisions"}],"wp:featuredmedia":[{"embeddable":true,"href":"https:\/\/inkskin.nl\/fr\/wp-json\/wp\/v2\/media\/1566"}],"wp:attachment":[{"href":"https:\/\/inkskin.nl\/fr\/wp-json\/wp\/v2\/media?parent=2251"}],"wp:term":[{"taxonomy":"product_brand","embeddable":true,"href":"https:\/\/inkskin.nl\/fr\/wp-json\/wp\/v2\/product_brand?post=2251"},{"taxonomy":"product_cat","embeddable":true,"href":"https:\/\/inkskin.nl\/fr\/wp-json\/wp\/v2\/product_cat?post=2251"},{"taxonomy":"product_tag","embeddable":true,"href":"https:\/\/inkskin.nl\/fr\/wp-json\/wp\/v2\/product_tag?post=2251"}],"curies":[{"name":"wp","href":"https:\/\/api.w.org\/{rel}","templated":true}]}}