{"id":2250,"date":"2024-03-27T09:49:34","date_gmt":"2024-03-27T09:49:34","guid":{"rendered":"https:\/\/inkskin.nl\/products\/cartouche-de-soie-1005-rl\/"},"modified":"2025-01-04T12:52:47","modified_gmt":"2025-01-04T12:52:47","slug":"cartouche-de-soie-1005-rl","status":"publish","type":"product","link":"https:\/\/inkskin.nl\/fr\/products\/cartouche-de-soie-1005-rl\/","title":{"rendered":"Cartouche de soie 1005 RL"},"content":{"rendered":"<p>D\u00e9couvrez les cartouches Silk, le produit id\u00e9al pour les tatoueurs professionnels comme vous. Nous avons longuement test\u00e9 et perfectionn\u00e9 ces cartouches en collaboration avec des artistes comme vous, afin de vous garantir une qualit\u00e9 optimale.<\/p>\n<p>Gr\u00e2ce \u00e0 leur poign\u00e9e ergonomique, les cartouches Silk s&rsquo;adaptent parfaitement \u00e0 vos doigts, vous permettant de tatouer confortablement pendant des heures. Que vous r\u00e9alisiez des travaux au trait fin ou des dessins d\u00e9taill\u00e9s, la bonne prise en main de l&rsquo;aiguille et sa stabilit\u00e9 vous offrent un contr\u00f4le ultime.<\/p>\n<p>De plus, nos cartouches de soie sont conformes aux derni\u00e8res normes NEN, ce qui vous garantit qualit\u00e9 et durabilit\u00e9. Cela signifie une dur\u00e9e de vie plus longue de votre \u00e9quipement et un client satisfait. Mais le plus important est que vous, l&rsquo;artiste, soyez satisfait du r\u00e9sultat.<\/p>\n<p>Choisissez les cartouches Silk et d\u00e9couvrez la combinaison parfaite de confort, de contr\u00f4le et de qualit\u00e9.<\/p>\n<p><strong>Les cartouches Silk conviennent-elles \u00e0 tous les types de tatouages ?<\/strong><\/p>\n<p>Oui, les cartouches de soie conviennent \u00e0 la fois pour les travaux au trait fin et les dessins d\u00e9taill\u00e9s. Le design ergonomique assure une bonne prise en main et un maintien stable, vous donnant un contr\u00f4le ultime pendant le tatouage.<\/p>\n<p><strong>Les cartouches Silk sont-elles compatibles avec tous les \u00e9quipements de tatouage ?<\/strong><\/p>\n<p>Oui, les cartouches Silk sont con\u00e7ues pour \u00eatre compatibles avec la plupart des stylos et machines \u00e0 tatouer du march\u00e9. Ils sont faciles \u00e0 fixer et garantissent une exp\u00e9rience de tatouage sans probl\u00e8me.<\/p>\n<p><strong>Quelle est la dur\u00e9e de vie des cartouches de soie ?<\/strong><\/p>\n<p>Les cartouches Silk sont conformes aux derni\u00e8res normes NEN, ce qui signifie qu&rsquo;elles sont de haute qualit\u00e9 et durables. Ils durent ainsi plus longtemps et vous devez changer les cartouches moins souvent. Cela garantit une solution rentable et des clients satisfaits.<\/p>\n","protected":false},"excerpt":{"rendered":"<p>D\u00e9couvrez les cartouches Silk, le produit id\u00e9al pour les tatoueurs professionnels comme vous. Nous avons longuement test\u00e9 et perfectionn\u00e9 ces cartouches en collaboration avec des artistes comme vous, afin de vous garantir une qualit\u00e9 optimale. Gr\u00e2ce \u00e0 leur poign\u00e9e ergonomique, les cartouches Silk s&rsquo;adaptent parfaitement \u00e0 vos doigts, vous permettant de tatouer confortablement pendant des [&hellip;]<\/p>\n","protected":false},"featured_media":1572,"template":"","meta":{"_acf_changed":false},"product_brand":[],"product_cat":[160,217],"product_tag":[169,164,174,167],"class_list":{"0":"post-2250","1":"product","2":"type-product","3":"status-publish","4":"has-post-thumbnail","6":"product_cat-aiguilles-cartouche","7":"product_cat-cartouches-de-soie","8":"product_tag-030-mm-fr","9":"product_tag-cone-long-fr","10":"product_tag-doublure-ronde-fr","11":"product_tag-epaisseur-de-laiguille-10","13":"first","14":"instock","15":"taxable","16":"shipping-taxable","17":"purchasable","18":"product-type-simple"},"ams_default_variation_id":0,"ams_product_points_reward":[],"ams_product_discount_percentage":0,"ams_price_to_display":19.95,"ams_acf":[],"acf":[],"_links":{"self":[{"href":"https:\/\/inkskin.nl\/fr\/wp-json\/wp\/v2\/product\/2250","targetHints":{"allow":["GET"]}}],"collection":[{"href":"https:\/\/inkskin.nl\/fr\/wp-json\/wp\/v2\/product"}],"about":[{"href":"https:\/\/inkskin.nl\/fr\/wp-json\/wp\/v2\/types\/product"}],"version-history":[{"count":0,"href":"https:\/\/inkskin.nl\/fr\/wp-json\/wp\/v2\/product\/2250\/revisions"}],"wp:featuredmedia":[{"embeddable":true,"href":"https:\/\/inkskin.nl\/fr\/wp-json\/wp\/v2\/media\/1572"}],"wp:attachment":[{"href":"https:\/\/inkskin.nl\/fr\/wp-json\/wp\/v2\/media?parent=2250"}],"wp:term":[{"taxonomy":"product_brand","embeddable":true,"href":"https:\/\/inkskin.nl\/fr\/wp-json\/wp\/v2\/product_brand?post=2250"},{"taxonomy":"product_cat","embeddable":true,"href":"https:\/\/inkskin.nl\/fr\/wp-json\/wp\/v2\/product_cat?post=2250"},{"taxonomy":"product_tag","embeddable":true,"href":"https:\/\/inkskin.nl\/fr\/wp-json\/wp\/v2\/product_tag?post=2250"}],"curies":[{"name":"wp","href":"https:\/\/api.w.org\/{rel}","templated":true}]}}