{"id":2249,"date":"2024-03-27T09:48:13","date_gmt":"2024-03-27T09:48:13","guid":{"rendered":"https:\/\/inkskin.nl\/products\/baume-tattoo-vegan-30-gr-display\/"},"modified":"2024-03-27T09:48:13","modified_gmt":"2024-03-27T09:48:13","slug":"baume-tattoo-vegan-30-gr-display","status":"publish","type":"product","link":"https:\/\/inkskin.nl\/fr\/products\/baume-tattoo-vegan-30-gr-display\/","title":{"rendered":"Baume Tattoo Vegan 30 gr display"},"content":{"rendered":"<p>Baume pour tatouage 100% v\u00e9g\u00e9talien, sans ingr\u00e9dients d&rsquo;origine animale, adapt\u00e9 pour soigner et prot\u00e9ger naturellement la peau apr\u00e8s le tatouage.<\/p>\n","protected":false},"excerpt":{"rendered":"<p>Baume pour tatouage 100% v\u00e9g\u00e9talien, sans ingr\u00e9dients d&rsquo;origine animale, adapt\u00e9 pour soigner et prot\u00e9ger naturellement la peau apr\u00e8s le tatouage.<\/p>\n","protected":false},"featured_media":1304,"template":"","meta":{"_acf_changed":false},"product_brand":[],"product_cat":[200,199],"product_tag":[201,205,202],"class_list":{"0":"post-2249","1":"product","2":"type-product","3":"status-publish","4":"has-post-thumbnail","6":"product_cat-baume-tatouage","7":"product_cat-postcure","8":"product_tag-baume-apres-vente","9":"product_tag-creme-de-soin","10":"product_tag-vegetalien","12":"first","13":"instock","14":"taxable","15":"shipping-taxable","16":"purchasable","17":"product-type-simple"},"ams_default_variation_id":0,"ams_product_points_reward":[],"ams_product_discount_percentage":0,"ams_price_to_display":132,"ams_acf":[],"acf":[],"_links":{"self":[{"href":"https:\/\/inkskin.nl\/fr\/wp-json\/wp\/v2\/product\/2249","targetHints":{"allow":["GET"]}}],"collection":[{"href":"https:\/\/inkskin.nl\/fr\/wp-json\/wp\/v2\/product"}],"about":[{"href":"https:\/\/inkskin.nl\/fr\/wp-json\/wp\/v2\/types\/product"}],"version-history":[{"count":0,"href":"https:\/\/inkskin.nl\/fr\/wp-json\/wp\/v2\/product\/2249\/revisions"}],"wp:featuredmedia":[{"embeddable":true,"href":"https:\/\/inkskin.nl\/fr\/wp-json\/wp\/v2\/media\/1304"}],"wp:attachment":[{"href":"https:\/\/inkskin.nl\/fr\/wp-json\/wp\/v2\/media?parent=2249"}],"wp:term":[{"taxonomy":"product_brand","embeddable":true,"href":"https:\/\/inkskin.nl\/fr\/wp-json\/wp\/v2\/product_brand?post=2249"},{"taxonomy":"product_cat","embeddable":true,"href":"https:\/\/inkskin.nl\/fr\/wp-json\/wp\/v2\/product_cat?post=2249"},{"taxonomy":"product_tag","embeddable":true,"href":"https:\/\/inkskin.nl\/fr\/wp-json\/wp\/v2\/product_tag?post=2249"}],"curies":[{"name":"wp","href":"https:\/\/api.w.org\/{rel}","templated":true}]}}