{"id":2245,"date":"2024-06-04T09:35:43","date_gmt":"2024-06-04T09:35:43","guid":{"rendered":"https:\/\/inkskin.nl\/products\/pochoir-proton-rose-250ml\/"},"modified":"2024-06-04T09:35:43","modified_gmt":"2024-06-04T09:35:43","slug":"pochoir-proton-rose-250ml","status":"publish","type":"product","link":"https:\/\/inkskin.nl\/fr\/products\/pochoir-proton-rose-250ml\/","title":{"rendered":"Pochoir Proton Rose. 250ML"},"content":{"rendered":"<p>Proton Professional Stencil Primer Airless System est une solution qui garantit que votre pochoir reste sur la peau pendant plus de 15 heures. Gr\u00e2ce au syst\u00e8me d&#8217;emballage innovant, l&rsquo;appr\u00eat pour pochoir peut \u00eatre press\u00e9 sans effort, de sorte qu&rsquo;aucune goutte n&rsquo;est perdue.<\/p>\n<p>Il poss\u00e8de une formule unique d\u00e9velopp\u00e9e par Proton Laboratories. La solution pour pochoir cr\u00e9e une fine couche cireuse sur la peau qui maintient le pochoir sans bouger. Le produit est fabriqu\u00e9 en Espagne avec des ingr\u00e9dients de haute qualit\u00e9 et dans le respect de normes d&rsquo;hygi\u00e8ne strictes. Il est 100 % v\u00e9g\u00e9talien.<\/p>\n<p>Vous avez le choix entre trois variantes : Blue, Pink et Black Label (avec un parfum de vanille fum\u00e9e).<\/p>\n","protected":false},"excerpt":{"rendered":"<p>Proton Professional Stencil Primer Airless System est une solution qui garantit que votre pochoir reste sur la peau pendant plus de 15 heures. Gr\u00e2ce au syst\u00e8me d&#8217;emballage innovant, l&rsquo;appr\u00eat pour pochoir peut \u00eatre press\u00e9 sans effort, de sorte qu&rsquo;aucune goutte n&rsquo;est perdue. Il poss\u00e8de une formule unique d\u00e9velopp\u00e9e par Proton Laboratories. La solution pour pochoir [&hellip;]<\/p>\n","protected":false},"featured_media":2007,"template":"","meta":{"_acf_changed":false},"product_brand":[],"product_cat":[207],"product_tag":[],"class_list":{"0":"post-2245","1":"product","2":"type-product","3":"status-publish","4":"has-post-thumbnail","6":"product_cat-fournitures-pour-pochoirs","8":"first","9":"instock","10":"taxable","11":"shipping-taxable","12":"purchasable","13":"product-type-simple"},"ams_default_variation_id":0,"ams_product_points_reward":[],"ams_product_discount_percentage":0,"ams_price_to_display":25,"ams_acf":[],"acf":[],"_links":{"self":[{"href":"https:\/\/inkskin.nl\/fr\/wp-json\/wp\/v2\/product\/2245","targetHints":{"allow":["GET"]}}],"collection":[{"href":"https:\/\/inkskin.nl\/fr\/wp-json\/wp\/v2\/product"}],"about":[{"href":"https:\/\/inkskin.nl\/fr\/wp-json\/wp\/v2\/types\/product"}],"version-history":[{"count":0,"href":"https:\/\/inkskin.nl\/fr\/wp-json\/wp\/v2\/product\/2245\/revisions"}],"wp:featuredmedia":[{"embeddable":true,"href":"https:\/\/inkskin.nl\/fr\/wp-json\/wp\/v2\/media\/2007"}],"wp:attachment":[{"href":"https:\/\/inkskin.nl\/fr\/wp-json\/wp\/v2\/media?parent=2245"}],"wp:term":[{"taxonomy":"product_brand","embeddable":true,"href":"https:\/\/inkskin.nl\/fr\/wp-json\/wp\/v2\/product_brand?post=2245"},{"taxonomy":"product_cat","embeddable":true,"href":"https:\/\/inkskin.nl\/fr\/wp-json\/wp\/v2\/product_cat?post=2245"},{"taxonomy":"product_tag","embeddable":true,"href":"https:\/\/inkskin.nl\/fr\/wp-json\/wp\/v2\/product_tag?post=2245"}],"curies":[{"name":"wp","href":"https:\/\/api.w.org\/{rel}","templated":true}]}}