{"id":2244,"date":"2024-05-06T06:46:34","date_gmt":"2024-05-06T06:46:34","guid":{"rendered":"https:\/\/inkskin.nl\/products\/sterillium-gel-pure-avec-pompe-475ml\/"},"modified":"2024-05-06T06:46:34","modified_gmt":"2024-05-06T06:46:34","slug":"sterillium-gel-pure-avec-pompe-475ml","status":"publish","type":"product","link":"https:\/\/inkskin.nl\/fr\/products\/sterillium-gel-pure-avec-pompe-475ml\/","title":{"rendered":"Sterillium Gel Pure avec pompe 475ml"},"content":{"rendered":"<p>Sterillium\u00ae med avec pompe porte le num\u00e9ro d&rsquo;enregistrement Ctgb 13451N.Large spectre d&rsquo;action incluant une activit\u00e9 virucide compl\u00e8te pendant le temps de trempage pour une d\u00e9sinfection hygi\u00e9nique des mainsAugmente l&rsquo;hydratation de la peau, maintient l&rsquo;\u00e9lasticit\u00e9 et la douceur naturelle de la peauProduit adapt\u00e9 \u00e0 une utilisation tout au long de l&rsquo;ann\u00e9e, avec une efficacit\u00e9 rapide*Tr\u00e8s respectueux de la peauMaintient le niveau de pH naturel de la peauSans colorants ni parfumsAvec un complexe de soin de la peau \u00e9prouv\u00e9*D\u00e9sinfection hygi\u00e9nique des mains (EN 1500) en 30 sec.<\/p>\n","protected":false},"excerpt":{"rendered":"<p>Sterillium\u00ae med avec pompe porte le num\u00e9ro d&rsquo;enregistrement Ctgb 13451N.Large spectre d&rsquo;action incluant une activit\u00e9 virucide compl\u00e8te pendant le temps de trempage pour une d\u00e9sinfection hygi\u00e9nique des mainsAugmente l&rsquo;hydratation de la peau, maintient l&rsquo;\u00e9lasticit\u00e9 et la douceur naturelle de la peauProduit adapt\u00e9 \u00e0 une utilisation tout au long de l&rsquo;ann\u00e9e, avec une efficacit\u00e9 rapide*Tr\u00e8s respectueux [&hellip;]<\/p>\n","protected":false},"featured_media":1842,"template":"","meta":{"_acf_changed":false},"product_brand":[],"product_cat":[193],"product_tag":[],"class_list":{"0":"post-2244","1":"product","2":"type-product","3":"status-publish","4":"has-post-thumbnail","6":"product_cat-article-sur-lhygiene","8":"first","9":"instock","10":"taxable","11":"shipping-taxable","12":"purchasable","13":"product-type-simple"},"ams_default_variation_id":0,"ams_product_points_reward":[],"ams_product_discount_percentage":0,"ams_price_to_display":9,"ams_acf":[],"acf":[],"_links":{"self":[{"href":"https:\/\/inkskin.nl\/fr\/wp-json\/wp\/v2\/product\/2244","targetHints":{"allow":["GET"]}}],"collection":[{"href":"https:\/\/inkskin.nl\/fr\/wp-json\/wp\/v2\/product"}],"about":[{"href":"https:\/\/inkskin.nl\/fr\/wp-json\/wp\/v2\/types\/product"}],"version-history":[{"count":0,"href":"https:\/\/inkskin.nl\/fr\/wp-json\/wp\/v2\/product\/2244\/revisions"}],"wp:featuredmedia":[{"embeddable":true,"href":"https:\/\/inkskin.nl\/fr\/wp-json\/wp\/v2\/media\/1842"}],"wp:attachment":[{"href":"https:\/\/inkskin.nl\/fr\/wp-json\/wp\/v2\/media?parent=2244"}],"wp:term":[{"taxonomy":"product_brand","embeddable":true,"href":"https:\/\/inkskin.nl\/fr\/wp-json\/wp\/v2\/product_brand?post=2244"},{"taxonomy":"product_cat","embeddable":true,"href":"https:\/\/inkskin.nl\/fr\/wp-json\/wp\/v2\/product_cat?post=2244"},{"taxonomy":"product_tag","embeddable":true,"href":"https:\/\/inkskin.nl\/fr\/wp-json\/wp\/v2\/product_tag?post=2244"}],"curies":[{"name":"wp","href":"https:\/\/api.w.org\/{rel}","templated":true}]}}