{"id":2238,"date":"2024-05-06T06:46:35","date_gmt":"2024-05-06T06:46:35","guid":{"rendered":"https:\/\/inkskin.nl\/products\/bode-eurodispenser-1-plus-convient-aux-flacons-de-500-ml-et-475-ml-de-sterillium-et-bactolin\/"},"modified":"2024-05-06T06:46:35","modified_gmt":"2024-05-06T06:46:35","slug":"bode-eurodispenser-1-plus-convient-aux-flacons-de-500-ml-et-475-ml-de-sterillium-et-bactolin","status":"publish","type":"product","link":"https:\/\/inkskin.nl\/fr\/products\/bode-eurodispenser-1-plus-convient-aux-flacons-de-500-ml-et-475-ml-de-sterillium-et-bactolin\/","title":{"rendered":"BODE Eurodispenser 1 plus (convient aux flacons de 500 ml et 475 ml de Sterillium et Bactolin)"},"content":{"rendered":"<p>Distributeur m\u00e9tallique fiable et robuste.<\/p>\n<p>Remplacement facile de la pompe \u00e0 l&rsquo;avant. De nombreuses pi\u00e8ces d\u00e9montables sont enti\u00e8rement autoclavables. Facile \u00e0 installer, m\u00eame avec un espace limit\u00e9. Les flacons sont faciles et rapides \u00e0 changer. Utilisation et nettoyage simples. Quantit\u00e9 de dosage r\u00e9glable d&rsquo;environ 0,75 \u00e0 1,5 ml par op\u00e9ration. mat\u00e9riel de montage, instructions de montage et manuel<\/p>\n","protected":false},"excerpt":{"rendered":"<p>Distributeur m\u00e9tallique fiable et robuste. Remplacement facile de la pompe \u00e0 l&rsquo;avant. De nombreuses pi\u00e8ces d\u00e9montables sont enti\u00e8rement autoclavables. Facile \u00e0 installer, m\u00eame avec un espace limit\u00e9. Les flacons sont faciles et rapides \u00e0 changer. Utilisation et nettoyage simples. Quantit\u00e9 de dosage r\u00e9glable d&rsquo;environ 0,75 \u00e0 1,5 ml par op\u00e9ration. mat\u00e9riel de montage, instructions de [&hellip;]<\/p>\n","protected":false},"featured_media":1838,"template":"","meta":{"_acf_changed":false},"product_brand":[],"product_cat":[193],"product_tag":[],"class_list":{"0":"post-2238","1":"product","2":"type-product","3":"status-publish","4":"has-post-thumbnail","6":"product_cat-article-sur-lhygiene","8":"first","9":"instock","10":"taxable","11":"shipping-taxable","12":"purchasable","13":"product-type-simple"},"ams_default_variation_id":0,"ams_product_points_reward":[],"ams_product_discount_percentage":0,"ams_price_to_display":87.5,"ams_acf":[],"acf":[],"_links":{"self":[{"href":"https:\/\/inkskin.nl\/fr\/wp-json\/wp\/v2\/product\/2238","targetHints":{"allow":["GET"]}}],"collection":[{"href":"https:\/\/inkskin.nl\/fr\/wp-json\/wp\/v2\/product"}],"about":[{"href":"https:\/\/inkskin.nl\/fr\/wp-json\/wp\/v2\/types\/product"}],"version-history":[{"count":0,"href":"https:\/\/inkskin.nl\/fr\/wp-json\/wp\/v2\/product\/2238\/revisions"}],"wp:featuredmedia":[{"embeddable":true,"href":"https:\/\/inkskin.nl\/fr\/wp-json\/wp\/v2\/media\/1838"}],"wp:attachment":[{"href":"https:\/\/inkskin.nl\/fr\/wp-json\/wp\/v2\/media?parent=2238"}],"wp:term":[{"taxonomy":"product_brand","embeddable":true,"href":"https:\/\/inkskin.nl\/fr\/wp-json\/wp\/v2\/product_brand?post=2238"},{"taxonomy":"product_cat","embeddable":true,"href":"https:\/\/inkskin.nl\/fr\/wp-json\/wp\/v2\/product_cat?post=2238"},{"taxonomy":"product_tag","embeddable":true,"href":"https:\/\/inkskin.nl\/fr\/wp-json\/wp\/v2\/product_tag?post=2238"}],"curies":[{"name":"wp","href":"https:\/\/api.w.org\/{rel}","templated":true}]}}