{"id":2233,"date":"2024-05-06T06:46:32","date_gmt":"2024-05-06T06:46:32","guid":{"rendered":"https:\/\/inkskin.nl\/products\/sterillium-med-1-litre\/"},"modified":"2024-05-06T06:46:32","modified_gmt":"2024-05-06T06:46:32","slug":"sterillium-med-1-litre","status":"publish","type":"product","link":"https:\/\/inkskin.nl\/fr\/products\/sterillium-med-1-litre\/","title":{"rendered":"Sterillium Med 1 litre"},"content":{"rendered":"<p>Sterillium\u00ae med est enregistr\u00e9 aupr\u00e8s de la Ctgb sous le num\u00e9ro 13451N spectre d&rsquo;action incluant une activit\u00e9 virucide compl\u00e8te pendant le temps de trempage pour une d\u00e9sinfection hygi\u00e9nique des mainsAugmente l&rsquo;hydratation de la peau, maintient l&rsquo;\u00e9lasticit\u00e9 et la douceur naturelle de la peauProduit adapt\u00e9 \u00e0 une utilisation tout au long de l&rsquo;ann\u00e9e, avec une efficacit\u00e9 rapide*Tr\u00e8s respectueux de la peauMaintient le niveau de pH naturel de la peauSans colorants ni parfumsAvec un complexe de soin de la peau \u00e9prouv\u00e9*D\u00e9sinfection hygi\u00e9nique des mains (EN 1500) en 30 sec.<\/p>\n","protected":false},"excerpt":{"rendered":"<p>Sterillium\u00ae med est enregistr\u00e9 aupr\u00e8s de la Ctgb sous le num\u00e9ro 13451N spectre d&rsquo;action incluant une activit\u00e9 virucide compl\u00e8te pendant le temps de trempage pour une d\u00e9sinfection hygi\u00e9nique des mainsAugmente l&rsquo;hydratation de la peau, maintient l&rsquo;\u00e9lasticit\u00e9 et la douceur naturelle de la peauProduit adapt\u00e9 \u00e0 une utilisation tout au long de l&rsquo;ann\u00e9e, avec une efficacit\u00e9 [&hellip;]<\/p>\n","protected":false},"featured_media":1841,"template":"","meta":{"_acf_changed":false},"product_brand":[],"product_cat":[193],"product_tag":[],"class_list":{"0":"post-2233","1":"product","2":"type-product","3":"status-publish","4":"has-post-thumbnail","6":"product_cat-article-sur-lhygiene","8":"first","9":"instock","10":"taxable","11":"shipping-taxable","12":"purchasable","13":"product-type-simple"},"ams_default_variation_id":0,"ams_product_points_reward":[],"ams_product_discount_percentage":0,"ams_price_to_display":11.5,"ams_acf":[],"acf":[],"_links":{"self":[{"href":"https:\/\/inkskin.nl\/fr\/wp-json\/wp\/v2\/product\/2233","targetHints":{"allow":["GET"]}}],"collection":[{"href":"https:\/\/inkskin.nl\/fr\/wp-json\/wp\/v2\/product"}],"about":[{"href":"https:\/\/inkskin.nl\/fr\/wp-json\/wp\/v2\/types\/product"}],"version-history":[{"count":0,"href":"https:\/\/inkskin.nl\/fr\/wp-json\/wp\/v2\/product\/2233\/revisions"}],"wp:featuredmedia":[{"embeddable":true,"href":"https:\/\/inkskin.nl\/fr\/wp-json\/wp\/v2\/media\/1841"}],"wp:attachment":[{"href":"https:\/\/inkskin.nl\/fr\/wp-json\/wp\/v2\/media?parent=2233"}],"wp:term":[{"taxonomy":"product_brand","embeddable":true,"href":"https:\/\/inkskin.nl\/fr\/wp-json\/wp\/v2\/product_brand?post=2233"},{"taxonomy":"product_cat","embeddable":true,"href":"https:\/\/inkskin.nl\/fr\/wp-json\/wp\/v2\/product_cat?post=2233"},{"taxonomy":"product_tag","embeddable":true,"href":"https:\/\/inkskin.nl\/fr\/wp-json\/wp\/v2\/product_tag?post=2233"}],"curies":[{"name":"wp","href":"https:\/\/api.w.org\/{rel}","templated":true}]}}