{"id":2230,"date":"2024-05-06T06:46:32","date_gmt":"2024-05-06T06:46:32","guid":{"rendered":"https:\/\/inkskin.nl\/products\/gel-sterillium-pur-100ml\/"},"modified":"2024-05-06T06:46:32","modified_gmt":"2024-05-06T06:46:32","slug":"gel-sterillium-pur-100ml","status":"publish","type":"product","link":"https:\/\/inkskin.nl\/fr\/products\/gel-sterillium-pur-100ml\/","title":{"rendered":"Gel Sterillium pur 100ml"},"content":{"rendered":"<p>Sterillium\u00ae Gel pur porte le num\u00e9ro d&rsquo;enregistrement Ctgb 14408N.Large spectre d&rsquo;action contre les bact\u00e9ries, les champignons et les virusInclut l&rsquo;efficacit\u00e9 contre les norovirus* pendant le temps de trempage pour une d\u00e9sinfection hygi\u00e9nique des mainsAugmente l&rsquo;hydratation de la peau lors d&rsquo;une utilisation r\u00e9guli\u00e8re 1)Est tr\u00e8s bien tol\u00e9r\u00e9 par la peau, m\u00eame en cas d&rsquo;utilisation prolong\u00e9eExcellente action imm\u00e9diateSans colorants ni parfums<\/p>\n","protected":false},"excerpt":{"rendered":"<p>Sterillium\u00ae Gel pur porte le num\u00e9ro d&rsquo;enregistrement Ctgb 14408N.Large spectre d&rsquo;action contre les bact\u00e9ries, les champignons et les virusInclut l&rsquo;efficacit\u00e9 contre les norovirus* pendant le temps de trempage pour une d\u00e9sinfection hygi\u00e9nique des mainsAugmente l&rsquo;hydratation de la peau lors d&rsquo;une utilisation r\u00e9guli\u00e8re 1)Est tr\u00e8s bien tol\u00e9r\u00e9 par la peau, m\u00eame en cas d&rsquo;utilisation prolong\u00e9eExcellente action [&hellip;]<\/p>\n","protected":false},"featured_media":1845,"template":"","meta":{"_acf_changed":false},"product_brand":[],"product_cat":[193],"product_tag":[],"class_list":{"0":"post-2230","1":"product","2":"type-product","3":"status-publish","4":"has-post-thumbnail","6":"product_cat-article-sur-lhygiene","8":"first","9":"instock","10":"taxable","11":"shipping-taxable","12":"purchasable","13":"product-type-simple"},"ams_default_variation_id":0,"ams_product_points_reward":[],"ams_product_discount_percentage":0,"ams_price_to_display":3.75,"ams_acf":[],"acf":[],"_links":{"self":[{"href":"https:\/\/inkskin.nl\/fr\/wp-json\/wp\/v2\/product\/2230","targetHints":{"allow":["GET"]}}],"collection":[{"href":"https:\/\/inkskin.nl\/fr\/wp-json\/wp\/v2\/product"}],"about":[{"href":"https:\/\/inkskin.nl\/fr\/wp-json\/wp\/v2\/types\/product"}],"version-history":[{"count":0,"href":"https:\/\/inkskin.nl\/fr\/wp-json\/wp\/v2\/product\/2230\/revisions"}],"wp:featuredmedia":[{"embeddable":true,"href":"https:\/\/inkskin.nl\/fr\/wp-json\/wp\/v2\/media\/1845"}],"wp:attachment":[{"href":"https:\/\/inkskin.nl\/fr\/wp-json\/wp\/v2\/media?parent=2230"}],"wp:term":[{"taxonomy":"product_brand","embeddable":true,"href":"https:\/\/inkskin.nl\/fr\/wp-json\/wp\/v2\/product_brand?post=2230"},{"taxonomy":"product_cat","embeddable":true,"href":"https:\/\/inkskin.nl\/fr\/wp-json\/wp\/v2\/product_cat?post=2230"},{"taxonomy":"product_tag","embeddable":true,"href":"https:\/\/inkskin.nl\/fr\/wp-json\/wp\/v2\/product_tag?post=2230"}],"curies":[{"name":"wp","href":"https:\/\/api.w.org\/{rel}","templated":true}]}}