{"id":2227,"date":"2024-05-06T06:46:31","date_gmt":"2024-05-06T06:46:31","guid":{"rendered":"https:\/\/inkskin.nl\/products\/bavoirs-dentaires-noirs-125-unites\/"},"modified":"2024-05-06T06:46:31","modified_gmt":"2024-05-06T06:46:31","slug":"bavoirs-dentaires-noirs-125-unites","status":"publish","type":"product","link":"https:\/\/inkskin.nl\/fr\/products\/bavoirs-dentaires-noirs-125-unites\/","title":{"rendered":"Bavoirs dentaires noirs. 125 unit\u00e9s"},"content":{"rendered":"<p>Dental Bib, Id\u00e9al pendant le processus de tatouage.<\/p>\n<p>Il ne s&rsquo;agit pas seulement d&rsquo;une excellente surface de travail. Gr\u00e2ce \u00e0 la couche non perm\u00e9able \u00e0 l&rsquo;humidit\u00e9, vous n&rsquo;avez pas \u00e0 vous soucier des taches ou des fuites, ce qui vous permet de vous concentrer pleinement sur votre travail. Le dossard dentaire assure un environnement de travail hygi\u00e9nique et professionnel.<\/p>\n<p><strong>Comment le dossard dentaire peut-il contribuer \u00e0 maintenir un environnement de travail hygi\u00e9nique ?<\/strong><\/p>\n<p>Le Dental Bib est dot\u00e9 d&rsquo;une couche non perm\u00e9able \u00e0 l&rsquo;humidit\u00e9 qui emp\u00eache les taches ou les fuites d&rsquo;atteindre la surface de travail. Cela permet aux tatoueurs de se concentrer pleinement sur leur travail sans se soucier des questions d&rsquo;hygi\u00e8ne.<\/p>\n<p><strong>Le Dental Bib convient-il \u00e0 tous les salons de tatouage ?<\/strong><\/p>\n<p>Oui, le Dental Bib convient \u00e0 tous les salons de tatouage. Il offre un environnement de travail hygi\u00e9nique et professionnel pour toutes les proc\u00e9dures. C&rsquo;est un produit \u00e0 ne pas manquer dans tous les studios.<\/p>\n","protected":false},"excerpt":{"rendered":"<p>Dental Bib, Id\u00e9al pendant le processus de tatouage. Il ne s&rsquo;agit pas seulement d&rsquo;une excellente surface de travail. Gr\u00e2ce \u00e0 la couche non perm\u00e9able \u00e0 l&rsquo;humidit\u00e9, vous n&rsquo;avez pas \u00e0 vous soucier des taches ou des fuites, ce qui vous permet de vous concentrer pleinement sur votre travail. Le dossard dentaire assure un environnement de [&hellip;]<\/p>\n","protected":false},"featured_media":1740,"template":"","meta":{"_acf_changed":false},"product_brand":[],"product_cat":[193],"product_tag":[],"class_list":{"0":"post-2227","1":"product","2":"type-product","3":"status-publish","4":"has-post-thumbnail","6":"product_cat-article-sur-lhygiene","8":"first","9":"instock","10":"taxable","11":"shipping-taxable","12":"purchasable","13":"product-type-simple"},"ams_default_variation_id":0,"ams_product_points_reward":[],"ams_product_discount_percentage":0,"ams_price_to_display":7.5,"ams_acf":[],"acf":[],"_links":{"self":[{"href":"https:\/\/inkskin.nl\/fr\/wp-json\/wp\/v2\/product\/2227","targetHints":{"allow":["GET"]}}],"collection":[{"href":"https:\/\/inkskin.nl\/fr\/wp-json\/wp\/v2\/product"}],"about":[{"href":"https:\/\/inkskin.nl\/fr\/wp-json\/wp\/v2\/types\/product"}],"version-history":[{"count":0,"href":"https:\/\/inkskin.nl\/fr\/wp-json\/wp\/v2\/product\/2227\/revisions"}],"wp:featuredmedia":[{"embeddable":true,"href":"https:\/\/inkskin.nl\/fr\/wp-json\/wp\/v2\/media\/1740"}],"wp:attachment":[{"href":"https:\/\/inkskin.nl\/fr\/wp-json\/wp\/v2\/media?parent=2227"}],"wp:term":[{"taxonomy":"product_brand","embeddable":true,"href":"https:\/\/inkskin.nl\/fr\/wp-json\/wp\/v2\/product_brand?post=2227"},{"taxonomy":"product_cat","embeddable":true,"href":"https:\/\/inkskin.nl\/fr\/wp-json\/wp\/v2\/product_cat?post=2227"},{"taxonomy":"product_tag","embeddable":true,"href":"https:\/\/inkskin.nl\/fr\/wp-json\/wp\/v2\/product_tag?post=2227"}],"curies":[{"name":"wp","href":"https:\/\/api.w.org\/{rel}","templated":true}]}}