{"id":2224,"date":"2024-05-06T06:46:31","date_gmt":"2024-05-06T06:46:31","guid":{"rendered":"https:\/\/inkskin.nl\/products\/griptape-camouflage-par-12-pieces\/"},"modified":"2024-05-06T06:46:31","modified_gmt":"2024-05-06T06:46:31","slug":"griptape-camouflage-par-12-pieces","status":"publish","type":"product","link":"https:\/\/inkskin.nl\/fr\/products\/griptape-camouflage-par-12-pieces\/","title":{"rendered":"Griptape Camouflage par 12 pi\u00e8ces."},"content":{"rendered":"<p>Ruban adh\u00e9sif de 5 cm de largeLes rubans adh\u00e9sifs sont pratiques pour l&rsquo;utilisation de la machine \u00e0 tatouer et assurent une prise en main optimale. Ils sont particuli\u00e8rement s\u00fbrs sur les surfaces lisses. Un bon ajustement est assur\u00e9 par l&rsquo;auto-adh\u00e9sion (sans coller). Les bandages r\u00e9duisent \u00e9galement l&rsquo;effort de nettoyage de la machine \u00e0 tatouer. Les bandages de pr\u00e9hension sont emball\u00e9s individuellement, 12 par bo\u00eete.<\/p>\n","protected":false},"excerpt":{"rendered":"<p>Ruban adh\u00e9sif de 5 cm de largeLes rubans adh\u00e9sifs sont pratiques pour l&rsquo;utilisation de la machine \u00e0 tatouer et assurent une prise en main optimale. Ils sont particuli\u00e8rement s\u00fbrs sur les surfaces lisses. Un bon ajustement est assur\u00e9 par l&rsquo;auto-adh\u00e9sion (sans coller). Les bandages r\u00e9duisent \u00e9galement l&rsquo;effort de nettoyage de la machine \u00e0 tatouer. Les [&hellip;]<\/p>\n","protected":false},"featured_media":1846,"template":"","meta":{"_acf_changed":false},"product_brand":[],"product_cat":[15],"product_tag":[],"class_list":{"0":"post-2224","1":"product","2":"type-product","3":"status-publish","4":"has-post-thumbnail","6":"product_cat-uncategorized","8":"first","9":"instock","10":"taxable","11":"shipping-taxable","12":"purchasable","13":"product-type-simple"},"ams_default_variation_id":0,"ams_product_points_reward":[],"ams_product_discount_percentage":0,"ams_price_to_display":22.5,"ams_acf":[],"acf":[],"_links":{"self":[{"href":"https:\/\/inkskin.nl\/fr\/wp-json\/wp\/v2\/product\/2224","targetHints":{"allow":["GET"]}}],"collection":[{"href":"https:\/\/inkskin.nl\/fr\/wp-json\/wp\/v2\/product"}],"about":[{"href":"https:\/\/inkskin.nl\/fr\/wp-json\/wp\/v2\/types\/product"}],"version-history":[{"count":0,"href":"https:\/\/inkskin.nl\/fr\/wp-json\/wp\/v2\/product\/2224\/revisions"}],"wp:featuredmedia":[{"embeddable":true,"href":"https:\/\/inkskin.nl\/fr\/wp-json\/wp\/v2\/media\/1846"}],"wp:attachment":[{"href":"https:\/\/inkskin.nl\/fr\/wp-json\/wp\/v2\/media?parent=2224"}],"wp:term":[{"taxonomy":"product_brand","embeddable":true,"href":"https:\/\/inkskin.nl\/fr\/wp-json\/wp\/v2\/product_brand?post=2224"},{"taxonomy":"product_cat","embeddable":true,"href":"https:\/\/inkskin.nl\/fr\/wp-json\/wp\/v2\/product_cat?post=2224"},{"taxonomy":"product_tag","embeddable":true,"href":"https:\/\/inkskin.nl\/fr\/wp-json\/wp\/v2\/product_tag?post=2224"}],"curies":[{"name":"wp","href":"https:\/\/api.w.org\/{rel}","templated":true}]}}