{"id":2171,"date":"2024-05-06T06:46:16","date_gmt":"2024-05-06T06:46:16","guid":{"rendered":"https:\/\/inkskin.nl\/products\/radiant-evolved-rotterdam-mixing-white-30ml-reach\/"},"modified":"2024-05-06T06:46:16","modified_gmt":"2024-05-06T06:46:16","slug":"radiant-evolved-rotterdam-mixing-white-30ml-reach","status":"publish","type":"product","link":"https:\/\/inkskin.nl\/fr\/products\/radiant-evolved-rotterdam-mixing-white-30ml-reach\/","title":{"rendered":"Radiant Evolved Rotterdam mixing White 30ml. REACH"},"content":{"rendered":"<p>Radiant Colors vous propose une gamme de couleurs r\u00e9volutionnaires d\u00e9velopp\u00e9es sp\u00e9cifiquement pour le tatouage conform\u00e9ment aux directives de l&rsquo;UE (REACH).Les couleurs sont fabriqu\u00e9es en collaboration avec certains des artistes tatoueurs les plus renomm\u00e9s du monde entier et vous offrent une excellente combinaison de qualit\u00e9, de durabilit\u00e9 et de clart\u00e9.Les encres de tatouage sont st\u00e9rilis\u00e9es et sont faciles \u00e0 appliquer sur la peau.Elles sont fabriqu\u00e9es \u00e0 partir de pigments purs, non coup\u00e9s et homog\u00e9n\u00e9is\u00e9s. Ce m\u00e9lange garantit une couleur robuste et durable.- Conforme \u00e0 REACH- R\u00e9pond \u00e0 toutes les exigences de l&rsquo;UE- V\u00e9g\u00e9talien- Fabriqu\u00e9 aux \u00c9tats-Unis- Contenu : 30ml<\/p>\n","protected":false},"excerpt":{"rendered":"<p>Radiant Colors vous propose une gamme de couleurs r\u00e9volutionnaires d\u00e9velopp\u00e9es sp\u00e9cifiquement pour le tatouage conform\u00e9ment aux directives de l&rsquo;UE (REACH).Les couleurs sont fabriqu\u00e9es en collaboration avec certains des artistes tatoueurs les plus renomm\u00e9s du monde entier et vous offrent une excellente combinaison de qualit\u00e9, de durabilit\u00e9 et de clart\u00e9.Les encres de tatouage sont st\u00e9rilis\u00e9es et [&hellip;]<\/p>\n","protected":false},"featured_media":2173,"template":"","meta":{"_acf_changed":false},"product_brand":[],"product_cat":[224],"product_tag":[],"class_list":{"0":"post-2171","1":"product","2":"type-product","3":"status-publish","4":"has-post-thumbnail","6":"product_cat-non-classe","8":"first","9":"instock","10":"taxable","11":"shipping-taxable","12":"purchasable","13":"product-type-simple"},"ams_default_variation_id":0,"ams_product_points_reward":[],"ams_product_discount_percentage":0,"ams_price_to_display":22.2,"ams_acf":[],"acf":[],"_links":{"self":[{"href":"https:\/\/inkskin.nl\/fr\/wp-json\/wp\/v2\/product\/2171","targetHints":{"allow":["GET"]}}],"collection":[{"href":"https:\/\/inkskin.nl\/fr\/wp-json\/wp\/v2\/product"}],"about":[{"href":"https:\/\/inkskin.nl\/fr\/wp-json\/wp\/v2\/types\/product"}],"version-history":[{"count":0,"href":"https:\/\/inkskin.nl\/fr\/wp-json\/wp\/v2\/product\/2171\/revisions"}],"wp:featuredmedia":[{"embeddable":true,"href":"https:\/\/inkskin.nl\/fr\/wp-json\/wp\/v2\/media\/2173"}],"wp:attachment":[{"href":"https:\/\/inkskin.nl\/fr\/wp-json\/wp\/v2\/media?parent=2171"}],"wp:term":[{"taxonomy":"product_brand","embeddable":true,"href":"https:\/\/inkskin.nl\/fr\/wp-json\/wp\/v2\/product_brand?post=2171"},{"taxonomy":"product_cat","embeddable":true,"href":"https:\/\/inkskin.nl\/fr\/wp-json\/wp\/v2\/product_cat?post=2171"},{"taxonomy":"product_tag","embeddable":true,"href":"https:\/\/inkskin.nl\/fr\/wp-json\/wp\/v2\/product_tag?post=2171"}],"curies":[{"name":"wp","href":"https:\/\/api.w.org\/{rel}","templated":true}]}}