{"id":2159,"date":"2024-05-06T06:46:11","date_gmt":"2024-05-06T06:46:11","guid":{"rendered":"https:\/\/inkskin.nl\/products\/cheyenne-hawk-flex-grip-22mm-noir\/"},"modified":"2024-05-06T06:46:11","modified_gmt":"2024-05-06T06:46:11","slug":"cheyenne-hawk-flex-grip-22mm-noir","status":"publish","type":"product","link":"https:\/\/inkskin.nl\/fr\/products\/cheyenne-hawk-flex-grip-22mm-noir\/","title":{"rendered":"Cheyenne Hawk Flex Grip 22mm (noir)"},"content":{"rendered":"<p>Les Cheyenne Flex Grips sont con\u00e7us pour que vous puissiez utiliser le syst\u00e8me de cartouches de tatouage Cheyenne avec toutes les machines de tatouage \u00e0 bobine et rotatives. Ces pinces pour cartouches de tatouage sont disponibles en deux tailles diff\u00e9rentes &#8211; S : 22,0 mm et M : 25,4 mm.Toutes les cartouches utilisables peuvent \u00eatre utilis\u00e9es avec cette pince.Sp\u00e9cifications:Barre d&rsquo;aiguille : incluseMat\u00e9riau : aluminiumProfondeur d&rsquo;aiguille : 0 &#8211; 4,0 mmFabriqu\u00e9 en Allemagne LES POIGN\u00c9ES FLEXIBLES POUR CARTOUCHES DE TATOUAGE POUR TOUTES LES MACHINES DE TATOUAGEAvec ces pinces pour cartouches de tatouage, il n&rsquo;est pas n\u00e9cessaire d&rsquo;installer plusieurs machines pour chaque s\u00e9ance. Au fur et \u00e0 mesure de votre travail, vous pouvez facilement changer les cartouches de tatouage. Vous pouvez r\u00e9gler confortablement la profondeur de l&rsquo;aiguille \u00e0 l&rsquo;aide du manchon rotatif. Cette pince \u00e0 tatouer est livr\u00e9e avec une barre \u00e0 aiguille et peut \u00eatre install\u00e9e imm\u00e9diatement.<\/p>\n","protected":false},"excerpt":{"rendered":"<p>Les Cheyenne Flex Grips sont con\u00e7us pour que vous puissiez utiliser le syst\u00e8me de cartouches de tatouage Cheyenne avec toutes les machines de tatouage \u00e0 bobine et rotatives. Ces pinces pour cartouches de tatouage sont disponibles en deux tailles diff\u00e9rentes &#8211; S : 22,0 mm et M : 25,4 mm.Toutes les cartouches utilisables peuvent \u00eatre [&hellip;]<\/p>\n","protected":false},"featured_media":1745,"template":"","meta":{"_acf_changed":false},"product_brand":[],"product_cat":[189],"product_tag":[],"class_list":{"0":"post-2159","1":"product","2":"type-product","3":"status-publish","4":"has-post-thumbnail","6":"product_cat-machine-a-tatouer","8":"first","9":"instock","10":"taxable","11":"shipping-taxable","12":"purchasable","13":"product-type-simple"},"ams_default_variation_id":0,"ams_product_points_reward":[],"ams_product_discount_percentage":0,"ams_price_to_display":149,"ams_acf":[],"acf":[],"_links":{"self":[{"href":"https:\/\/inkskin.nl\/fr\/wp-json\/wp\/v2\/product\/2159","targetHints":{"allow":["GET"]}}],"collection":[{"href":"https:\/\/inkskin.nl\/fr\/wp-json\/wp\/v2\/product"}],"about":[{"href":"https:\/\/inkskin.nl\/fr\/wp-json\/wp\/v2\/types\/product"}],"version-history":[{"count":0,"href":"https:\/\/inkskin.nl\/fr\/wp-json\/wp\/v2\/product\/2159\/revisions"}],"wp:featuredmedia":[{"embeddable":true,"href":"https:\/\/inkskin.nl\/fr\/wp-json\/wp\/v2\/media\/1745"}],"wp:attachment":[{"href":"https:\/\/inkskin.nl\/fr\/wp-json\/wp\/v2\/media?parent=2159"}],"wp:term":[{"taxonomy":"product_brand","embeddable":true,"href":"https:\/\/inkskin.nl\/fr\/wp-json\/wp\/v2\/product_brand?post=2159"},{"taxonomy":"product_cat","embeddable":true,"href":"https:\/\/inkskin.nl\/fr\/wp-json\/wp\/v2\/product_cat?post=2159"},{"taxonomy":"product_tag","embeddable":true,"href":"https:\/\/inkskin.nl\/fr\/wp-json\/wp\/v2\/product_tag?post=2159"}],"curies":[{"name":"wp","href":"https:\/\/api.w.org\/{rel}","templated":true}]}}