{"id":2146,"date":"2024-03-27T09:53:06","date_gmt":"2024-03-27T09:53:06","guid":{"rendered":"https:\/\/inkskin.nl\/products\/baume-micro-sourcils-10-gr\/"},"modified":"2024-03-27T09:53:06","modified_gmt":"2024-03-27T09:53:06","slug":"baume-micro-sourcils-10-gr","status":"publish","type":"product","link":"https:\/\/inkskin.nl\/fr\/products\/baume-micro-sourcils-10-gr\/","title":{"rendered":"Baume Micro Sourcils 10 gr"},"content":{"rendered":"<p>Vous \u00eates \u00e0 la recherche d&rsquo;un produit qui soigne votre peau de mani\u00e8re optimale apr\u00e8s la pose d&rsquo;un maquillage permanent ? Dans ce cas, notre baume micro sourcils est le choix id\u00e9al pour vous ! Ce baume 100 % v\u00e9g\u00e9talien est sp\u00e9cialement con\u00e7u pour favoriser le r\u00e9tablissement de la peau autour de vos sourcils. Le baume a non seulement un effet rafra\u00eechissant, mais il veille \u00e9galement \u00e0 ce que votre peau soit de nouveau en pleine forme apr\u00e8s le traitement. Que vous veniez de vous faire appliquer un maquillage permanent ou que vous le portiez depuis un certain temps, notre Balm Micro Eyebrow convient \u00e0 toutes les \u00e9tapes du processus de restauration. Faites briller vos sourcils et donnez-leur le soin qu&rsquo;ils m\u00e9ritent avec notre Baume Micro Sourcils !<\/p>\n<p><strong>Comment fonctionne le Balm Micro Eyebrow ?<\/strong><\/p>\n<p>Le Baume Micro Sourcils est sp\u00e9cialement con\u00e7u pour prendre soin de la peau autour de vos sourcils apr\u00e8s la pose d&rsquo;un maquillage permanent. Il a un effet rafra\u00eechissant et redonne \u00e0 la peau un \u00e9tat optimal apr\u00e8s le traitement.<\/p>\n<p><strong>Le Balm Micro Eyebrow convient-il \u00e0 toutes les \u00e9tapes du processus de r\u00e9paration ?<\/strong><\/p>\n<p>Oui, le Balm Micro Eyebrow convient \u00e0 la fois imm\u00e9diatement apr\u00e8s la pose du maquillage permanent et plus tard dans le processus de r\u00e9cup\u00e9ration. Que vous veniez de vous faire maquiller ou que vous le fassiez depuis longtemps, ce baume convient \u00e0 toutes les \u00e9tapes.<\/p>\n<p><strong>Le Balm Micro Eyebrow est-il un produit v\u00e9g\u00e9talien ?<\/strong><\/p>\n<p>Oui, le Balm Micro Eyebrow est 100% v\u00e9g\u00e9talien. Il a \u00e9t\u00e9 sp\u00e9cialement con\u00e7u pour r\u00e9pondre aux besoins des v\u00e9g\u00e9taliens, tout en apportant un soin optimal \u00e0 la peau de vos sourcils.<\/p>\n","protected":false},"excerpt":{"rendered":"<p>Vous \u00eates \u00e0 la recherche d&rsquo;un produit qui soigne votre peau de mani\u00e8re optimale apr\u00e8s la pose d&rsquo;un maquillage permanent ? Dans ce cas, notre baume micro sourcils est le choix id\u00e9al pour vous ! Ce baume 100 % v\u00e9g\u00e9talien est sp\u00e9cialement con\u00e7u pour favoriser le r\u00e9tablissement de la peau autour de vos sourcils. Le [&hellip;]<\/p>\n","protected":false},"featured_media":1278,"template":"","meta":{"_acf_changed":false},"product_brand":[],"product_cat":[200,199],"product_tag":[201,205],"class_list":{"0":"post-2146","1":"product","2":"type-product","3":"status-publish","4":"has-post-thumbnail","6":"product_cat-baume-tatouage","7":"product_cat-postcure","8":"product_tag-baume-apres-vente","9":"product_tag-creme-de-soin","11":"first","12":"instock","13":"taxable","14":"shipping-taxable","15":"purchasable","16":"product-type-simple"},"ams_default_variation_id":0,"ams_product_points_reward":[],"ams_product_discount_percentage":0,"ams_price_to_display":8.25,"ams_acf":[],"acf":[],"_links":{"self":[{"href":"https:\/\/inkskin.nl\/fr\/wp-json\/wp\/v2\/product\/2146","targetHints":{"allow":["GET"]}}],"collection":[{"href":"https:\/\/inkskin.nl\/fr\/wp-json\/wp\/v2\/product"}],"about":[{"href":"https:\/\/inkskin.nl\/fr\/wp-json\/wp\/v2\/types\/product"}],"version-history":[{"count":0,"href":"https:\/\/inkskin.nl\/fr\/wp-json\/wp\/v2\/product\/2146\/revisions"}],"wp:featuredmedia":[{"embeddable":true,"href":"https:\/\/inkskin.nl\/fr\/wp-json\/wp\/v2\/media\/1278"}],"wp:attachment":[{"href":"https:\/\/inkskin.nl\/fr\/wp-json\/wp\/v2\/media?parent=2146"}],"wp:term":[{"taxonomy":"product_brand","embeddable":true,"href":"https:\/\/inkskin.nl\/fr\/wp-json\/wp\/v2\/product_brand?post=2146"},{"taxonomy":"product_cat","embeddable":true,"href":"https:\/\/inkskin.nl\/fr\/wp-json\/wp\/v2\/product_cat?post=2146"},{"taxonomy":"product_tag","embeddable":true,"href":"https:\/\/inkskin.nl\/fr\/wp-json\/wp\/v2\/product_tag?post=2146"}],"curies":[{"name":"wp","href":"https:\/\/api.w.org\/{rel}","templated":true}]}}