{"id":2145,"date":"2024-03-27T09:53:05","date_gmt":"2024-03-27T09:53:05","guid":{"rendered":"https:\/\/inkskin.nl\/products\/balm-tattoo-body-lotion-colour-maintenance-250-ml\/"},"modified":"2024-03-27T09:53:05","modified_gmt":"2024-03-27T09:53:05","slug":"balm-tattoo-body-lotion-colour-maintenance-250-ml","status":"publish","type":"product","link":"https:\/\/inkskin.nl\/fr\/products\/balm-tattoo-body-lotion-colour-maintenance-250-ml\/","title":{"rendered":"Balm Tattoo Body Lotion Colour Maintenance 250 ml"},"content":{"rendered":"<p>Dorlotez votre tatouage avec la lotion corporelle Balm Tattoo Colour Maintenance ! Cette lotion 100% v\u00e9g\u00e9talienne est non seulement intens\u00e9ment hydratante, mais aussi thermale. D&rsquo;une texture l\u00e9g\u00e8re et agr\u00e9able, cette lotion est parfaite pour un usage quotidien sur le corps et le visage.  <\/p>\n<p>  Cette lotion est sp\u00e9cialement con\u00e7ue pour prot\u00e9ger, pr\u00e9server et raviver les couleurs et les reflets de votre tatouage. Avec des ingr\u00e9dients actifs contre la pollution, de l&rsquo;eau de source pure et des antioxydants naturels, votre tatouage sera soign\u00e9 de mani\u00e8re professionnelle.  <\/p>\n<p>  Avec un facteur d&rsquo;hydratation de pas moins de +72 heures, vous \u00eates assur\u00e9 d&rsquo;une hydratation de longue dur\u00e9e. Donnez \u00e0 votre tatouage le soin qu&rsquo;il m\u00e9rite avec cette lotion \u00e9tonnante. Sentez-vous confiant et radieux avec la lotion corporelle Balm Tattoo Colour Maintenance !<\/p>\n<p><strong>Qu&rsquo;est-ce qui rend la lotion corporelle Balm Tattoo Colour Maintenance unique par rapport aux autres lotions ?<\/strong><br \/>\n  The Balm Tattoo Body Lotion Colour Maintenance est unique car il est sp\u00e9cialement con\u00e7u pour prot\u00e9ger, pr\u00e9server et raviver les tatouages. Il contient des ingr\u00e9dients actifs contre la pollution, de l&rsquo;eau de source pure et des antioxydants naturels pour soigner votre tatouage de mani\u00e8re professionnelle.<\/p>\n<p><strong>Pouvez-vous utiliser la lotion pour le corps Balm Tattoo Colour Maintenance sur votre corps et votre visage ?<\/strong><br \/>\n  Oui, la lotion pour le corps Balm Tattoo Colour Maintenance est parfaite pour une utilisation quotidienne sur le corps et le visage. Sa texture l\u00e9g\u00e8re et agr\u00e9able permet de l&rsquo;utiliser sur les deux parties du corps.<\/p>\n<p><strong>Combien de temps dure l&rsquo;hydratation de la lotion corporelle Balm Tattoo Colour Maintenance ?<\/strong><br \/>\n  Le facteur d&rsquo;hydratation de la lotion corporelle Balm Tattoo Colour Maintenance est de 72 heures. Cela signifie que vous avez la garantie d&rsquo;une hydratation \u00e0 long terme, ce qui permet \u00e0 votre tatouage de rester soign\u00e9.<\/p>\n","protected":false},"excerpt":{"rendered":"<p>Dorlotez votre tatouage avec la lotion corporelle Balm Tattoo Colour Maintenance ! Cette lotion 100% v\u00e9g\u00e9talienne est non seulement intens\u00e9ment hydratante, mais aussi thermale. D&rsquo;une texture l\u00e9g\u00e8re et agr\u00e9able, cette lotion est parfaite pour un usage quotidien sur le corps et le visage. Cette lotion est sp\u00e9cialement con\u00e7ue pour prot\u00e9ger, pr\u00e9server et raviver les couleurs [&hellip;]<\/p>\n","protected":false},"featured_media":1282,"template":"","meta":{"_acf_changed":false},"product_brand":[],"product_cat":[200,199],"product_tag":[201],"class_list":{"0":"post-2145","1":"product","2":"type-product","3":"status-publish","4":"has-post-thumbnail","6":"product_cat-baume-tatouage","7":"product_cat-postcure","8":"product_tag-baume-apres-vente","10":"first","11":"instock","12":"taxable","13":"shipping-taxable","14":"purchasable","15":"product-type-simple"},"ams_default_variation_id":0,"ams_product_points_reward":[],"ams_product_discount_percentage":0,"ams_price_to_display":11,"ams_acf":[],"acf":[],"_links":{"self":[{"href":"https:\/\/inkskin.nl\/fr\/wp-json\/wp\/v2\/product\/2145","targetHints":{"allow":["GET"]}}],"collection":[{"href":"https:\/\/inkskin.nl\/fr\/wp-json\/wp\/v2\/product"}],"about":[{"href":"https:\/\/inkskin.nl\/fr\/wp-json\/wp\/v2\/types\/product"}],"version-history":[{"count":0,"href":"https:\/\/inkskin.nl\/fr\/wp-json\/wp\/v2\/product\/2145\/revisions"}],"wp:featuredmedia":[{"embeddable":true,"href":"https:\/\/inkskin.nl\/fr\/wp-json\/wp\/v2\/media\/1282"}],"wp:attachment":[{"href":"https:\/\/inkskin.nl\/fr\/wp-json\/wp\/v2\/media?parent=2145"}],"wp:term":[{"taxonomy":"product_brand","embeddable":true,"href":"https:\/\/inkskin.nl\/fr\/wp-json\/wp\/v2\/product_brand?post=2145"},{"taxonomy":"product_cat","embeddable":true,"href":"https:\/\/inkskin.nl\/fr\/wp-json\/wp\/v2\/product_cat?post=2145"},{"taxonomy":"product_tag","embeddable":true,"href":"https:\/\/inkskin.nl\/fr\/wp-json\/wp\/v2\/product_tag?post=2145"}],"curies":[{"name":"wp","href":"https:\/\/api.w.org\/{rel}","templated":true}]}}