{"id":2144,"date":"2024-03-27T09:53:08","date_gmt":"2024-03-27T09:53:08","guid":{"rendered":"https:\/\/inkskin.nl\/products\/baboolina-solution-panthera\/"},"modified":"2024-03-27T09:53:08","modified_gmt":"2024-03-27T09:53:08","slug":"baboolina-solution-panthera","status":"publish","type":"product","link":"https:\/\/inkskin.nl\/fr\/products\/baboolina-solution-panthera\/","title":{"rendered":"Baboolina Solution Panthera"},"content":{"rendered":"<p><strong>Baboolina<\/strong>, le gel pochoir r\u00e9volutionnaire qui va bouleverser votre univers cr\u00e9atif ! Avec sa formule unique infus\u00e9e d&rsquo;un d\u00e9licieux parfum de chewing-gum \u00e0 la fraise, Baboolina n&rsquo;est pas un gel pochoir comme les autres. Ce beau gel rose poss\u00e8de \u00e9galement de puissantes propri\u00e9t\u00e9s antibact\u00e9riennes. Mais ce n&rsquo;est pas tout ! Gr\u00e2ce \u00e0 la formule Stay Strong de Baboolina, vous \u00eates assur\u00e9e d&rsquo;avoir des pochoirs qui durent longtemps. Plein de possibilit\u00e9s cr\u00e9atives, ce flacon de 250 ml offre d&rsquo;innombrables occasions de faire briller votre talent artistique. Qu&rsquo;attendez-vous ? Laissez Baboolina vous guider dans votre voyage cr\u00e9atif et d\u00e9couvrez les r\u00e9sultats \u00e9tonnants que vous pouvez obtenir avec ce gel pochoir innovant.  <\/p>\n<p><strong>Qu&rsquo;est-ce qui rend le gel pochoir Baboolina unique ?<\/strong><br \/>  Le gel pour pochoir Baboolina se distingue par sa formule unique infus\u00e9e d&rsquo;un d\u00e9licieux parfum de chewing-gum \u00e0 la fraise et par son action antibact\u00e9rienne puissante.<\/p>\n<p><strong>Quelle est la formule \u00ab\u00a0Stay Strong\u00a0\u00bb de Baboolina ?<\/strong><br \/>  La formule Stay Strong de Baboolina est une caract\u00e9ristique du gel pour pochoir qui garantit que les pochoirs restent en place pendant longtemps.  <\/p>\n<p><strong>Comment utiliser Baboolina ?<\/strong><br \/>Appliquez une petite quantit\u00e9 de gel sur la peau nettoy\u00e9e. Laissez-le bri\u00e8vement et placez le pochoir. Laissez s\u00e9cher pendant +\/- 10 minutes avant de commencer le tatouage.<\/p>\n","protected":false},"excerpt":{"rendered":"<p>Baboolina, le gel pochoir r\u00e9volutionnaire qui va bouleverser votre univers cr\u00e9atif ! Avec sa formule unique infus\u00e9e d&rsquo;un d\u00e9licieux parfum de chewing-gum \u00e0 la fraise, Baboolina n&rsquo;est pas un gel pochoir comme les autres. Ce beau gel rose poss\u00e8de \u00e9galement de puissantes propri\u00e9t\u00e9s antibact\u00e9riennes. Mais ce n&rsquo;est pas tout ! Gr\u00e2ce \u00e0 la formule Stay [&hellip;]<\/p>\n","protected":false},"featured_media":1813,"template":"","meta":{"_acf_changed":false},"product_brand":[],"product_cat":[207],"product_tag":[216,208,215],"class_list":{"0":"post-2144","1":"product","2":"type-product","3":"status-publish","4":"has-post-thumbnail","6":"product_cat-fournitures-pour-pochoirs","7":"product_tag-baboolina-fr","8":"product_tag-gel-pour-pochoir","9":"product_tag-panthera-fr","11":"first","12":"instock","13":"taxable","14":"shipping-taxable","15":"purchasable","16":"product-type-simple"},"ams_default_variation_id":0,"ams_product_points_reward":[],"ams_product_discount_percentage":0,"ams_price_to_display":24,"ams_acf":[],"acf":[],"_links":{"self":[{"href":"https:\/\/inkskin.nl\/fr\/wp-json\/wp\/v2\/product\/2144","targetHints":{"allow":["GET"]}}],"collection":[{"href":"https:\/\/inkskin.nl\/fr\/wp-json\/wp\/v2\/product"}],"about":[{"href":"https:\/\/inkskin.nl\/fr\/wp-json\/wp\/v2\/types\/product"}],"version-history":[{"count":0,"href":"https:\/\/inkskin.nl\/fr\/wp-json\/wp\/v2\/product\/2144\/revisions"}],"wp:featuredmedia":[{"embeddable":true,"href":"https:\/\/inkskin.nl\/fr\/wp-json\/wp\/v2\/media\/1813"}],"wp:attachment":[{"href":"https:\/\/inkskin.nl\/fr\/wp-json\/wp\/v2\/media?parent=2144"}],"wp:term":[{"taxonomy":"product_brand","embeddable":true,"href":"https:\/\/inkskin.nl\/fr\/wp-json\/wp\/v2\/product_brand?post=2144"},{"taxonomy":"product_cat","embeddable":true,"href":"https:\/\/inkskin.nl\/fr\/wp-json\/wp\/v2\/product_cat?post=2144"},{"taxonomy":"product_tag","embeddable":true,"href":"https:\/\/inkskin.nl\/fr\/wp-json\/wp\/v2\/product_tag?post=2144"}],"curies":[{"name":"wp","href":"https:\/\/api.w.org\/{rel}","templated":true}]}}