{"id":2143,"date":"2024-03-27T09:53:03","date_gmt":"2024-03-27T09:53:03","guid":{"rendered":"https:\/\/inkskin.nl\/products\/balm-tattoo-dragons-blood-butter-cbd-0-33-250-gr\/"},"modified":"2025-05-19T10:08:30","modified_gmt":"2025-05-19T10:08:30","slug":"balm-tattoo-dragons-blood-butter-cbd-0-33-250-gr","status":"publish","type":"product","link":"https:\/\/inkskin.nl\/fr\/products\/balm-tattoo-dragons-blood-butter-cbd-0-33-250-gr\/","title":{"rendered":"Balm Tattoo Dragon&rsquo;s Blood Butter CBD 0.33% 250 gr"},"content":{"rendered":"<p>Vous m\u00e9ritez ce qu&rsquo;il y a de mieux pour votre peau, et c&rsquo;est exactement ce que le beurre de sang CBD de Dragons a \u00e0 offrir. Exempt de d\u00e9riv\u00e9s du p\u00e9trole, ce baume 100 % naturel et v\u00e9g\u00e9talien contient de fortes concentrations de CBD, d&rsquo;huile de cannabis et d&rsquo;extrait d&rsquo;huile naturelle d&rsquo;arbre \u00e0 sang de dragon.<\/p>\n<p>Gr\u00e2ce \u00e0 ses propri\u00e9t\u00e9s apaisantes, antioxydantes et r\u00e9paratrices de la peau, le beurre de sang Dragons au CBD est la solution id\u00e9ale pour une peau \u00e9clatante. Il apaise votre peau, favorise la production de collag\u00e8ne et procure une sensation agr\u00e9able presque imm\u00e9diatement apr\u00e8s l&rsquo;application.<\/p>\n<p>Que vous soyez \u00e0 la recherche d&rsquo;une cr\u00e8me de soin, d&rsquo;un baume de soin ou simplement d&rsquo;un produit v\u00e9g\u00e9talien qui chouchoute votre peau, le beurre de sang CBD de Dragons est le choix ultime. Offrez-vous l&rsquo;amour et le soin que vous m\u00e9ritez avec ce produit fantastique.<\/p>\n<p><strong>Quels sont les avantages du beurre de sang de Dragons CBD pour ma peau ?<\/strong><\/p>\n<p>Le beurre de sang de dragon CBD pr\u00e9sente de nombreux avantages pour votre peau, notamment des propri\u00e9t\u00e9s apaisantes, antioxydantes et r\u00e9paratrices. Il peut apaiser votre peau, favoriser la production de collag\u00e8ne et procure une sensation agr\u00e9able presque imm\u00e9diatement apr\u00e8s l&rsquo;application.<\/p>\n<p><strong>Dragons blood butter CBD convient-il aux v\u00e9g\u00e9taliens ?<\/strong><\/p>\n<p>Oui, le beurre de sang CBD de Dragons est 100 % naturel et v\u00e9g\u00e9talien. Il ne contient aucun ingr\u00e9dient d&rsquo;origine animale et est exempt de d\u00e9riv\u00e9s du p\u00e9trole, ce qui en fait un choix id\u00e9al pour les v\u00e9g\u00e9taliens qui souhaitent choyer leur peau avec un produit de haute qualit\u00e9.<\/p>\n<p><strong>Le beurre de sang de dragon contient-il du CBD THC ?<\/strong><\/p>\n<p>Non, le beurre de sang Dragons CBD ne contient pas de THC. Le produit est compos\u00e9 de concentrations \u00e9lev\u00e9es de CBD et d&rsquo;huile de cannabis, mais ne contient pas de substances psychoactives telles que le THC. Vous pouvez donc profiter des bienfaits du CBD sans craindre de ressentir une sensation d&rsquo;euphorie.<\/p>\n","protected":false},"excerpt":{"rendered":"<p>Vous m\u00e9ritez ce qu&rsquo;il y a de mieux pour votre peau, et c&rsquo;est exactement ce que le beurre de sang CBD de Dragons a \u00e0 offrir. Exempt de d\u00e9riv\u00e9s du p\u00e9trole, ce baume 100 % naturel et v\u00e9g\u00e9talien contient de fortes concentrations de CBD, d&rsquo;huile de cannabis et d&rsquo;extrait d&rsquo;huile naturelle d&rsquo;arbre \u00e0 sang de [&hellip;]<\/p>\n","protected":false},"featured_media":1831,"template":"","meta":{"_acf_changed":false},"product_brand":[],"product_cat":[63,17],"product_tag":[24,131,77,130,109],"class_list":{"0":"post-2143","1":"product","2":"type-product","3":"status-publish","4":"has-post-thumbnail","6":"product_cat-balm-tattoo","7":"product_cat-aftercare","8":"product_tag-balm-aftercare","9":"product_tag-cbd","10":"product_tag-aftercare-cream","11":"product_tag-dragons-blood","12":"product_tag-vegan","14":"first","15":"instock","16":"taxable","17":"shipping-taxable","18":"purchasable","19":"product-type-simple"},"ams_default_variation_id":0,"ams_product_points_reward":[],"ams_product_discount_percentage":0,"ams_price_to_display":44,"ams_acf":[],"acf":[],"_links":{"self":[{"href":"https:\/\/inkskin.nl\/fr\/wp-json\/wp\/v2\/product\/2143","targetHints":{"allow":["GET"]}}],"collection":[{"href":"https:\/\/inkskin.nl\/fr\/wp-json\/wp\/v2\/product"}],"about":[{"href":"https:\/\/inkskin.nl\/fr\/wp-json\/wp\/v2\/types\/product"}],"version-history":[{"count":0,"href":"https:\/\/inkskin.nl\/fr\/wp-json\/wp\/v2\/product\/2143\/revisions"}],"wp:featuredmedia":[{"embeddable":true,"href":"https:\/\/inkskin.nl\/fr\/wp-json\/wp\/v2\/media\/1831"}],"wp:attachment":[{"href":"https:\/\/inkskin.nl\/fr\/wp-json\/wp\/v2\/media?parent=2143"}],"wp:term":[{"taxonomy":"product_brand","embeddable":true,"href":"https:\/\/inkskin.nl\/fr\/wp-json\/wp\/v2\/product_brand?post=2143"},{"taxonomy":"product_cat","embeddable":true,"href":"https:\/\/inkskin.nl\/fr\/wp-json\/wp\/v2\/product_cat?post=2143"},{"taxonomy":"product_tag","embeddable":true,"href":"https:\/\/inkskin.nl\/fr\/wp-json\/wp\/v2\/product_tag?post=2143"}],"curies":[{"name":"wp","href":"https:\/\/api.w.org\/{rel}","templated":true}]}}