{"id":2141,"date":"2024-03-27T09:53:03","date_gmt":"2024-03-27T09:53:03","guid":{"rendered":"https:\/\/inkskin.nl\/products\/beurre-de-sang-de-dragon-balm-tattoo-50-grammes\/"},"modified":"2024-03-27T09:53:03","modified_gmt":"2024-03-27T09:53:03","slug":"beurre-de-sang-de-dragon-balm-tattoo-50-grammes","status":"publish","type":"product","link":"https:\/\/inkskin.nl\/fr\/products\/beurre-de-sang-de-dragon-balm-tattoo-50-grammes\/","title":{"rendered":"Beurre de sang de dragon Balm Tattoo 50 grammes"},"content":{"rendered":"<p>Vous cherchez un baume v\u00e9g\u00e9talien qui peut non seulement \u00eatre utilis\u00e9 pendant le tatouage, mais qui est \u00e9galement parfait pour r\u00e9parer votre peau apr\u00e8s un tatouage ? Dans ce cas, le beurre de sang de dragon est exactement ce qu&rsquo;il vous faut ! Ce baume unique apaise votre peau et r\u00e9duit les rougeurs pendant le tatouage, tout en refermant vos pores. Avec son pot pratique de 50 ml, il est facile d&#8217;emporter ce baume partout et de l&rsquo;avoir toujours \u00e0 port\u00e9e de main. Que vous ayez un nouveau tatouage ou que vous souhaitiez simplement prendre soin de votre peau, le beurre de sang de dragon est le choix id\u00e9al. Prenez soin de votre peau de mani\u00e8re naturelle et v\u00e9g\u00e9talienne gr\u00e2ce \u00e0 ce baume de soin apr\u00e8s-rasage exceptionnel !<\/p>\n<p><strong>Le beurre de sang de dragon convient-il \u00e0 tous les types de peau ?<\/strong><br \/>\n  Oui, le beurre de sang de dragon convient \u00e0 tous les types de peau.<\/p>\n<p><strong>Puis-je utiliser le beurre de sang de dragon m\u00eame si je n&rsquo;ai pas de tatouage ?<\/strong><br \/>\n  Oui, vous pouvez \u00e9galement utiliser le Dragons Blood Butter pour prendre soin de votre peau m\u00eame sans nouveau tatouage.<\/p>\n<p><strong>Combien de temps faut-il pour que les rougeurs de ma peau diminuent lorsque j&rsquo;utilise le beurre de sang de dragon ?<\/strong><br \/>\n  Le beurre de sang de dragon apaise votre peau et r\u00e9duit les rougeurs pendant le tatouage, mais la dur\u00e9e de l&rsquo;effet peut varier en fonction de la r\u00e9action individuelle de votre peau.<\/p>\n","protected":false},"excerpt":{"rendered":"<p>Vous cherchez un baume v\u00e9g\u00e9talien qui peut non seulement \u00eatre utilis\u00e9 pendant le tatouage, mais qui est \u00e9galement parfait pour r\u00e9parer votre peau apr\u00e8s un tatouage ? Dans ce cas, le beurre de sang de dragon est exactement ce qu&rsquo;il vous faut ! Ce baume unique apaise votre peau et r\u00e9duit les rougeurs pendant le [&hellip;]<\/p>\n","protected":false},"featured_media":1287,"template":"","meta":{"_acf_changed":false},"product_brand":[],"product_cat":[200,199],"product_tag":[201,205,213,202],"class_list":{"0":"post-2141","1":"product","2":"type-product","3":"status-publish","4":"has-post-thumbnail","6":"product_cat-baume-tatouage","7":"product_cat-postcure","8":"product_tag-baume-apres-vente","9":"product_tag-creme-de-soin","10":"product_tag-sang-de-dragon","11":"product_tag-vegetalien","13":"first","14":"instock","15":"taxable","16":"shipping-taxable","17":"purchasable","18":"product-type-simple"},"ams_default_variation_id":0,"ams_product_points_reward":[],"ams_product_discount_percentage":0,"ams_price_to_display":7,"ams_acf":[],"acf":[],"_links":{"self":[{"href":"https:\/\/inkskin.nl\/fr\/wp-json\/wp\/v2\/product\/2141","targetHints":{"allow":["GET"]}}],"collection":[{"href":"https:\/\/inkskin.nl\/fr\/wp-json\/wp\/v2\/product"}],"about":[{"href":"https:\/\/inkskin.nl\/fr\/wp-json\/wp\/v2\/types\/product"}],"version-history":[{"count":0,"href":"https:\/\/inkskin.nl\/fr\/wp-json\/wp\/v2\/product\/2141\/revisions"}],"wp:featuredmedia":[{"embeddable":true,"href":"https:\/\/inkskin.nl\/fr\/wp-json\/wp\/v2\/media\/1287"}],"wp:attachment":[{"href":"https:\/\/inkskin.nl\/fr\/wp-json\/wp\/v2\/media?parent=2141"}],"wp:term":[{"taxonomy":"product_brand","embeddable":true,"href":"https:\/\/inkskin.nl\/fr\/wp-json\/wp\/v2\/product_brand?post=2141"},{"taxonomy":"product_cat","embeddable":true,"href":"https:\/\/inkskin.nl\/fr\/wp-json\/wp\/v2\/product_cat?post=2141"},{"taxonomy":"product_tag","embeddable":true,"href":"https:\/\/inkskin.nl\/fr\/wp-json\/wp\/v2\/product_tag?post=2141"}],"curies":[{"name":"wp","href":"https:\/\/api.w.org\/{rel}","templated":true}]}}