{"id":2140,"date":"2024-03-27T09:53:04","date_gmt":"2024-03-27T09:53:04","guid":{"rendered":"https:\/\/inkskin.nl\/products\/balm-tattoo-classic-shots-8-gr-50pcs\/"},"modified":"2024-03-27T09:53:04","modified_gmt":"2024-03-27T09:53:04","slug":"balm-tattoo-classic-shots-8-gr-50pcs","status":"publish","type":"product","link":"https:\/\/inkskin.nl\/fr\/products\/balm-tattoo-classic-shots-8-gr-50pcs\/","title":{"rendered":"Balm Tattoo Classic Shots 8 gr. 50pcs"},"content":{"rendered":"<p>Vous venez de vous faire tatouer et vous voulez vous assurer que votre tatouage cicatrise le plus rapidement possible ? Alors le Balm Tattoo Classic Shots est parfait pour vous ! Ce petit paquet contient la formule classique habituelle, mais dans un format pratique et facile \u00e0 transporter. Les Balm Tattoo Classic Shots assurent non seulement une cicatrisation rapide, mais ont \u00e9galement un effet rafra\u00eechissant sur votre peau. La cr\u00e8me de soin est sp\u00e9cialement con\u00e7ue pour nourrir et prot\u00e9ger votre tatouage, afin que vous puissiez profiter de votre \u0153uvre d&rsquo;art pendant des ann\u00e9es. Avec le Balm Tattoo Classic Shots, donnez \u00e0 votre tatouage le meilleur soin qu&rsquo;il m\u00e9rite !<\/p>\n<p><strong>Combien de temps faudra-t-il pour que mon tatouage gu\u00e9risse avec le Balm Tattoo Classic Shots ?<\/strong><br \/>\n  Le temps de gu\u00e9rison d&rsquo;un tatouage peut varier en fonction de plusieurs facteurs, tels que la taille et l&#8217;emplacement du tatouage. Cependant, l&rsquo;utilisation du Balm Tattoo Classic Shots peut acc\u00e9l\u00e9rer le temps de cicatrisation, ce qui permet \u00e0 votre tatouage de se r\u00e9tablir plus rapidement.<\/p>\n<p><strong>Puis-je utiliser le Balm Tattoo Classic Shots pour tous les types de tatouages ?<\/strong><br \/>\n  Oui, les Balm Tattoo Classic Shots conviennent \u00e0 tous les types de tatouages. Que vous ayez un tatouage noir, un tatouage color\u00e9 ou un tatouage de diff\u00e9rentes couleurs, la formule de Balm Tattoo Classic Shots est con\u00e7ue pour favoriser la cicatrisation de n&rsquo;importe quel tatouage.<\/p>\n<p><strong>A quelle fr\u00e9quence dois-je utiliser le Balm Tattoo Classic Shots pour un soin optimal ?<\/strong><br \/>\n  Pour soigner au mieux votre tatouage, nous vous recommandons d&rsquo;appliquer Balm Tattoo Classic Shots au moins deux \u00e0 trois fois par jour. Appliquez une fine couche sur le tatouage nettoy\u00e9 et massez doucement pour faire p\u00e9n\u00e9trer le produit dans la peau. L&rsquo;utilisation r\u00e9guli\u00e8re du Balm Tattoo Classic Shots vous aidera \u00e0 garder votre tatouage bien nourri et prot\u00e9g\u00e9 pendant le processus de gu\u00e9rison.<\/p>\n","protected":false},"excerpt":{"rendered":"<p>Vous venez de vous faire tatouer et vous voulez vous assurer que votre tatouage cicatrise le plus rapidement possible ? Alors le Balm Tattoo Classic Shots est parfait pour vous ! Ce petit paquet contient la formule classique habituelle, mais dans un format pratique et facile \u00e0 transporter. Les Balm Tattoo Classic Shots assurent non [&hellip;]<\/p>\n","protected":false},"featured_media":1285,"template":"","meta":{"_acf_changed":false},"product_brand":[],"product_cat":[200,199],"product_tag":[201,205],"class_list":{"0":"post-2140","1":"product","2":"type-product","3":"status-publish","4":"has-post-thumbnail","6":"product_cat-baume-tatouage","7":"product_cat-postcure","8":"product_tag-baume-apres-vente","9":"product_tag-creme-de-soin","11":"first","12":"instock","13":"taxable","14":"shipping-taxable","15":"purchasable","16":"product-type-simple"},"ams_default_variation_id":0,"ams_product_points_reward":[],"ams_product_discount_percentage":0,"ams_price_to_display":165,"ams_acf":[],"acf":[],"_links":{"self":[{"href":"https:\/\/inkskin.nl\/fr\/wp-json\/wp\/v2\/product\/2140","targetHints":{"allow":["GET"]}}],"collection":[{"href":"https:\/\/inkskin.nl\/fr\/wp-json\/wp\/v2\/product"}],"about":[{"href":"https:\/\/inkskin.nl\/fr\/wp-json\/wp\/v2\/types\/product"}],"version-history":[{"count":0,"href":"https:\/\/inkskin.nl\/fr\/wp-json\/wp\/v2\/product\/2140\/revisions"}],"wp:featuredmedia":[{"embeddable":true,"href":"https:\/\/inkskin.nl\/fr\/wp-json\/wp\/v2\/media\/1285"}],"wp:attachment":[{"href":"https:\/\/inkskin.nl\/fr\/wp-json\/wp\/v2\/media?parent=2140"}],"wp:term":[{"taxonomy":"product_brand","embeddable":true,"href":"https:\/\/inkskin.nl\/fr\/wp-json\/wp\/v2\/product_brand?post=2140"},{"taxonomy":"product_cat","embeddable":true,"href":"https:\/\/inkskin.nl\/fr\/wp-json\/wp\/v2\/product_cat?post=2140"},{"taxonomy":"product_tag","embeddable":true,"href":"https:\/\/inkskin.nl\/fr\/wp-json\/wp\/v2\/product_tag?post=2140"}],"curies":[{"name":"wp","href":"https:\/\/api.w.org\/{rel}","templated":true}]}}