{"id":2139,"date":"2024-03-27T09:53:03","date_gmt":"2024-03-27T09:53:03","guid":{"rendered":"https:\/\/inkskin.nl\/products\/beurre-de-sang-de-dragon-balm-tattoo-250g\/"},"modified":"2025-01-04T12:52:48","modified_gmt":"2025-01-04T12:52:48","slug":"beurre-de-sang-de-dragon-balm-tattoo-250g","status":"publish","type":"product","link":"https:\/\/inkskin.nl\/fr\/products\/beurre-de-sang-de-dragon-balm-tattoo-250g\/","title":{"rendered":"Beurre de sang de dragon Balm Tattoo 250g"},"content":{"rendered":"<p>Vous cherchez le soin id\u00e9al pour votre nouveau tatouage ? Dans ce cas, le beurre de sang de dragon est exactement ce qu&rsquo;il vous faut ! Ce baume v\u00e9g\u00e9talien est sp\u00e9cialement con\u00e7u pour le tatouage et la r\u00e9cup\u00e9ration de la peau apr\u00e8s le tatouage. Avec le beurre de sang de dragon, vous pouvez apaiser votre peau et r\u00e9duire les rougeurs pendant le tatouage afin de profiter pleinement de l&rsquo;exp\u00e9rience. De plus, ce baume referme les pores, ce qui prot\u00e8ge votre peau et acc\u00e9l\u00e8re le processus de gu\u00e9rison. Que vous soyez \u00e0 la recherche d&rsquo;une cr\u00e8me de soin, d&rsquo;un baume de soin ou simplement d&rsquo;un produit Dragons blood, ce baume est tout ce dont vous avez besoin. Dorlotez votre peau avec le beurre de sang de dragon et donnez \u00e0 votre tatouage le soin qu&rsquo;il m\u00e9rite !<\/p>\n<p><strong>Quels sont les avantages de l&rsquo;utilisation du beurre de sang de dragon pour mon nouveau tatouage ?<\/strong><br \/>\n  Le beurre de sang de dragon pr\u00e9sente plusieurs avantages pour votre nouveau tatouage. Il apaise votre peau et r\u00e9duit les rougeurs pendant le tatouage, pour une exp\u00e9rience confortable. De plus, il referme les pores, ce qui prot\u00e8ge votre peau et acc\u00e9l\u00e8re le processus de cicatrisation.<\/p>\n<p><strong>Le beurre de sang de dragon convient-il aux v\u00e9g\u00e9taliens ?<\/strong><br \/>\n  Oui, le beurre de sang de dragon convient aux v\u00e9g\u00e9taliens. Ce baume a \u00e9t\u00e9 sp\u00e9cialement con\u00e7u comme soin v\u00e9g\u00e9talien pour les tatouages. Vous pouvez donc \u00eatre s\u00fbr qu&rsquo;il ne contient aucun ingr\u00e9dient d&rsquo;origine animale.<\/p>\n<p><strong>Puis-je utiliser le beurre de sang de dragon pour r\u00e9parer ma peau apr\u00e8s le tatouage ?<\/strong><br \/>\n  Oui, le beurre de sang de dragon est sp\u00e9cialement formul\u00e9 pour la r\u00e9cup\u00e9ration de la peau apr\u00e8s le tatouage. Il aide \u00e0 apaiser votre peau et acc\u00e9l\u00e8re le processus de cicatrisation, ce qui permet \u00e0 votre nouveau tatouage de cicatriser de mani\u00e8re optimale et d&rsquo;\u00eatre le plus beau possible.<\/p>\n","protected":false},"excerpt":{"rendered":"<p>Vous cherchez le soin id\u00e9al pour votre nouveau tatouage ? Dans ce cas, le beurre de sang de dragon est exactement ce qu&rsquo;il vous faut ! Ce baume v\u00e9g\u00e9talien est sp\u00e9cialement con\u00e7u pour le tatouage et la r\u00e9cup\u00e9ration de la peau apr\u00e8s le tatouage. Avec le beurre de sang de dragon, vous pouvez apaiser votre [&hellip;]<\/p>\n","protected":false},"featured_media":1286,"template":"","meta":{"_acf_changed":false},"product_brand":[],"product_cat":[200,199],"product_tag":[201,205,213,202],"class_list":{"0":"post-2139","1":"product","2":"type-product","3":"status-publish","4":"has-post-thumbnail","6":"product_cat-baume-tatouage","7":"product_cat-postcure","8":"product_tag-baume-apres-vente","9":"product_tag-creme-de-soin","10":"product_tag-sang-de-dragon","11":"product_tag-vegetalien","13":"first","14":"instock","15":"taxable","16":"shipping-taxable","17":"purchasable","18":"product-type-simple"},"ams_default_variation_id":0,"ams_product_points_reward":[],"ams_product_discount_percentage":0,"ams_price_to_display":22,"ams_acf":[],"acf":[],"_links":{"self":[{"href":"https:\/\/inkskin.nl\/fr\/wp-json\/wp\/v2\/product\/2139","targetHints":{"allow":["GET"]}}],"collection":[{"href":"https:\/\/inkskin.nl\/fr\/wp-json\/wp\/v2\/product"}],"about":[{"href":"https:\/\/inkskin.nl\/fr\/wp-json\/wp\/v2\/types\/product"}],"version-history":[{"count":0,"href":"https:\/\/inkskin.nl\/fr\/wp-json\/wp\/v2\/product\/2139\/revisions"}],"wp:featuredmedia":[{"embeddable":true,"href":"https:\/\/inkskin.nl\/fr\/wp-json\/wp\/v2\/media\/1286"}],"wp:attachment":[{"href":"https:\/\/inkskin.nl\/fr\/wp-json\/wp\/v2\/media?parent=2139"}],"wp:term":[{"taxonomy":"product_brand","embeddable":true,"href":"https:\/\/inkskin.nl\/fr\/wp-json\/wp\/v2\/product_brand?post=2139"},{"taxonomy":"product_cat","embeddable":true,"href":"https:\/\/inkskin.nl\/fr\/wp-json\/wp\/v2\/product_cat?post=2139"},{"taxonomy":"product_tag","embeddable":true,"href":"https:\/\/inkskin.nl\/fr\/wp-json\/wp\/v2\/product_tag?post=2139"}],"curies":[{"name":"wp","href":"https:\/\/api.w.org\/{rel}","templated":true}]}}