{"id":2137,"date":"2024-03-27T09:53:02","date_gmt":"2024-03-27T09:53:02","guid":{"rendered":"https:\/\/inkskin.nl\/products\/balm-tattoo-dragons-blood-butter-cbd-0-67-shots-8-gr-display\/"},"modified":"2025-12-08T11:00:51","modified_gmt":"2025-12-08T11:00:51","slug":"balm-tattoo-dragons-blood-butter-cbd-0-67-shots-8-gr-display","status":"publish","type":"product","link":"https:\/\/inkskin.nl\/fr\/products\/balm-tattoo-dragons-blood-butter-cbd-0-67-shots-8-gr-display\/","title":{"rendered":"Balm Tattoo Dragon&rsquo;s Blood Butter CBD 0.67% Shots 8 gr display"},"content":{"rendered":"<p>Le beurre de sang de dragon CBD est un baume 100% naturel, v\u00e9g\u00e9talien et sans d\u00e9riv\u00e9s de p\u00e9trole. Le produit est formul\u00e9 avec une forte concentration de CBD, d&rsquo;huile de cannabis et d&rsquo;extrait d&rsquo;huile naturelle d&rsquo;arbre \u00e0 sang de dragon. Le beurre de sang de dragon poss\u00e8de des propri\u00e9t\u00e9s apaisantes, antioxydantes et r\u00e9paratrices pour la peau. Le beurre de sang Dragons au CBD apaise la peau, favorise la production de collag\u00e8ne et procure une sensation agr\u00e9able presque imm\u00e9diatement apr\u00e8s l&rsquo;application.<\/p>\n","protected":false},"excerpt":{"rendered":"<p>Le beurre de sang de dragon CBD est un baume 100% naturel, v\u00e9g\u00e9talien et sans d\u00e9riv\u00e9s de p\u00e9trole. Le produit est formul\u00e9 avec une forte concentration de CBD, d&rsquo;huile de cannabis et d&rsquo;extrait d&rsquo;huile naturelle d&rsquo;arbre \u00e0 sang de dragon. Le beurre de sang de dragon poss\u00e8de des propri\u00e9t\u00e9s apaisantes, antioxydantes et r\u00e9paratrices pour la [&hellip;]<\/p>\n","protected":false},"featured_media":1288,"template":"","meta":{"_acf_changed":false},"product_brand":[],"product_cat":[200,199],"product_tag":[201,214,205,213,202],"class_list":{"0":"post-2137","1":"product","2":"type-product","3":"status-publish","4":"has-post-thumbnail","6":"product_cat-baume-tatouage","7":"product_cat-postcure","8":"product_tag-baume-apres-vente","9":"product_tag-cbd-fr","10":"product_tag-creme-de-soin","11":"product_tag-sang-de-dragon","12":"product_tag-vegetalien","14":"first","15":"outofstock","16":"taxable","17":"shipping-taxable","18":"purchasable","19":"product-type-simple"},"ams_default_variation_id":0,"ams_product_points_reward":[],"ams_product_discount_percentage":0,"ams_price_to_display":250,"ams_acf":[],"acf":[],"_links":{"self":[{"href":"https:\/\/inkskin.nl\/fr\/wp-json\/wp\/v2\/product\/2137","targetHints":{"allow":["GET"]}}],"collection":[{"href":"https:\/\/inkskin.nl\/fr\/wp-json\/wp\/v2\/product"}],"about":[{"href":"https:\/\/inkskin.nl\/fr\/wp-json\/wp\/v2\/types\/product"}],"version-history":[{"count":0,"href":"https:\/\/inkskin.nl\/fr\/wp-json\/wp\/v2\/product\/2137\/revisions"}],"wp:featuredmedia":[{"embeddable":true,"href":"https:\/\/inkskin.nl\/fr\/wp-json\/wp\/v2\/media\/1288"}],"wp:attachment":[{"href":"https:\/\/inkskin.nl\/fr\/wp-json\/wp\/v2\/media?parent=2137"}],"wp:term":[{"taxonomy":"product_brand","embeddable":true,"href":"https:\/\/inkskin.nl\/fr\/wp-json\/wp\/v2\/product_brand?post=2137"},{"taxonomy":"product_cat","embeddable":true,"href":"https:\/\/inkskin.nl\/fr\/wp-json\/wp\/v2\/product_cat?post=2137"},{"taxonomy":"product_tag","embeddable":true,"href":"https:\/\/inkskin.nl\/fr\/wp-json\/wp\/v2\/product_tag?post=2137"}],"curies":[{"name":"wp","href":"https:\/\/api.w.org\/{rel}","templated":true}]}}