{"id":2135,"date":"2024-03-27T09:53:01","date_gmt":"2024-03-27T09:53:01","guid":{"rendered":"https:\/\/inkskin.nl\/products\/balm-tattoo-dragons-blood-butter-shots-8-gr-50pcs-display\/"},"modified":"2024-03-27T09:53:01","modified_gmt":"2024-03-27T09:53:01","slug":"balm-tattoo-dragons-blood-butter-shots-8-gr-50pcs-display","status":"publish","type":"product","link":"https:\/\/inkskin.nl\/fr\/products\/balm-tattoo-dragons-blood-butter-shots-8-gr-50pcs-display\/","title":{"rendered":"Balm Tattoo Dragon&rsquo;s Blood Butter Shots 8 gr. 50pcs display"},"content":{"rendered":"<p>Vous cherchez un baume 100% v\u00e9g\u00e9talien qui apaise votre peau et att\u00e9nue les rougeurs ? Dans ce cas, notre Aftercare Cream est exactement ce qu&rsquo;il vous faut ! Ce baume favorise non seulement le r\u00e9tablissement de votre peau, mais referme \u00e9galement vos pores. Avec son parfum agr\u00e9able, ce baume offre \u00e0 votre peau un d\u00e9licieux moment de chouchoutage. Les tubes contiennent 8 grammes de pur plaisir. Que vous soyez une adepte de la tendance Dragons Blood ou que vous recherchiez simplement un bon baume de soin, ce baume v\u00e9g\u00e9talien est parfait pour vous. Donnez \u00e0 votre peau le soin qu&rsquo;elle m\u00e9rite avec notre Aftercare Cream !<\/p>\n<p><strong>La cr\u00e8me Aftercare Cream convient-elle \u00e0 tous les types de peau ?<\/strong><br \/>\n  Oui, la Cr\u00e8me Apr\u00e8s-Soin convient \u00e0 tous les types de peau car elle est sp\u00e9cialement con\u00e7ue pour apaiser la peau et r\u00e9duire les rougeurs sans refermer les pores.<\/p>\n<p><strong>Combien de temps faut-il pour voir des r\u00e9sultats apr\u00e8s l&rsquo;utilisation de la Cr\u00e8me Aftercare ?<\/strong><br \/>\n  Les r\u00e9sultats peuvent varier d&rsquo;une personne \u00e0 l&rsquo;autre, mais en g\u00e9n\u00e9ral, vous devriez constater une am\u00e9lioration de l&rsquo;apaisement de votre peau et une r\u00e9duction des rougeurs au bout de quelques jours \u00e0 une semaine d&rsquo;utilisation r\u00e9guli\u00e8re de l&rsquo;Aftercare Cream.<\/p>\n<p><strong>La cr\u00e8me postcure contient-elle des parfums artificiels ?<\/strong><br \/>\n  Non, la Cr\u00e8me Apr\u00e8s-Soin a un parfum agr\u00e9able d\u00fb \u00e0 des ingr\u00e9dients naturels et ne contient pas de parfums artificiels. Il offre donc un merveilleux moment de d\u00e9tente \u00e0 votre peau sans additifs nocifs.<\/p>\n","protected":false},"excerpt":{"rendered":"<p>Vous cherchez un baume 100% v\u00e9g\u00e9talien qui apaise votre peau et att\u00e9nue les rougeurs ? Dans ce cas, notre Aftercare Cream est exactement ce qu&rsquo;il vous faut ! Ce baume favorise non seulement le r\u00e9tablissement de votre peau, mais referme \u00e9galement vos pores. Avec son parfum agr\u00e9able, ce baume offre \u00e0 votre peau un d\u00e9licieux [&hellip;]<\/p>\n","protected":false},"featured_media":1290,"template":"","meta":{"_acf_changed":false},"product_brand":[],"product_cat":[200,199],"product_tag":[201,205,213,202],"class_list":{"0":"post-2135","1":"product","2":"type-product","3":"status-publish","4":"has-post-thumbnail","6":"product_cat-baume-tatouage","7":"product_cat-postcure","8":"product_tag-baume-apres-vente","9":"product_tag-creme-de-soin","10":"product_tag-sang-de-dragon","11":"product_tag-vegetalien","13":"first","14":"instock","15":"taxable","16":"shipping-taxable","17":"purchasable","18":"product-type-simple"},"ams_default_variation_id":0,"ams_product_points_reward":[],"ams_product_discount_percentage":0,"ams_price_to_display":195,"ams_acf":[],"acf":[],"_links":{"self":[{"href":"https:\/\/inkskin.nl\/fr\/wp-json\/wp\/v2\/product\/2135","targetHints":{"allow":["GET"]}}],"collection":[{"href":"https:\/\/inkskin.nl\/fr\/wp-json\/wp\/v2\/product"}],"about":[{"href":"https:\/\/inkskin.nl\/fr\/wp-json\/wp\/v2\/types\/product"}],"version-history":[{"count":0,"href":"https:\/\/inkskin.nl\/fr\/wp-json\/wp\/v2\/product\/2135\/revisions"}],"wp:featuredmedia":[{"embeddable":true,"href":"https:\/\/inkskin.nl\/fr\/wp-json\/wp\/v2\/media\/1290"}],"wp:attachment":[{"href":"https:\/\/inkskin.nl\/fr\/wp-json\/wp\/v2\/media?parent=2135"}],"wp:term":[{"taxonomy":"product_brand","embeddable":true,"href":"https:\/\/inkskin.nl\/fr\/wp-json\/wp\/v2\/product_brand?post=2135"},{"taxonomy":"product_cat","embeddable":true,"href":"https:\/\/inkskin.nl\/fr\/wp-json\/wp\/v2\/product_cat?post=2135"},{"taxonomy":"product_tag","embeddable":true,"href":"https:\/\/inkskin.nl\/fr\/wp-json\/wp\/v2\/product_tag?post=2135"}],"curies":[{"name":"wp","href":"https:\/\/api.w.org\/{rel}","templated":true}]}}