{"id":2134,"date":"2024-03-27T09:53:03","date_gmt":"2024-03-27T09:53:03","guid":{"rendered":"https:\/\/inkskin.nl\/products\/balm-tattoo-dragons-blood-butter-cbd-0-67-250-gr\/"},"modified":"2025-05-19T10:00:26","modified_gmt":"2025-05-19T10:00:26","slug":"balm-tattoo-dragons-blood-butter-cbd-0-67-250-gr","status":"publish","type":"product","link":"https:\/\/inkskin.nl\/fr\/products\/balm-tattoo-dragons-blood-butter-cbd-0-67-250-gr\/","title":{"rendered":"Balm Tattoo Dragon&rsquo;s Blood Butter CBD 0.67% 250 gr"},"content":{"rendered":"<p>D\u00e9couvrez maintenant le pouvoir du beurre de sang de Dragons CBD, un baume 100% naturel et v\u00e9g\u00e9talien sans aucun d\u00e9riv\u00e9 du p\u00e9trole. Cette formule unique contient une forte concentration de CBD, d&rsquo;huile de cannabis et d&rsquo;extrait d&rsquo;huile naturelle d&rsquo;arbre \u00e0 sang de dragon.<\/p>\n<p>Le beurre de sang de dragon poss\u00e8de non seulement des propri\u00e9t\u00e9s apaisantes particuli\u00e8res, mais aussi des propri\u00e9t\u00e9s antioxydantes et r\u00e9paratrices pour la peau. Ce baume apaise votre peau, favorise la production de collag\u00e8ne et procure une sensation agr\u00e9able presque imm\u00e9diatement apr\u00e8s l&rsquo;application.<\/p>\n<p>Que vous l&rsquo;utilisiez comme cr\u00e8me de soin, baume de soin ou simplement comme soin quotidien, le beurre de sang Dragons au CBD apporte \u00e0 votre peau le soin qu&rsquo;elle m\u00e9rite. V\u00e9g\u00e9talien et enti\u00e8rement naturel, il constitue le choix id\u00e9al pour tous ceux qui recherchent des soins efficaces et \u00e9thiques. D\u00e9couvrez la magie du beurre de sang CBD de Dragons et offrez \u00e0 votre peau le soin ultime qu&rsquo;elle m\u00e9rite.<\/p>\n<p><strong>Quels sont les avantages de l&rsquo;utilisation du CBD Dragons blood butter ?<\/strong><\/p>\n<p>Le beurre de sang de dragon CBD a des propri\u00e9t\u00e9s apaisantes particuli\u00e8res, agit comme un antioxydant et r\u00e9pare la peau. Il peut apaiser la peau, favoriser la production de collag\u00e8ne et procurer une sensation agr\u00e9able imm\u00e9diatement apr\u00e8s l&rsquo;application.<\/p>\n<p><strong>Puis-je utiliser Dragons blood butter CBD comme produit de soin quotidien ?<\/strong><\/p>\n<p>Oui, le beurre de sang Dragons CBD peut \u00eatre utilis\u00e9 comme soin quotidien. Il s&rsquo;agit d&rsquo;une option de soin efficace et \u00e9thique, parfaite pour les personnes \u00e0 la recherche d&rsquo;une routine de soin naturelle et v\u00e9g\u00e9talienne.<\/p>\n<p><strong>Qu&rsquo;est-ce qui rend le beurre de sang CBD de Dragons unique ?<\/strong><\/p>\n<p>Le beurre de sang de dragon CBD contient une forte concentration de CBD, d&rsquo;huile de cannabis et d&rsquo;extrait d&rsquo;huile naturelle de l&rsquo;arbre du sang de dragon. Cela en fait un baume unique aux propri\u00e9t\u00e9s apaisantes, antioxydantes et r\u00e9paratrices pour la peau. Il s&rsquo;agit d&rsquo;un produit enti\u00e8rement naturel et v\u00e9g\u00e9talien, sans d\u00e9riv\u00e9s du p\u00e9trole.<\/p>\n","protected":false},"excerpt":{"rendered":"<p>D\u00e9couvrez maintenant le pouvoir du beurre de sang de Dragons CBD, un baume 100% naturel et v\u00e9g\u00e9talien sans aucun d\u00e9riv\u00e9 du p\u00e9trole. Cette formule unique contient une forte concentration de CBD, d&rsquo;huile de cannabis et d&rsquo;extrait d&rsquo;huile naturelle d&rsquo;arbre \u00e0 sang de dragon. Le beurre de sang de dragon poss\u00e8de non seulement des propri\u00e9t\u00e9s apaisantes [&hellip;]<\/p>\n","protected":false},"featured_media":1830,"template":"","meta":{"_acf_changed":false},"product_brand":[],"product_cat":[200,199],"product_tag":[201,214,205,213,202],"class_list":{"0":"post-2134","1":"product","2":"type-product","3":"status-publish","4":"has-post-thumbnail","6":"product_cat-baume-tatouage","7":"product_cat-postcure","8":"product_tag-baume-apres-vente","9":"product_tag-cbd-fr","10":"product_tag-creme-de-soin","11":"product_tag-sang-de-dragon","12":"product_tag-vegetalien","14":"first","15":"instock","16":"taxable","17":"shipping-taxable","18":"purchasable","19":"product-type-simple"},"ams_default_variation_id":0,"ams_product_points_reward":[],"ams_product_discount_percentage":0,"ams_price_to_display":62,"ams_acf":[],"acf":[],"_links":{"self":[{"href":"https:\/\/inkskin.nl\/fr\/wp-json\/wp\/v2\/product\/2134","targetHints":{"allow":["GET"]}}],"collection":[{"href":"https:\/\/inkskin.nl\/fr\/wp-json\/wp\/v2\/product"}],"about":[{"href":"https:\/\/inkskin.nl\/fr\/wp-json\/wp\/v2\/types\/product"}],"version-history":[{"count":0,"href":"https:\/\/inkskin.nl\/fr\/wp-json\/wp\/v2\/product\/2134\/revisions"}],"wp:featuredmedia":[{"embeddable":true,"href":"https:\/\/inkskin.nl\/fr\/wp-json\/wp\/v2\/media\/1830"}],"wp:attachment":[{"href":"https:\/\/inkskin.nl\/fr\/wp-json\/wp\/v2\/media?parent=2134"}],"wp:term":[{"taxonomy":"product_brand","embeddable":true,"href":"https:\/\/inkskin.nl\/fr\/wp-json\/wp\/v2\/product_brand?post=2134"},{"taxonomy":"product_cat","embeddable":true,"href":"https:\/\/inkskin.nl\/fr\/wp-json\/wp\/v2\/product_cat?post=2134"},{"taxonomy":"product_tag","embeddable":true,"href":"https:\/\/inkskin.nl\/fr\/wp-json\/wp\/v2\/product_tag?post=2134"}],"curies":[{"name":"wp","href":"https:\/\/api.w.org\/{rel}","templated":true}]}}