{"id":2132,"date":"2024-03-27T09:53:01","date_gmt":"2024-03-27T09:53:01","guid":{"rendered":"https:\/\/inkskin.nl\/products\/balm-tattoo-beurre-de-sang-de-dragon-sans-parfum-250-gr\/"},"modified":"2024-03-27T09:53:01","modified_gmt":"2024-03-27T09:53:01","slug":"balm-tattoo-beurre-de-sang-de-dragon-sans-parfum-250-gr","status":"publish","type":"product","link":"https:\/\/inkskin.nl\/fr\/products\/balm-tattoo-beurre-de-sang-de-dragon-sans-parfum-250-gr\/","title":{"rendered":"Balm Tattoo Beurre de sang de dragon sans parfum 250 gr"},"content":{"rendered":"<p>Vous cherchez un produit qui soigne et apaise la peau pendant et apr\u00e8s le tatouage ? Le beurre de sang de dragon est alors fait pour vous ! Ce baume v\u00e9g\u00e9talien est sp\u00e9cialement con\u00e7u pour \u00eatre utilis\u00e9 pendant le tatouage, mais il est \u00e9galement id\u00e9al pour r\u00e9parer la peau apr\u00e8s le tatouage.<\/p>\n<p>  Le beurre de sang de dragon apaise la peau pendant le tatouage et r\u00e9duit les rougeurs. Il referme \u00e9galement les pores, ce qui permet au tatouage de mieux cicatriser. Avec cette cr\u00e8me de soin, vous donnerez \u00e0 votre tatouage le meilleur soin qu&rsquo;il m\u00e9rite.<\/p>\n<p>  Que vous soyez un aficionado exp\u00e9riment\u00e9 du tatouage ou que vous veniez de vous faire tatouer pour la premi\u00e8re fois, Dragons Blood Butter est le baume id\u00e9al pour prendre soin de votre peau. Choisissez la qualit\u00e9 et donnez \u00e0 votre tatouage le soin dont il a besoin. Commandez d\u00e8s maintenant votre pot de beurre de sang de dragon et profitez d&rsquo;un tatouage beau et soign\u00e9 !<\/p>\n<p><strong>Le beurre de sang de dragon convient-il \u00e0 tous les types de tatouages ?<\/strong><br \/>\n  Oui, le Dragons Blood Butter convient \u00e0 tous les types de tatouages. Il est sp\u00e9cialement con\u00e7u pour prendre soin de la peau pendant et apr\u00e8s le tatouage, quel que soit le motif ou la taille du tatouage.<\/p>\n<p><strong>Le beurre de sang de dragon convient-il \u00e0 tous les types de peau ?<\/strong><br \/>\n  Oui, le beurre de sang de dragon convient \u00e0 tous les types de peau. Il est v\u00e9g\u00e9talien et contient des ingr\u00e9dients soignants qui apaisent et r\u00e9parent la peau apr\u00e8s le tatouage. Que vous ayez une peau sensible, s\u00e8che, grasse ou normale, ce baume convient \u00e0 votre peau.<\/p>\n<p><strong>Combien de temps faudra-t-il pour que mon tatouage gu\u00e9risse avec le beurre de sang de dragon ?<\/strong><br \/>\n  Le temps de cicatrisation d&rsquo;un tatouage peut varier en fonction de plusieurs facteurs tels que la taille et l&#8217;emplacement du tatouage, ainsi que votre type de peau. Le beurre de sang de dragon, quant \u00e0 lui, aide \u00e0 acc\u00e9l\u00e9rer le processus de gu\u00e9rison en apaisant la peau et en refermant les pores. Dans l&rsquo;ensemble, vous pouvez vous attendre \u00e0 ce que votre tatouage gu\u00e9risse plus rapidement gr\u00e2ce \u00e0 une application r\u00e9guli\u00e8re de beurre de sang de dragon. Il est important de suivre les instructions de suivi donn\u00e9es par votre tatoueur.<\/p>\n","protected":false},"excerpt":{"rendered":"<p>Vous cherchez un produit qui soigne et apaise la peau pendant et apr\u00e8s le tatouage ? Le beurre de sang de dragon est alors fait pour vous ! Ce baume v\u00e9g\u00e9talien est sp\u00e9cialement con\u00e7u pour \u00eatre utilis\u00e9 pendant le tatouage, mais il est \u00e9galement id\u00e9al pour r\u00e9parer la peau apr\u00e8s le tatouage. Le beurre de [&hellip;]<\/p>\n","protected":false},"featured_media":1289,"template":"","meta":{"_acf_changed":false},"product_brand":[],"product_cat":[200,199],"product_tag":[201,205,213,202],"class_list":{"0":"post-2132","1":"product","2":"type-product","3":"status-publish","4":"has-post-thumbnail","6":"product_cat-baume-tatouage","7":"product_cat-postcure","8":"product_tag-baume-apres-vente","9":"product_tag-creme-de-soin","10":"product_tag-sang-de-dragon","11":"product_tag-vegetalien","13":"first","14":"instock","15":"taxable","16":"shipping-taxable","17":"purchasable","18":"product-type-simple"},"ams_default_variation_id":0,"ams_product_points_reward":[],"ams_product_discount_percentage":0,"ams_price_to_display":22,"ams_acf":[],"acf":[],"_links":{"self":[{"href":"https:\/\/inkskin.nl\/fr\/wp-json\/wp\/v2\/product\/2132","targetHints":{"allow":["GET"]}}],"collection":[{"href":"https:\/\/inkskin.nl\/fr\/wp-json\/wp\/v2\/product"}],"about":[{"href":"https:\/\/inkskin.nl\/fr\/wp-json\/wp\/v2\/types\/product"}],"version-history":[{"count":0,"href":"https:\/\/inkskin.nl\/fr\/wp-json\/wp\/v2\/product\/2132\/revisions"}],"wp:featuredmedia":[{"embeddable":true,"href":"https:\/\/inkskin.nl\/fr\/wp-json\/wp\/v2\/media\/1289"}],"wp:attachment":[{"href":"https:\/\/inkskin.nl\/fr\/wp-json\/wp\/v2\/media?parent=2132"}],"wp:term":[{"taxonomy":"product_brand","embeddable":true,"href":"https:\/\/inkskin.nl\/fr\/wp-json\/wp\/v2\/product_brand?post=2132"},{"taxonomy":"product_cat","embeddable":true,"href":"https:\/\/inkskin.nl\/fr\/wp-json\/wp\/v2\/product_cat?post=2132"},{"taxonomy":"product_tag","embeddable":true,"href":"https:\/\/inkskin.nl\/fr\/wp-json\/wp\/v2\/product_tag?post=2132"}],"curies":[{"name":"wp","href":"https:\/\/api.w.org\/{rel}","templated":true}]}}