{"id":2131,"date":"2024-03-27T09:52:57","date_gmt":"2024-03-27T09:52:57","guid":{"rendered":"https:\/\/inkskin.nl\/products\/baume-tattoo-sun-30-gr-display\/"},"modified":"2024-03-27T09:52:57","modified_gmt":"2024-03-27T09:52:57","slug":"baume-tattoo-sun-30-gr-display","status":"publish","type":"product","link":"https:\/\/inkskin.nl\/fr\/products\/baume-tattoo-sun-30-gr-display\/","title":{"rendered":"Baume Tattoo Sun 30 gr display"},"content":{"rendered":"<p>Vous souhaitez que votre tatouage b\u00e9n\u00e9ficie d&rsquo;une protection et d&rsquo;une brillance optimales, m\u00eame sous un soleil \u00e9clatant ? Dans ce cas, notre Aftercare Cream avec SPF 50+ est la solution id\u00e9ale pour vous ! Avec la formule originale, mais avec un \u00e9cran solaire de 75+, ce baume garantit non seulement la gu\u00e9rison de votre tatouage, mais aussi sa protection contre les rayons UV nocifs. Les couleurs de votre tatouage restent ainsi belles et \u00e9clatantes, m\u00eame au soleil. Notre Aftercare Cream est la combinaison id\u00e9ale de soin et de protection. N&rsquo;oubliez donc pas de chouchouter votre tatouage avec ce baume sp\u00e9cial et profitez d&rsquo;une cicatrisation parfaite et d&rsquo;une beaut\u00e9 durable !<\/p>\n<p><strong>A quelle fr\u00e9quence dois-je appliquer la cr\u00e8me de soin apr\u00e8s tatouage avec SPF 50+ sur mon tatouage ?<\/strong><br \/>\n  Il est recommand\u00e9 d&rsquo;appliquer la Aftercare Cream avec SPF 50+ sur votre tatouage au moins deux fois par jour. Il est important de r\u00e9partir le baume uniform\u00e9ment et de bien masser la peau pour une protection et un soin optimaux.<\/p>\n<p><strong>La Aftercare Cream avec SPF 50+ convient-elle \u00e0 tous les types de tatouages ?<\/strong><br \/>\n  Oui, la Aftercare Cream avec SPF 50+ convient \u00e0 tous les types de tatouages, quels que soient leur couleur, leur taille ou leur style. Le baume favorise le processus de cicatrisation et prot\u00e8ge le tatouage des rayons UV, ce qui permet aux couleurs de rester vives et \u00e9clatantes plus longtemps.<\/p>\n<p><strong>Puis-je utiliser la Aftercare Cream avec SPF 50+ m\u00eame si mon tatouage est d\u00e9j\u00e0 cicatris\u00e9 ?<\/strong><br \/>\n  Oui, vous pouvez continuer \u00e0 utiliser la Aftercare Cream avec SPF 50+ m\u00eame apr\u00e8s la cicatrisation compl\u00e8te de votre tatouage. Le baume offre toujours une protection contre les rayons UV nocifs et aide \u00e0 conserver la beaut\u00e9 des couleurs de votre tatouage pendant longtemps. Il est toujours important de continuer \u00e0 prendre soin de votre tatouage, m\u00eame s&rsquo;il est d\u00e9j\u00e0 cicatris\u00e9.<\/p>\n","protected":false},"excerpt":{"rendered":"<p>Vous souhaitez que votre tatouage b\u00e9n\u00e9ficie d&rsquo;une protection et d&rsquo;une brillance optimales, m\u00eame sous un soleil \u00e9clatant ? Dans ce cas, notre Aftercare Cream avec SPF 50+ est la solution id\u00e9ale pour vous ! Avec la formule originale, mais avec un \u00e9cran solaire de 75+, ce baume garantit non seulement la gu\u00e9rison de votre tatouage, [&hellip;]<\/p>\n","protected":false},"featured_media":4122,"template":"","meta":{"_acf_changed":false},"product_brand":[],"product_cat":[200,199],"product_tag":[201,205,206],"class_list":{"0":"post-2131","1":"product","2":"type-product","3":"status-publish","4":"has-post-thumbnail","6":"product_cat-baume-tatouage","7":"product_cat-postcure","8":"product_tag-baume-apres-vente","9":"product_tag-creme-de-soin","10":"product_tag-facteur-spf-50","12":"first","13":"instock","14":"taxable","15":"shipping-taxable","16":"purchasable","17":"product-type-simple"},"ams_default_variation_id":0,"ams_product_points_reward":[],"ams_product_discount_percentage":0,"ams_price_to_display":150,"ams_acf":[],"acf":[],"_links":{"self":[{"href":"https:\/\/inkskin.nl\/fr\/wp-json\/wp\/v2\/product\/2131","targetHints":{"allow":["GET"]}}],"collection":[{"href":"https:\/\/inkskin.nl\/fr\/wp-json\/wp\/v2\/product"}],"about":[{"href":"https:\/\/inkskin.nl\/fr\/wp-json\/wp\/v2\/types\/product"}],"version-history":[{"count":0,"href":"https:\/\/inkskin.nl\/fr\/wp-json\/wp\/v2\/product\/2131\/revisions"}],"wp:featuredmedia":[{"embeddable":true,"href":"https:\/\/inkskin.nl\/fr\/wp-json\/wp\/v2\/media\/4122"}],"wp:attachment":[{"href":"https:\/\/inkskin.nl\/fr\/wp-json\/wp\/v2\/media?parent=2131"}],"wp:term":[{"taxonomy":"product_brand","embeddable":true,"href":"https:\/\/inkskin.nl\/fr\/wp-json\/wp\/v2\/product_brand?post=2131"},{"taxonomy":"product_cat","embeddable":true,"href":"https:\/\/inkskin.nl\/fr\/wp-json\/wp\/v2\/product_cat?post=2131"},{"taxonomy":"product_tag","embeddable":true,"href":"https:\/\/inkskin.nl\/fr\/wp-json\/wp\/v2\/product_tag?post=2131"}],"curies":[{"name":"wp","href":"https:\/\/api.w.org\/{rel}","templated":true}]}}