{"id":2130,"date":"2024-03-27T09:53:00","date_gmt":"2024-03-27T09:53:00","guid":{"rendered":"https:\/\/inkskin.nl\/products\/baume-tatouage-pochoir-100-ml\/"},"modified":"2024-03-27T09:53:00","modified_gmt":"2024-03-27T09:53:00","slug":"baume-tatouage-pochoir-100-ml","status":"publish","type":"product","link":"https:\/\/inkskin.nl\/fr\/products\/baume-tatouage-pochoir-100-ml\/","title":{"rendered":"Baume Tatouage Pochoir 100 ml"},"content":{"rendered":"<p>Vous voulez faire passer vos tatouages \u00e0 la vitesse sup\u00e9rieure ? Alors le pochoir Balm Tattoo est la solution pour vous ! Une petite quantit\u00e9 de ce puissant liquide pour pochoir suffit pour que le pochoir adh\u00e8re parfaitement et durablement \u00e0 votre peau. Cela permet de maintenir votre dessin parfaitement en place pendant le tatouage. Mais ce n&rsquo;est pas tout ! Ce liquide soigne \u00e9galement votre peau gr\u00e2ce \u00e0 l&rsquo;ajout d&rsquo;Aloe vera. Ainsi, vous b\u00e9n\u00e9ficierez non seulement d&rsquo;un beau tatouage, mais aussi d&rsquo;une peau saine et hydrat\u00e9e. Compl\u00e9tez votre exp\u00e9rience de tatouage avec le pochoir Balm Tattoo !<\/p>\n<p><strong>Qu&rsquo;est-ce que le pochoir Balm Tattoo et \u00e0 quoi sert-il ?<\/strong><br \/>\n  Le pochoir de tatouage Balm est un liquide qui aide \u00e0 cr\u00e9er une adh\u00e9rence nette et durable du pochoir sur la peau pendant le tatouage. Il garantit que le dessin reste parfaitement en place.<\/p>\n<p><strong>Quels sont les avantages de l&rsquo;utilisation du pochoir Balm Tattoo ?<\/strong><br \/>\n  L&rsquo;utilisation du pochoir Balm Tattoo offre plusieurs avantages. Tout d&rsquo;abord, il permet d&rsquo;obtenir un pochoir adh\u00e9sif tr\u00e8s net et durable, ce qui facilite le processus de tatouage. Il contient \u00e9galement de l&rsquo;aloe vera, qui garantit le soin et l&rsquo;hydratation de la peau pendant et apr\u00e8s le tatouage.<\/p>\n<p><strong>Comment utiliser le pochoir Balm Tattoo ?<\/strong><br \/>\n  Pour utiliser le pochoir Balm Tattoo, seule une petite quantit\u00e9 de liquide est n\u00e9cessaire. Appliquez une fine couche sur la peau \u00e0 l&rsquo;endroit o\u00f9 le pochoir doit \u00eatre plac\u00e9 et laissez s\u00e9cher. Le tatoueur peut alors appliquer le pochoir sur la peau et celui-ci reste en place pendant une longue p\u00e9riode au cours du tatouage.<\/p>\n","protected":false},"excerpt":{"rendered":"<p>Vous voulez faire passer vos tatouages \u00e0 la vitesse sup\u00e9rieure ? Alors le pochoir Balm Tattoo est la solution pour vous ! Une petite quantit\u00e9 de ce puissant liquide pour pochoir suffit pour que le pochoir adh\u00e8re parfaitement et durablement \u00e0 votre peau. Cela permet de maintenir votre dessin parfaitement en place pendant le tatouage. [&hellip;]<\/p>\n","protected":false},"featured_media":1789,"template":"","meta":{"_acf_changed":false},"product_brand":[],"product_cat":[207],"product_tag":[209,208],"class_list":{"0":"post-2130","1":"product","2":"type-product","3":"status-publish","4":"has-post-thumbnail","6":"product_cat-fournitures-pour-pochoirs","7":"product_tag-baume","8":"product_tag-gel-pour-pochoir","10":"first","11":"outofstock","12":"taxable","13":"shipping-taxable","14":"purchasable","15":"product-type-simple"},"ams_default_variation_id":0,"ams_product_points_reward":[],"ams_product_discount_percentage":0,"ams_price_to_display":12.5,"ams_acf":[],"acf":[],"_links":{"self":[{"href":"https:\/\/inkskin.nl\/fr\/wp-json\/wp\/v2\/product\/2130","targetHints":{"allow":["GET"]}}],"collection":[{"href":"https:\/\/inkskin.nl\/fr\/wp-json\/wp\/v2\/product"}],"about":[{"href":"https:\/\/inkskin.nl\/fr\/wp-json\/wp\/v2\/types\/product"}],"version-history":[{"count":0,"href":"https:\/\/inkskin.nl\/fr\/wp-json\/wp\/v2\/product\/2130\/revisions"}],"wp:featuredmedia":[{"embeddable":true,"href":"https:\/\/inkskin.nl\/fr\/wp-json\/wp\/v2\/media\/1789"}],"wp:attachment":[{"href":"https:\/\/inkskin.nl\/fr\/wp-json\/wp\/v2\/media?parent=2130"}],"wp:term":[{"taxonomy":"product_brand","embeddable":true,"href":"https:\/\/inkskin.nl\/fr\/wp-json\/wp\/v2\/product_brand?post=2130"},{"taxonomy":"product_cat","embeddable":true,"href":"https:\/\/inkskin.nl\/fr\/wp-json\/wp\/v2\/product_cat?post=2130"},{"taxonomy":"product_tag","embeddable":true,"href":"https:\/\/inkskin.nl\/fr\/wp-json\/wp\/v2\/product_tag?post=2130"}],"curies":[{"name":"wp","href":"https:\/\/api.w.org\/{rel}","templated":true}]}}