{"id":2129,"date":"2024-03-27T09:52:56","date_gmt":"2024-03-27T09:52:56","guid":{"rendered":"https:\/\/inkskin.nl\/products\/balm-tattoo-vegan-shots-soap\/"},"modified":"2024-03-27T09:52:56","modified_gmt":"2024-03-27T09:52:56","slug":"balm-tattoo-vegan-shots-soap","status":"publish","type":"product","link":"https:\/\/inkskin.nl\/fr\/products\/balm-tattoo-vegan-shots-soap\/","title":{"rendered":"Balm Tattoo Vegan Shots &amp; Soap"},"content":{"rendered":"<p>Vous cherchez les meilleurs soins pour votre tatouage ? Nous avons la solution pour vous ! Notre cr\u00e8me de soin v\u00e9g\u00e9talienne \u00e9prouv\u00e9e est d\u00e9sormais disponible dans un set pratique, avec un gel lavant sans savon. Avec ces 2 tubes de 8 grammes, vous pouvez encore mieux soigner et pr\u00e9server votre tatouage.<\/p>\n<p>  Notre cr\u00e8me de soin v\u00e9g\u00e9talienne est sp\u00e9cialement con\u00e7ue pour nourrir et prot\u00e9ger votre tatouage. Le baume ne contient que des ingr\u00e9dients naturels et est enti\u00e8rement v\u00e9g\u00e9talien. Ne vous souciez plus des substances nocives sur votre peau, car cette cr\u00e8me de soin est exempte de savon et d&rsquo;autres substances irritantes.<\/p>\n<p>  Avec l&rsquo;ajout du gel de lavage sans savon, vous pouvez maintenant nettoyer votre tatouage encore plus en profondeur. Ce gel lavant \u00e9limine la salet\u00e9 et les bact\u00e9ries sans dess\u00e9cher votre peau. Votre tatouage reste ainsi non seulement beau, mais aussi sain.<\/p>\n<p>  Prenez soin de votre tatouage de mani\u00e8re optimale avec notre cr\u00e8me de soin v\u00e9g\u00e9talienne et notre gel nettoyant sans savon. Commandez maintenant et profitez d&rsquo;un tatouage beau et soign\u00e9 !<\/p>\n<p><strong>La Vegan Aftercare Cream convient-elle \u00e0 tous les types de peau ?<\/strong><br \/>\n  Oui, notre Vegan Aftercare Cream convient \u00e0 tous les types de peau. Il contient des ingr\u00e9dients naturels qui sont doux pour la peau et ne provoquent pas d&rsquo;irritations.<\/p>\n<p><strong>\u00c0 quelle fr\u00e9quence dois-je utiliser la Vegan Aftercare Cream et le gel lavant sans savon ?<\/strong><br \/>\n  Il est recommand\u00e9 d&rsquo;utiliser la Vegan Aftercare Cream et le gel lavant sans savon deux fois par jour, matin et soir. Ainsi, votre tatouage est soign\u00e9 et prot\u00e9g\u00e9 de mani\u00e8re optimale.<\/p>\n<p><strong>Combien de temps dure un tube de 8 grammes de Vegan Aftercare Cream ?<\/strong><br \/>\n  Le tube de 8 grammes de Vegan Aftercare Cream dure en moyenne 1 \u00e0 2 semaines, en fonction de la taille de votre tatouage et de la quantit\u00e9 utilis\u00e9e. Il est important d&rsquo;appliquer suffisamment de cr\u00e8me sur votre tatouage pour un soin optimal.<\/p>\n","protected":false},"excerpt":{"rendered":"<p>Vous cherchez les meilleurs soins pour votre tatouage ? Nous avons la solution pour vous ! Notre cr\u00e8me de soin v\u00e9g\u00e9talienne \u00e9prouv\u00e9e est d\u00e9sormais disponible dans un set pratique, avec un gel lavant sans savon. Avec ces 2 tubes de 8 grammes, vous pouvez encore mieux soigner et pr\u00e9server votre tatouage. Notre cr\u00e8me de soin [&hellip;]<\/p>\n","protected":false},"featured_media":1295,"template":"","meta":{"_acf_changed":false},"product_brand":[],"product_cat":[63,17],"product_tag":[24,77,128,109],"class_list":{"0":"post-2129","1":"product","2":"type-product","3":"status-publish","4":"has-post-thumbnail","6":"product_cat-balm-tattoo","7":"product_cat-aftercare","8":"product_tag-balm-aftercare","9":"product_tag-aftercare-cream","10":"product_tag-zeepvrije-was-gel","11":"product_tag-vegan","13":"first","14":"instock","15":"taxable","16":"shipping-taxable","17":"purchasable","18":"product-type-simple"},"ams_default_variation_id":0,"ams_product_points_reward":[],"ams_product_discount_percentage":0,"ams_price_to_display":67.5,"ams_acf":[],"acf":[],"_links":{"self":[{"href":"https:\/\/inkskin.nl\/fr\/wp-json\/wp\/v2\/product\/2129","targetHints":{"allow":["GET"]}}],"collection":[{"href":"https:\/\/inkskin.nl\/fr\/wp-json\/wp\/v2\/product"}],"about":[{"href":"https:\/\/inkskin.nl\/fr\/wp-json\/wp\/v2\/types\/product"}],"version-history":[{"count":0,"href":"https:\/\/inkskin.nl\/fr\/wp-json\/wp\/v2\/product\/2129\/revisions"}],"wp:featuredmedia":[{"embeddable":true,"href":"https:\/\/inkskin.nl\/fr\/wp-json\/wp\/v2\/media\/1295"}],"wp:attachment":[{"href":"https:\/\/inkskin.nl\/fr\/wp-json\/wp\/v2\/media?parent=2129"}],"wp:term":[{"taxonomy":"product_brand","embeddable":true,"href":"https:\/\/inkskin.nl\/fr\/wp-json\/wp\/v2\/product_brand?post=2129"},{"taxonomy":"product_cat","embeddable":true,"href":"https:\/\/inkskin.nl\/fr\/wp-json\/wp\/v2\/product_cat?post=2129"},{"taxonomy":"product_tag","embeddable":true,"href":"https:\/\/inkskin.nl\/fr\/wp-json\/wp\/v2\/product_tag?post=2129"}],"curies":[{"name":"wp","href":"https:\/\/api.w.org\/{rel}","templated":true}]}}