{"id":2126,"date":"2024-03-27T09:52:56","date_gmt":"2024-03-27T09:52:56","guid":{"rendered":"https:\/\/inkskin.nl\/products\/balm-tattoo-sun-shots-8-gr-display\/"},"modified":"2024-03-27T09:52:56","modified_gmt":"2024-03-27T09:52:56","slug":"balm-tattoo-sun-shots-8-gr-display","status":"publish","type":"product","link":"https:\/\/inkskin.nl\/fr\/products\/balm-tattoo-sun-shots-8-gr-display\/","title":{"rendered":"Balm Tattoo Sun Shots 8 gr display"},"content":{"rendered":"<p>Vous voulez soigner et prot\u00e9ger votre tatouage o\u00f9 que vous soyez ? Dans ce cas, notre produit est parfait pour vous ! Nos shots contiennent la m\u00eame excellente formule que notre paquet normal, mais dans un petit format pratique. Id\u00e9al pour les petits tatouages ou \u00e0 emporter en voyage. Et gr\u00e2ce \u00e0 notre protection solaire, vous pouvez m\u00eame sortir au soleil imm\u00e9diatement apr\u00e8s avoir fait votre tatouage sans craindre une d\u00e9coloration ou des dommages. Notre Aftercare Cream et notre Aftercare Balm garderont votre tatouage hydrat\u00e9 et beau pendant longtemps. Et gr\u00e2ce \u00e0 l&rsquo;indice SPF 50, vous \u00eates toujours prot\u00e9g\u00e9 des rayons nocifs du soleil. Prenez soin de vous et de votre tatouage gr\u00e2ce \u00e0 notre kit de toilettage complet !<\/p>\n<p><strong>Pour quel type de tatouage votre produit est-il adapt\u00e9 ?<\/strong><br \/>\n  Notre produit convient aussi bien aux petits tatouages qu&rsquo;aux tatouages de toutes tailles.<\/p>\n<p><strong>Puis-je m&rsquo;exposer au soleil imm\u00e9diatement apr\u00e8s mon tatouage sans crainte ?<\/strong><br \/>\n  Oui, avec notre cr\u00e8me solaire, vous pouvez vous exposer au soleil imm\u00e9diatement apr\u00e8s avoir fait votre tatouage, sans craindre une d\u00e9coloration ou des dommages.<\/p>\n<p><strong>Pendant combien de temps mon tatouage restera-t-il beau et hydrat\u00e9 avec votre Aftercare Cream et Balm Aftercare ?<\/strong><br \/>\n  Notre Aftercare Cream et notre Aftercare Balm garderont votre tatouage hydrat\u00e9 et beau pendant longtemps.<\/p>\n","protected":false},"excerpt":{"rendered":"<p>Vous voulez soigner et prot\u00e9ger votre tatouage o\u00f9 que vous soyez ? Dans ce cas, notre produit est parfait pour vous ! Nos shots contiennent la m\u00eame excellente formule que notre paquet normal, mais dans un petit format pratique. Id\u00e9al pour les petits tatouages ou \u00e0 emporter en voyage. Et gr\u00e2ce \u00e0 notre protection solaire, [&hellip;]<\/p>\n","protected":false},"featured_media":1294,"template":"","meta":{"_acf_changed":false},"product_brand":[],"product_cat":[200,199],"product_tag":[201,205,206],"class_list":{"0":"post-2126","1":"product","2":"type-product","3":"status-publish","4":"has-post-thumbnail","6":"product_cat-baume-tatouage","7":"product_cat-postcure","8":"product_tag-baume-apres-vente","9":"product_tag-creme-de-soin","10":"product_tag-facteur-spf-50","12":"first","13":"instock","14":"taxable","15":"shipping-taxable","16":"purchasable","17":"product-type-simple"},"ams_default_variation_id":0,"ams_product_points_reward":[],"ams_product_discount_percentage":0,"ams_price_to_display":212.5,"ams_acf":[],"acf":[],"_links":{"self":[{"href":"https:\/\/inkskin.nl\/fr\/wp-json\/wp\/v2\/product\/2126","targetHints":{"allow":["GET"]}}],"collection":[{"href":"https:\/\/inkskin.nl\/fr\/wp-json\/wp\/v2\/product"}],"about":[{"href":"https:\/\/inkskin.nl\/fr\/wp-json\/wp\/v2\/types\/product"}],"version-history":[{"count":0,"href":"https:\/\/inkskin.nl\/fr\/wp-json\/wp\/v2\/product\/2126\/revisions"}],"wp:featuredmedia":[{"embeddable":true,"href":"https:\/\/inkskin.nl\/fr\/wp-json\/wp\/v2\/media\/1294"}],"wp:attachment":[{"href":"https:\/\/inkskin.nl\/fr\/wp-json\/wp\/v2\/media?parent=2126"}],"wp:term":[{"taxonomy":"product_brand","embeddable":true,"href":"https:\/\/inkskin.nl\/fr\/wp-json\/wp\/v2\/product_brand?post=2126"},{"taxonomy":"product_cat","embeddable":true,"href":"https:\/\/inkskin.nl\/fr\/wp-json\/wp\/v2\/product_cat?post=2126"},{"taxonomy":"product_tag","embeddable":true,"href":"https:\/\/inkskin.nl\/fr\/wp-json\/wp\/v2\/product_tag?post=2126"}],"curies":[{"name":"wp","href":"https:\/\/api.w.org\/{rel}","templated":true}]}}