{"id":2124,"date":"2024-03-27T09:52:56","date_gmt":"2024-03-27T09:52:56","guid":{"rendered":"https:\/\/inkskin.nl\/products\/baume-tattoo-sun-shots-soap\/"},"modified":"2024-03-27T09:52:56","modified_gmt":"2024-03-27T09:52:56","slug":"baume-tattoo-sun-shots-soap","status":"publish","type":"product","link":"https:\/\/inkskin.nl\/fr\/products\/baume-tattoo-sun-shots-soap\/","title":{"rendered":"Baume Tattoo Sun Shots &amp; Soap"},"content":{"rendered":"<p>Vous cherchez le soin ultime pour votre tatouage ? Nous avons la solution pour vous ! Notre fid\u00e8le Sun est maintenant disponible en combinaison avec un gel de lavage sans savon, pour que vous puissiez prendre encore plus soin de votre tatouage. Avec notre Aftercare Cream et notre Aftercare Balm, vous \u00eates assur\u00e9 d&rsquo;une cicatrisation optimale de votre tatouage. Et gr\u00e2ce \u00e0 l&rsquo;indice SPF 50, vous \u00eates prot\u00e9g\u00e9 des rayons UV nocifs, ce qui permet \u00e0 votre tatouage de rester beau plus longtemps. Le gel de lavage sans savon garantit un nettoyage complet de votre tatouage sans en alt\u00e9rer les couleurs et les formes. Choisissez les meilleurs soins pour votre tatouage et profitez d&rsquo;une belle \u0153uvre d&rsquo;art sur votre corps pour les ann\u00e9es \u00e0 venir.<\/p>\n<p><strong>\u00c0 quelle fr\u00e9quence dois-je utiliser le gel nettoyant sans savon pour nettoyer mon tatouage ?<\/strong><br \/>\n  Il est recommand\u00e9 d&rsquo;utiliser le gel nettoyant sans savon deux fois par jour pour nettoyer soigneusement votre tatouage.<\/p>\n<p><strong>La cr\u00e8me Aftercare Cream convient-elle \u00e0 tous les types de peau ?<\/strong><br \/>\n  Oui, la Aftercare Cream convient \u00e0 tous les types de peau. Il est sp\u00e9cialement formul\u00e9 pour favoriser la cicatrisation de votre tatouage, quel que soit votre type de peau.<\/p>\n<p><strong>Puis-je appliquer le Sun avec le facteur SPF 50 directement sur mon tatouage ?<\/strong><br \/>\n  Oui, le soleil avec un facteur SPF de 50 peut \u00eatre utilis\u00e9 sans danger sur votre tatouage. Il prot\u00e8ge votre tatouage des rayons UV nocifs et permet aux couleurs et aux formes de rester belles plus longtemps.<\/p>\n","protected":false},"excerpt":{"rendered":"<p>Vous cherchez le soin ultime pour votre tatouage ? Nous avons la solution pour vous ! Notre fid\u00e8le Sun est maintenant disponible en combinaison avec un gel de lavage sans savon, pour que vous puissiez prendre encore plus soin de votre tatouage. Avec notre Aftercare Cream et notre Aftercare Balm, vous \u00eates assur\u00e9 d&rsquo;une cicatrisation [&hellip;]<\/p>\n","protected":false},"featured_media":1293,"template":"","meta":{"_acf_changed":false},"product_brand":[],"product_cat":[200,199],"product_tag":[201,205,206,203],"class_list":{"0":"post-2124","1":"product","2":"type-product","3":"status-publish","4":"has-post-thumbnail","6":"product_cat-baume-tatouage","7":"product_cat-postcure","8":"product_tag-baume-apres-vente","9":"product_tag-creme-de-soin","10":"product_tag-facteur-spf-50","11":"product_tag-gel-de-lavage-sans-savon","13":"first","14":"instock","15":"taxable","16":"shipping-taxable","17":"purchasable","18":"product-type-simple"},"ams_default_variation_id":0,"ams_product_points_reward":[],"ams_product_discount_percentage":0,"ams_price_to_display":82.5,"ams_acf":[],"acf":[],"_links":{"self":[{"href":"https:\/\/inkskin.nl\/fr\/wp-json\/wp\/v2\/product\/2124","targetHints":{"allow":["GET"]}}],"collection":[{"href":"https:\/\/inkskin.nl\/fr\/wp-json\/wp\/v2\/product"}],"about":[{"href":"https:\/\/inkskin.nl\/fr\/wp-json\/wp\/v2\/types\/product"}],"version-history":[{"count":0,"href":"https:\/\/inkskin.nl\/fr\/wp-json\/wp\/v2\/product\/2124\/revisions"}],"wp:featuredmedia":[{"embeddable":true,"href":"https:\/\/inkskin.nl\/fr\/wp-json\/wp\/v2\/media\/1293"}],"wp:attachment":[{"href":"https:\/\/inkskin.nl\/fr\/wp-json\/wp\/v2\/media?parent=2124"}],"wp:term":[{"taxonomy":"product_brand","embeddable":true,"href":"https:\/\/inkskin.nl\/fr\/wp-json\/wp\/v2\/product_brand?post=2124"},{"taxonomy":"product_cat","embeddable":true,"href":"https:\/\/inkskin.nl\/fr\/wp-json\/wp\/v2\/product_cat?post=2124"},{"taxonomy":"product_tag","embeddable":true,"href":"https:\/\/inkskin.nl\/fr\/wp-json\/wp\/v2\/product_tag?post=2124"}],"curies":[{"name":"wp","href":"https:\/\/api.w.org\/{rel}","templated":true}]}}