{"id":2123,"date":"2024-03-27T09:52:59","date_gmt":"2024-03-27T09:52:59","guid":{"rendered":"https:\/\/inkskin.nl\/products\/baume-tatouage-pochoir-250-ml\/"},"modified":"2024-03-27T09:52:59","modified_gmt":"2024-03-27T09:52:59","slug":"baume-tatouage-pochoir-250-ml","status":"publish","type":"product","link":"https:\/\/inkskin.nl\/fr\/products\/baume-tatouage-pochoir-250-ml\/","title":{"rendered":"Baume Tatouage Pochoir 250 ml"},"content":{"rendered":"<p>Vous souhaitez \u00e9galement que votre pochoir de tatouage adh\u00e8re parfaitement et durablement \u00e0 votre peau ? Dans ce cas, notre pochoir de tatouage de baume est exactement ce qu&rsquo;il vous faut ! Avec une petite quantit\u00e9 de ce puissant liquide pour pochoir, vous vous assurez que votre pochoir reste parfaitement en place, m\u00eame pendant le tatouage.  <\/p>\n<p>  Mais ce n&rsquo;est pas tout, notre pochoir de tatouage de baume fait \u00e9galement des merveilles pour votre peau. Gr\u00e2ce \u00e0 l&rsquo;Aloe Vera, votre peau est soign\u00e9e et hydrat\u00e9e tout au long du processus. Fini la peau s\u00e8che et irrit\u00e9e apr\u00e8s le tatouage !<\/p>\n<p>  Qu&rsquo;attendez-vous ? Am\u00e9liorez votre tatouage avec notre pochoir Balm Tattoo et profitez d&rsquo;une adh\u00e9rence nette et durable, ainsi que d&rsquo;une peau soign\u00e9e. Commandez maintenant et am\u00e9liorez votre exp\u00e9rience du tatouage !<\/p>\n<p><strong>Quelle est la diff\u00e9rence entre le pochoir Balm Tattoo et un pochoir ordinaire ?<\/strong><br \/>\n  La diff\u00e9rence r\u00e9side dans le fait que Balm Tattoo Stencil assure une adh\u00e9rence parfaite et durable de votre pochoir de tatouage sur votre peau, alors que le liquide pour pochoir ordinaire peut ne pas \u00eatre aussi solide ou durable.<\/p>\n<p><strong>Quelle quantit\u00e9 de Balm Tattoo Stencil dois-je utiliser pour mon pochoir de tatouage ?<\/strong><br \/>\n  Une petite quantit\u00e9 du puissant liquide pour pochoir suffit \u00e0 maintenir votre pochoir parfaitement en place pendant le tatouage.<\/p>\n<p><strong>Quels sont les avantages de l&rsquo;aloe vera dans le pochoir Balm Tattoo ?<\/strong><br \/>\n  L&rsquo;aloe vera contenu dans le pochoir de tatouage Balm soigne et hydrate la peau pendant le tatouage, \u00e9vitant ainsi le dess\u00e8chement et l&rsquo;irritation de la peau apr\u00e8s le tatouage.<\/p>\n","protected":false},"excerpt":{"rendered":"<p>Vous souhaitez \u00e9galement que votre pochoir de tatouage adh\u00e8re parfaitement et durablement \u00e0 votre peau ? Dans ce cas, notre pochoir de tatouage de baume est exactement ce qu&rsquo;il vous faut ! Avec une petite quantit\u00e9 de ce puissant liquide pour pochoir, vous vous assurez que votre pochoir reste parfaitement en place, m\u00eame pendant le [&hellip;]<\/p>\n","protected":false},"featured_media":1788,"template":"","meta":{"_acf_changed":false},"product_brand":[],"product_cat":[207],"product_tag":[209,208],"class_list":{"0":"post-2123","1":"product","2":"type-product","3":"status-publish","4":"has-post-thumbnail","6":"product_cat-fournitures-pour-pochoirs","7":"product_tag-baume","8":"product_tag-gel-pour-pochoir","10":"first","11":"instock","12":"taxable","13":"shipping-taxable","14":"purchasable","15":"product-type-simple"},"ams_default_variation_id":0,"ams_product_points_reward":[],"ams_product_discount_percentage":0,"ams_price_to_display":21,"ams_acf":[],"acf":[],"_links":{"self":[{"href":"https:\/\/inkskin.nl\/fr\/wp-json\/wp\/v2\/product\/2123","targetHints":{"allow":["GET"]}}],"collection":[{"href":"https:\/\/inkskin.nl\/fr\/wp-json\/wp\/v2\/product"}],"about":[{"href":"https:\/\/inkskin.nl\/fr\/wp-json\/wp\/v2\/types\/product"}],"version-history":[{"count":0,"href":"https:\/\/inkskin.nl\/fr\/wp-json\/wp\/v2\/product\/2123\/revisions"}],"wp:featuredmedia":[{"embeddable":true,"href":"https:\/\/inkskin.nl\/fr\/wp-json\/wp\/v2\/media\/1788"}],"wp:attachment":[{"href":"https:\/\/inkskin.nl\/fr\/wp-json\/wp\/v2\/media?parent=2123"}],"wp:term":[{"taxonomy":"product_brand","embeddable":true,"href":"https:\/\/inkskin.nl\/fr\/wp-json\/wp\/v2\/product_brand?post=2123"},{"taxonomy":"product_cat","embeddable":true,"href":"https:\/\/inkskin.nl\/fr\/wp-json\/wp\/v2\/product_cat?post=2123"},{"taxonomy":"product_tag","embeddable":true,"href":"https:\/\/inkskin.nl\/fr\/wp-json\/wp\/v2\/product_tag?post=2123"}],"curies":[{"name":"wp","href":"https:\/\/api.w.org\/{rel}","templated":true}]}}