{"id":2122,"date":"2024-03-27T09:52:55","date_gmt":"2024-03-27T09:52:55","guid":{"rendered":"https:\/\/inkskin.nl\/products\/balm-tattoo-vegan-sun-shots-8-gr-display\/"},"modified":"2024-03-27T09:52:55","modified_gmt":"2024-03-27T09:52:55","slug":"balm-tattoo-vegan-sun-shots-8-gr-display","status":"publish","type":"product","link":"https:\/\/inkskin.nl\/fr\/products\/balm-tattoo-vegan-sun-shots-8-gr-display\/","title":{"rendered":"Balm Tattoo Vegan Sun Shots 8 gr display"},"content":{"rendered":"<p>La m\u00eame formule, dans un petit emballage. Les clich\u00e9s sont id\u00e9aux pour les petits tatouages, ou \u00e0 emporter avec soi. Avec l&rsquo;\u00e9cran solaire v\u00e9g\u00e9talien, vous pouvez vous exposer au soleil presque imm\u00e9diatement avec un tatouage tout juste pos\u00e9.<\/p>\n","protected":false},"excerpt":{"rendered":"<p>La m\u00eame formule, dans un petit emballage. Les clich\u00e9s sont id\u00e9aux pour les petits tatouages, ou \u00e0 emporter avec soi. Avec l&rsquo;\u00e9cran solaire v\u00e9g\u00e9talien, vous pouvez vous exposer au soleil presque imm\u00e9diatement avec un tatouage tout juste pos\u00e9.<\/p>\n","protected":false},"featured_media":1298,"template":"","meta":{"_acf_changed":false},"product_brand":[],"product_cat":[200,199],"product_tag":[201,205,206,202],"class_list":{"0":"post-2122","1":"product","2":"type-product","3":"status-publish","4":"has-post-thumbnail","6":"product_cat-baume-tatouage","7":"product_cat-postcure","8":"product_tag-baume-apres-vente","9":"product_tag-creme-de-soin","10":"product_tag-facteur-spf-50","11":"product_tag-vegetalien","13":"first","14":"instock","15":"taxable","16":"shipping-taxable","17":"purchasable","18":"product-type-simple"},"ams_default_variation_id":0,"ams_product_points_reward":[],"ams_product_discount_percentage":0,"ams_price_to_display":225,"ams_acf":[],"acf":[],"_links":{"self":[{"href":"https:\/\/inkskin.nl\/fr\/wp-json\/wp\/v2\/product\/2122","targetHints":{"allow":["GET"]}}],"collection":[{"href":"https:\/\/inkskin.nl\/fr\/wp-json\/wp\/v2\/product"}],"about":[{"href":"https:\/\/inkskin.nl\/fr\/wp-json\/wp\/v2\/types\/product"}],"version-history":[{"count":0,"href":"https:\/\/inkskin.nl\/fr\/wp-json\/wp\/v2\/product\/2122\/revisions"}],"wp:featuredmedia":[{"embeddable":true,"href":"https:\/\/inkskin.nl\/fr\/wp-json\/wp\/v2\/media\/1298"}],"wp:attachment":[{"href":"https:\/\/inkskin.nl\/fr\/wp-json\/wp\/v2\/media?parent=2122"}],"wp:term":[{"taxonomy":"product_brand","embeddable":true,"href":"https:\/\/inkskin.nl\/fr\/wp-json\/wp\/v2\/product_brand?post=2122"},{"taxonomy":"product_cat","embeddable":true,"href":"https:\/\/inkskin.nl\/fr\/wp-json\/wp\/v2\/product_cat?post=2122"},{"taxonomy":"product_tag","embeddable":true,"href":"https:\/\/inkskin.nl\/fr\/wp-json\/wp\/v2\/product_tag?post=2122"}],"curies":[{"name":"wp","href":"https:\/\/api.w.org\/{rel}","templated":true}]}}