{"id":2121,"date":"2024-03-27T09:52:54","date_gmt":"2024-03-27T09:52:54","guid":{"rendered":"https:\/\/inkskin.nl\/products\/balm-tattoo-wash-gel-original-100-ml\/"},"modified":"2024-03-27T09:52:54","modified_gmt":"2024-03-27T09:52:54","slug":"balm-tattoo-wash-gel-original-100-ml","status":"publish","type":"product","link":"https:\/\/inkskin.nl\/fr\/products\/balm-tattoo-wash-gel-original-100-ml\/","title":{"rendered":"Balm Tattoo Wash Gel Original 100 ml"},"content":{"rendered":"<p>Vous venez de vous faire tatouer et vous voulez prendre soin de votre tatouage de la meilleure fa\u00e7on possible ? Le gel Balm Tattoo est alors la solution id\u00e9ale pour vous ! Ce gel nettoyant rafra\u00eechissant sans savon est sp\u00e9cialement con\u00e7u pour apporter un soin suppl\u00e9mentaire \u00e0 votre tatouage et le garder propre.  <\/p>\n<p>  Gr\u00e2ce au baume de soin apr\u00e8s tatouage Balm Tattoo, ce gel permet \u00e9galement une r\u00e9cup\u00e9ration rapide de la peau apr\u00e8s le tatouage. La combinaison du gel et du baume ne donne pas seulement un bel aspect \u00e0 votre tatouage, mais garantit \u00e9galement que votre peau se r\u00e9tablit rapidement et que vous n&rsquo;avez pas \u00e0 vous soucier d&rsquo;infections ou d&rsquo;irritations.  <\/p>\n<p>  Le gel Balm Tattoo est le moyen id\u00e9al d&rsquo;entretenir correctement votre tatouage et de veiller \u00e0 ce qu&rsquo;il reste beau pendant des ann\u00e9es. Commandez maintenant et donnez \u00e0 votre tatouage le soin qu&rsquo;il m\u00e9rite !<\/p>\n<p><strong>Le gel Balm Tattoo peut-il \u00eatre utilis\u00e9 sur tous les types de tatouages ?<\/strong><br \/>\n  Oui, le gel Balm Tattoo est sp\u00e9cialement con\u00e7u pour soigner et garder propres tous les types de tatouages. Il peut \u00eatre utilis\u00e9 en toute s\u00e9curit\u00e9 sur les tatouages color\u00e9s et noirs.<\/p>\n<p><strong>\u00c0 quelle fr\u00e9quence dois-je utiliser le gel Balm Tattoo ?<\/strong><br \/>\n  Il est recommand\u00e9 d&rsquo;utiliser le gel Balm Tattoo 2 \u00e0 3 fois par jour, surtout dans les premiers jours suivant le tatouage. Ensuite, la fr\u00e9quence peut \u00eatre r\u00e9duite \u00e0 1 ou 2 fois par jour, en fonction des besoins de votre tatouage et de votre peau.<\/p>\n<p><strong>Puis-je utiliser d&rsquo;autres produits en combinaison avec le gel Balm Tattoo ?<\/strong><br \/>\n  Oui, vous pouvez utiliser d&rsquo;autres produits tels que des lotions ou des cr\u00e8mes en combinaison avec le gel Balm Tattoo. Cependant, il est important de s&rsquo;assurer que ces produits n&rsquo;affectent pas n\u00e9gativement la gu\u00e9rison et le soin de votre tatouage. Il est conseill\u00e9 de demander conseil \u00e0 votre tatoueur ou \u00e0 un dermatologue avant d&rsquo;utiliser d&rsquo;autres produits.<\/p>\n","protected":false},"excerpt":{"rendered":"<p>Vous venez de vous faire tatouer et vous voulez prendre soin de votre tatouage de la meilleure fa\u00e7on possible ? Le gel Balm Tattoo est alors la solution id\u00e9ale pour vous ! Ce gel nettoyant rafra\u00eechissant sans savon est sp\u00e9cialement con\u00e7u pour apporter un soin suppl\u00e9mentaire \u00e0 votre tatouage et le garder propre. Gr\u00e2ce au [&hellip;]<\/p>\n","protected":false},"featured_media":2679,"template":"","meta":{"_acf_changed":false},"product_brand":[],"product_cat":[200,199],"product_tag":[201,203],"class_list":{"0":"post-2121","1":"product","2":"type-product","3":"status-publish","4":"has-post-thumbnail","6":"product_cat-baume-tatouage","7":"product_cat-postcure","8":"product_tag-baume-apres-vente","9":"product_tag-gel-de-lavage-sans-savon","11":"first","12":"instock","13":"taxable","14":"shipping-taxable","15":"purchasable","16":"product-type-simple"},"ams_default_variation_id":0,"ams_product_points_reward":[],"ams_product_discount_percentage":0,"ams_price_to_display":3.75,"ams_acf":[],"acf":[],"_links":{"self":[{"href":"https:\/\/inkskin.nl\/fr\/wp-json\/wp\/v2\/product\/2121","targetHints":{"allow":["GET"]}}],"collection":[{"href":"https:\/\/inkskin.nl\/fr\/wp-json\/wp\/v2\/product"}],"about":[{"href":"https:\/\/inkskin.nl\/fr\/wp-json\/wp\/v2\/types\/product"}],"version-history":[{"count":0,"href":"https:\/\/inkskin.nl\/fr\/wp-json\/wp\/v2\/product\/2121\/revisions"}],"wp:featuredmedia":[{"embeddable":true,"href":"https:\/\/inkskin.nl\/fr\/wp-json\/wp\/v2\/media\/2679"}],"wp:attachment":[{"href":"https:\/\/inkskin.nl\/fr\/wp-json\/wp\/v2\/media?parent=2121"}],"wp:term":[{"taxonomy":"product_brand","embeddable":true,"href":"https:\/\/inkskin.nl\/fr\/wp-json\/wp\/v2\/product_brand?post=2121"},{"taxonomy":"product_cat","embeddable":true,"href":"https:\/\/inkskin.nl\/fr\/wp-json\/wp\/v2\/product_cat?post=2121"},{"taxonomy":"product_tag","embeddable":true,"href":"https:\/\/inkskin.nl\/fr\/wp-json\/wp\/v2\/product_tag?post=2121"}],"curies":[{"name":"wp","href":"https:\/\/api.w.org\/{rel}","templated":true}]}}