{"id":2120,"date":"2024-03-27T09:52:55","date_gmt":"2024-03-27T09:52:55","guid":{"rendered":"https:\/\/inkskin.nl\/products\/balm-tattoo-vegan-sun-shots-soap\/"},"modified":"2024-03-27T09:52:55","modified_gmt":"2024-03-27T09:52:55","slug":"balm-tattoo-vegan-sun-shots-soap","status":"publish","type":"product","link":"https:\/\/inkskin.nl\/fr\/products\/balm-tattoo-vegan-sun-shots-soap\/","title":{"rendered":"Balm Tattoo Vegan Sun Shots &amp; Soap"},"content":{"rendered":"<p>Vous voulez donner \u00e0 votre tatouage les meilleurs soins ? Nous avons la solution pour vous ! Notre produit de confiance vegan Sun est d\u00e9sormais disponible en set complet, incluant un gel lavant sans savon. Gr\u00e2ce \u00e0 ce set, vous pourrez encore mieux soigner et prot\u00e9ger votre tatouage. La Cr\u00e8me et le Baume Apr\u00e8s-Soin assurent une cicatrisation optimale de votre tatouage, tandis que l&rsquo;indice SPF 50 prot\u00e8ge votre tatouage des rayons nocifs du soleil. Et le meilleur de tous ? Tous nos produits sont v\u00e9g\u00e9taliens, ce qui vous permet de prendre soin de votre tatouage en toute s\u00e9r\u00e9nit\u00e9. N&rsquo;attendez plus et donnez \u00e0 votre tatouage l&rsquo;amour et le soin qu&rsquo;il m\u00e9rite avec notre set Sun vegan comprenant un gel lavant sans savon !<\/p>\n<p><strong>Le set Sun convient-il \u00e0 tous les types de tatouages ?<\/strong><br \/>\n  Oui, le set Sun convient \u00e0 tous les types de tatouages, quels qu&rsquo;en soient le dessin, la couleur ou la taille.<\/p>\n<p><strong>\u00c0 quelle fr\u00e9quence dois-je appliquer la Cr\u00e8me et le Baume Apr\u00e8s-Soin ?<\/strong><br \/>\n  Il est recommand\u00e9 d&rsquo;appliquer la Cr\u00e8me et le Baume Apr\u00e8s-Soin trois fois par jour pendant les deux premi\u00e8res semaines suivant le tatouage.<\/p>\n<p><strong>L&rsquo;indice SPF 50 garantit-il que mon tatouage ne s&rsquo;effacera jamais ?<\/strong><br \/>\n  Bien que l&rsquo;indice SPF 50 contribue \u00e0 prot\u00e9ger votre tatouage des rayons solaires nocifs, il ne peut garantir que votre tatouage ne s&rsquo;effacera jamais. Toutefois, l&rsquo;application r\u00e9guli\u00e8re d&rsquo;une cr\u00e8me solaire avec un indice de protection \u00e9lev\u00e9 peut contribuer \u00e0 pr\u00e9server la beaut\u00e9 des couleurs de votre tatouage pendant plus longtemps.<\/p>\n","protected":false},"excerpt":{"rendered":"<p>Vous voulez donner \u00e0 votre tatouage les meilleurs soins ? Nous avons la solution pour vous ! Notre produit de confiance vegan Sun est d\u00e9sormais disponible en set complet, incluant un gel lavant sans savon. Gr\u00e2ce \u00e0 ce set, vous pourrez encore mieux soigner et prot\u00e9ger votre tatouage. La Cr\u00e8me et le Baume Apr\u00e8s-Soin assurent [&hellip;]<\/p>\n","protected":false},"featured_media":1297,"template":"","meta":{"_acf_changed":false},"product_brand":[],"product_cat":[200,199],"product_tag":[201,205,206,203,202],"class_list":{"0":"post-2120","1":"product","2":"type-product","3":"status-publish","4":"has-post-thumbnail","6":"product_cat-baume-tatouage","7":"product_cat-postcure","8":"product_tag-baume-apres-vente","9":"product_tag-creme-de-soin","10":"product_tag-facteur-spf-50","11":"product_tag-gel-de-lavage-sans-savon","12":"product_tag-vegetalien","14":"first","15":"instock","16":"taxable","17":"shipping-taxable","18":"purchasable","19":"product-type-simple"},"ams_default_variation_id":0,"ams_product_points_reward":[],"ams_product_discount_percentage":0,"ams_price_to_display":90,"ams_acf":[],"acf":[],"_links":{"self":[{"href":"https:\/\/inkskin.nl\/fr\/wp-json\/wp\/v2\/product\/2120","targetHints":{"allow":["GET"]}}],"collection":[{"href":"https:\/\/inkskin.nl\/fr\/wp-json\/wp\/v2\/product"}],"about":[{"href":"https:\/\/inkskin.nl\/fr\/wp-json\/wp\/v2\/types\/product"}],"version-history":[{"count":0,"href":"https:\/\/inkskin.nl\/fr\/wp-json\/wp\/v2\/product\/2120\/revisions"}],"wp:featuredmedia":[{"embeddable":true,"href":"https:\/\/inkskin.nl\/fr\/wp-json\/wp\/v2\/media\/1297"}],"wp:attachment":[{"href":"https:\/\/inkskin.nl\/fr\/wp-json\/wp\/v2\/media?parent=2120"}],"wp:term":[{"taxonomy":"product_brand","embeddable":true,"href":"https:\/\/inkskin.nl\/fr\/wp-json\/wp\/v2\/product_brand?post=2120"},{"taxonomy":"product_cat","embeddable":true,"href":"https:\/\/inkskin.nl\/fr\/wp-json\/wp\/v2\/product_cat?post=2120"},{"taxonomy":"product_tag","embeddable":true,"href":"https:\/\/inkskin.nl\/fr\/wp-json\/wp\/v2\/product_tag?post=2120"}],"curies":[{"name":"wp","href":"https:\/\/api.w.org\/{rel}","templated":true}]}}