{"id":2119,"date":"2024-03-27T09:52:53","date_gmt":"2024-03-27T09:52:53","guid":{"rendered":"https:\/\/inkskin.nl\/products\/cheyenne-11-magnum\/"},"modified":"2024-03-27T09:52:53","modified_gmt":"2024-03-27T09:52:53","slug":"cheyenne-11-magnum","status":"publish","type":"product","link":"https:\/\/inkskin.nl\/fr\/products\/cheyenne-11-magnum\/","title":{"rendered":"Cheyenne 11 magnum"},"content":{"rendered":"<p>Vous \u00eates un tatoueur professionnel qui ne veut que le meilleur pour ses clients ? Dans ce cas, les cartouches de s\u00e9curit\u00e9 Cheyenne sont vraiment faites pour vous ! Ces modules d&rsquo;aiguilles sont sp\u00e9cialement con\u00e7us pour r\u00e9pondre \u00e0 vos besoins en tant que professionnel. Avec la plus haute qualit\u00e9 et fabriqu\u00e9 selon les normes strictes ISO 13485, vous \u00eates assur\u00e9 d&rsquo;une exp\u00e9rience de tatouage s\u00fbre et fiable. Les cartouches de s\u00e9curit\u00e9 Cheyenne offrent non seulement des performances sup\u00e9rieures, mais aussi une excellente hygi\u00e8ne. La conception sp\u00e9ciale vous permet de passer rapidement et facilement d&rsquo;une configuration d&rsquo;aiguille \u00e0 l&rsquo;autre, ce qui vous permet de travailler efficacement. Choisissez les cartouches de s\u00e9curit\u00e9 Cheyenne et offrez \u00e0 vos clients la qualit\u00e9 et la s\u00e9curit\u00e9 qu&rsquo;ils m\u00e9ritent !<\/p>\n<p><strong>Comment les cartouches de s\u00e9curit\u00e9 Cheyenne garantissent-elles une exp\u00e9rience de tatouage s\u00fbre ?<br \/>\n<\/strong>Les cartouches de s\u00e9curit\u00e9 Cheyenne sont fabriqu\u00e9es selon les normes strictes ISO 13485, ce qui signifie qu&rsquo;elles r\u00e9pondent aux normes les plus \u00e9lev\u00e9es en mati\u00e8re de qualit\u00e9 et de s\u00e9curit\u00e9. Cela garantit \u00e0 vos clients une exp\u00e9rience de tatouage en toute s\u00e9curit\u00e9.<\/p>\n<p><strong>Puis-je passer rapidement d&rsquo;une configuration d&rsquo;aiguille \u00e0 l&rsquo;autre avec les cartouches de s\u00e9curit\u00e9 Cheyenne ?<\/strong><\/p>\n<p>Oui, gr\u00e2ce \u00e0 la conception sp\u00e9ciale des cartouches de s\u00e9curit\u00e9 Cheyenne, vous pouvez rapidement et facilement passer d&rsquo;une configuration d&rsquo;aiguille \u00e0 l&rsquo;autre. Cela vous permet de travailler efficacement et de servir vos clients plus rapidement.<\/p>\n<p><strong>Qu&rsquo;est-ce qui diff\u00e9rencie les cartouches de s\u00e9curit\u00e9 Cheyenne des autres modules d&rsquo;aiguilles disponibles sur le march\u00e9 ?<\/strong><\/p>\n<p>Les cartouches de s\u00e9curit\u00e9 Cheyenne sont r\u00e9put\u00e9es pour leur qualit\u00e9 sup\u00e9rieure et leur excellente hygi\u00e8ne. Ils sont sp\u00e9cialement con\u00e7us pour r\u00e9pondre aux besoins des tatoueurs professionnels et sont fabriqu\u00e9s selon des normes rigoureuses. Vous pouvez ainsi offrir \u00e0 vos clients la qualit\u00e9 et la s\u00e9curit\u00e9 les plus \u00e9lev\u00e9es qu&rsquo;ils m\u00e9ritent.<\/p>\n","protected":false},"excerpt":{"rendered":"<p>Vous \u00eates un tatoueur professionnel qui ne veut que le meilleur pour ses clients ? Dans ce cas, les cartouches de s\u00e9curit\u00e9 Cheyenne sont vraiment faites pour vous ! Ces modules d&rsquo;aiguilles sont sp\u00e9cialement con\u00e7us pour r\u00e9pondre \u00e0 vos besoins en tant que professionnel. Avec la plus haute qualit\u00e9 et fabriqu\u00e9 selon les normes strictes [&hellip;]<\/p>\n","protected":false},"featured_media":1819,"template":"","meta":{"_acf_changed":false},"product_brand":[],"product_cat":[160,196],"product_tag":[197,198],"class_list":{"0":"post-2119","1":"product","2":"type-product","3":"status-publish","4":"has-post-thumbnail","6":"product_cat-aiguilles-cartouche","7":"product_cat-cartouches-cheyenne","8":"product_tag-aiguilles-cartouche","9":"product_tag-cartouches-cheyenne","11":"first","12":"outofstock","13":"taxable","14":"shipping-taxable","15":"purchasable","16":"product-type-simple"},"ams_default_variation_id":0,"ams_product_points_reward":[],"ams_product_discount_percentage":0,"ams_price_to_display":35,"ams_acf":[],"acf":[],"_links":{"self":[{"href":"https:\/\/inkskin.nl\/fr\/wp-json\/wp\/v2\/product\/2119","targetHints":{"allow":["GET"]}}],"collection":[{"href":"https:\/\/inkskin.nl\/fr\/wp-json\/wp\/v2\/product"}],"about":[{"href":"https:\/\/inkskin.nl\/fr\/wp-json\/wp\/v2\/types\/product"}],"version-history":[{"count":0,"href":"https:\/\/inkskin.nl\/fr\/wp-json\/wp\/v2\/product\/2119\/revisions"}],"wp:featuredmedia":[{"embeddable":true,"href":"https:\/\/inkskin.nl\/fr\/wp-json\/wp\/v2\/media\/1819"}],"wp:attachment":[{"href":"https:\/\/inkskin.nl\/fr\/wp-json\/wp\/v2\/media?parent=2119"}],"wp:term":[{"taxonomy":"product_brand","embeddable":true,"href":"https:\/\/inkskin.nl\/fr\/wp-json\/wp\/v2\/product_brand?post=2119"},{"taxonomy":"product_cat","embeddable":true,"href":"https:\/\/inkskin.nl\/fr\/wp-json\/wp\/v2\/product_cat?post=2119"},{"taxonomy":"product_tag","embeddable":true,"href":"https:\/\/inkskin.nl\/fr\/wp-json\/wp\/v2\/product_tag?post=2119"}],"curies":[{"name":"wp","href":"https:\/\/api.w.org\/{rel}","templated":true}]}}