{"id":2118,"date":"2024-03-27T09:52:55","date_gmt":"2024-03-27T09:52:55","guid":{"rendered":"https:\/\/inkskin.nl\/products\/balm-tattoo-vegan-shots-8gr-display\/"},"modified":"2024-03-27T09:52:55","modified_gmt":"2024-03-27T09:52:55","slug":"balm-tattoo-vegan-shots-8gr-display","status":"publish","type":"product","link":"https:\/\/inkskin.nl\/fr\/products\/balm-tattoo-vegan-shots-8gr-display\/","title":{"rendered":"Balm Tattoo Vegan shots 8gr display"},"content":{"rendered":"<p>Vous \u00eates \u00e0 la recherche d&rsquo;une cr\u00e8me de soin pour votre nouveau tatouage ou piercing ? Ne cherchez pas plus loin ! Notre Aftercare Cream est sp\u00e9cialement con\u00e7ue pour gu\u00e9rir rapidement et a un effet rafra\u00eechissant sur votre peau. Et le meilleur de tous ? C&rsquo;est une formule v\u00e9g\u00e9talienne ! Nous comprenons que vous ayez \u00e0 c\u0153ur de choisir des produits respectueux des animaux et de la plan\u00e8te. C&rsquo;est pourquoi nous avons con\u00e7u un petit emballage pour que vous puissiez l&#8217;emporter partout avec vous. Que vous veniez de vous faire tatouer ou percer, notre Aftercare Cream est le choix id\u00e9al pour vous. Donnez \u00e0 votre peau le soin qu&rsquo;elle m\u00e9rite avec notre Aftercare Cream v\u00e9g\u00e9talienne.<\/p>\n<p><strong>La cr\u00e8me Aftercare Cream convient-elle pour les tatouages et les piercings ?<\/strong><br \/>\n  Oui, notre Aftercare Cream est sp\u00e9cialement con\u00e7ue pour cicatriser et peut \u00eatre utilis\u00e9e pour les tatouages et les piercings. Il offre un effet nourrissant et rafra\u00eechissant sur la peau, quel que soit le produit que vous avez utilis\u00e9.<\/p>\n<p><strong>La cr\u00e8me Aftercare Cream convient-elle \u00e0 tous les types de peau ?<\/strong><br \/>\n  Oui, notre Aftercare Cream convient \u00e0 tous les types de peau. Il est con\u00e7u pour faciliter le processus de cicatrisation des tatouages et des piercings, que vous ayez une peau sensible ou non.<\/p>\n<p><strong>Combien de temps faut-il \u00e0 la cr\u00e8me Aftercare pour gu\u00e9rir la peau ?<\/strong><br \/>\n  Le temps de gu\u00e9rison peut varier d&rsquo;une personne \u00e0 l&rsquo;autre et d\u00e9pend \u00e9galement de la taille et de l&#8217;emplacement du tatouage ou du piercing. Cependant, notre Aftercare Cream a \u00e9t\u00e9 sp\u00e9cialement con\u00e7ue pour acc\u00e9l\u00e9rer le processus de gu\u00e9rison, ce qui le rend g\u00e9n\u00e9ralement plus rapide que lorsque vous utilisez d&rsquo;autres produits. Il est important de suivre le mode d&#8217;emploi et d&rsquo;appliquer r\u00e9guli\u00e8rement la cr\u00e8me Aftercare pour obtenir des r\u00e9sultats optimaux.<\/p>\n","protected":false},"excerpt":{"rendered":"<p>Vous \u00eates \u00e0 la recherche d&rsquo;une cr\u00e8me de soin pour votre nouveau tatouage ou piercing ? Ne cherchez pas plus loin ! Notre Aftercare Cream est sp\u00e9cialement con\u00e7ue pour gu\u00e9rir rapidement et a un effet rafra\u00eechissant sur votre peau. Et le meilleur de tous ? C&rsquo;est une formule v\u00e9g\u00e9talienne ! Nous comprenons que vous ayez [&hellip;]<\/p>\n","protected":false},"featured_media":1296,"template":"","meta":{"_acf_changed":false},"product_brand":[],"product_cat":[200,199],"product_tag":[201,205,202],"class_list":{"0":"post-2118","1":"product","2":"type-product","3":"status-publish","4":"has-post-thumbnail","6":"product_cat-baume-tatouage","7":"product_cat-postcure","8":"product_tag-baume-apres-vente","9":"product_tag-creme-de-soin","10":"product_tag-vegetalien","12":"first","13":"instock","14":"taxable","15":"shipping-taxable","16":"purchasable","17":"product-type-simple"},"ams_default_variation_id":0,"ams_product_points_reward":[],"ams_product_discount_percentage":0,"ams_price_to_display":200,"ams_acf":[],"acf":[],"_links":{"self":[{"href":"https:\/\/inkskin.nl\/fr\/wp-json\/wp\/v2\/product\/2118","targetHints":{"allow":["GET"]}}],"collection":[{"href":"https:\/\/inkskin.nl\/fr\/wp-json\/wp\/v2\/product"}],"about":[{"href":"https:\/\/inkskin.nl\/fr\/wp-json\/wp\/v2\/types\/product"}],"version-history":[{"count":0,"href":"https:\/\/inkskin.nl\/fr\/wp-json\/wp\/v2\/product\/2118\/revisions"}],"wp:featuredmedia":[{"embeddable":true,"href":"https:\/\/inkskin.nl\/fr\/wp-json\/wp\/v2\/media\/1296"}],"wp:attachment":[{"href":"https:\/\/inkskin.nl\/fr\/wp-json\/wp\/v2\/media?parent=2118"}],"wp:term":[{"taxonomy":"product_brand","embeddable":true,"href":"https:\/\/inkskin.nl\/fr\/wp-json\/wp\/v2\/product_brand?post=2118"},{"taxonomy":"product_cat","embeddable":true,"href":"https:\/\/inkskin.nl\/fr\/wp-json\/wp\/v2\/product_cat?post=2118"},{"taxonomy":"product_tag","embeddable":true,"href":"https:\/\/inkskin.nl\/fr\/wp-json\/wp\/v2\/product_tag?post=2118"}],"curies":[{"name":"wp","href":"https:\/\/api.w.org\/{rel}","templated":true}]}}