{"id":2114,"date":"2024-03-27T09:52:50","date_gmt":"2024-03-27T09:52:50","guid":{"rendered":"https:\/\/inkskin.nl\/products\/cheyenne-13-liner-tx\/"},"modified":"2024-03-27T09:52:50","modified_gmt":"2024-03-27T09:52:50","slug":"cheyenne-13-liner-tx","status":"publish","type":"product","link":"https:\/\/inkskin.nl\/fr\/products\/cheyenne-13-liner-tx\/","title":{"rendered":"Cheyenne 13 liner TX"},"content":{"rendered":"<p>Vous \u00eates un tatoueur professionnel \u00e0 la recherche des meilleurs modules d&rsquo;aiguilles ? Les cartouches de s\u00e9curit\u00e9 Cheyenne sont alors parfaites pour vous ! Ces modules d&rsquo;aiguilles sp\u00e9cialement con\u00e7us sont de haute qualit\u00e9 et r\u00e9pondent aux normes les plus strictes (ISO 13485). Les cartouches de s\u00e9curit\u00e9 Cheyenne vous permettent de tatouer avec confiance et pr\u00e9cision.<\/p>\n<p>  Ces modules d&rsquo;aiguilles sont non seulement d&rsquo;excellente qualit\u00e9, mais aussi d&rsquo;une utilisation tr\u00e8s s\u00fbre. La conception unique des cartouches minimise le risque de contamination crois\u00e9e. De plus, ils sont faciles \u00e0 changer, ce qui vous permet de travailler efficacement et de passer rapidement d&rsquo;une configuration d&rsquo;aiguille \u00e0 l&rsquo;autre.<\/p>\n<p>  Avec les cartouches de s\u00e9curit\u00e9 Cheyenne, vous avez tout ce qu&rsquo;il faut pour cr\u00e9er de magnifiques tatouages. Qu&rsquo;attendez-vous ? Am\u00e9liorez votre studio de tatouage avec les meilleurs modules d&rsquo;aiguilles du march\u00e9 et faites passer votre travail au niveau sup\u00e9rieur !<\/p>\n<p><strong>Qu&rsquo;est-ce qui diff\u00e9rencie les cartouches de s\u00e9curit\u00e9 Cheyenne des autres modules d&rsquo;aiguilles disponibles sur le march\u00e9 ?<\/strong><br \/>\n  Les cartouches de s\u00e9curit\u00e9 Cheyenne sont sp\u00e9cialement con\u00e7ues pour r\u00e9pondre aux normes les plus strictes (ISO 13485) et sont de grande qualit\u00e9. Ils offrent aux tatoueurs professionnels confiance et pr\u00e9cision dans le tatouage.<\/p>\n<p><strong>Comment les cartouches de s\u00e9curit\u00e9 Cheyenne minimisent-elles le risque de contamination crois\u00e9e ?<\/strong><br \/>\n  Les caract\u00e9ristiques uniques des cartouches de s\u00e9curit\u00e9 Cheyenne permettent de minimiser le risque de contamination crois\u00e9e. Cela garantit un environnement de travail s\u00fbr, tant pour le tatoueur que pour le client.<\/p>\n<p><strong>Les cartouches de s\u00e9curit\u00e9 Cheyenne sont-elles faciles \u00e0 \u00e9changer entre les diff\u00e9rentes configurations d&rsquo;aiguilles ?<\/strong><br \/>\n  Oui, les cartouches de s\u00e9curit\u00e9 Cheyenne sont con\u00e7ues pour \u00eatre facilement interchangeables entre les diff\u00e9rentes configurations d&rsquo;aiguilles. Cela garantit un travail efficace et permet aux tatoueurs de passer rapidement d&rsquo;un style \u00e0 l&rsquo;autre et d&rsquo;une technique \u00e0 l&rsquo;autre.<\/p>\n","protected":false},"excerpt":{"rendered":"<p>Vous \u00eates un tatoueur professionnel \u00e0 la recherche des meilleurs modules d&rsquo;aiguilles ? Les cartouches de s\u00e9curit\u00e9 Cheyenne sont alors parfaites pour vous ! Ces modules d&rsquo;aiguilles sp\u00e9cialement con\u00e7us sont de haute qualit\u00e9 et r\u00e9pondent aux normes les plus strictes (ISO 13485). Les cartouches de s\u00e9curit\u00e9 Cheyenne vous permettent de tatouer avec confiance et pr\u00e9cision. [&hellip;]<\/p>\n","protected":false},"featured_media":1819,"template":"","meta":{"_acf_changed":false},"product_brand":[],"product_cat":[160,196],"product_tag":[197,198],"class_list":{"0":"post-2114","1":"product","2":"type-product","3":"status-publish","4":"has-post-thumbnail","6":"product_cat-aiguilles-cartouche","7":"product_cat-cartouches-cheyenne","8":"product_tag-aiguilles-cartouche","9":"product_tag-cartouches-cheyenne","11":"first","12":"instock","13":"taxable","14":"shipping-taxable","15":"purchasable","16":"product-type-simple"},"ams_default_variation_id":0,"ams_product_points_reward":[],"ams_product_discount_percentage":0,"ams_price_to_display":36,"ams_acf":[],"acf":[],"_links":{"self":[{"href":"https:\/\/inkskin.nl\/fr\/wp-json\/wp\/v2\/product\/2114","targetHints":{"allow":["GET"]}}],"collection":[{"href":"https:\/\/inkskin.nl\/fr\/wp-json\/wp\/v2\/product"}],"about":[{"href":"https:\/\/inkskin.nl\/fr\/wp-json\/wp\/v2\/types\/product"}],"version-history":[{"count":0,"href":"https:\/\/inkskin.nl\/fr\/wp-json\/wp\/v2\/product\/2114\/revisions"}],"wp:featuredmedia":[{"embeddable":true,"href":"https:\/\/inkskin.nl\/fr\/wp-json\/wp\/v2\/media\/1819"}],"wp:attachment":[{"href":"https:\/\/inkskin.nl\/fr\/wp-json\/wp\/v2\/media?parent=2114"}],"wp:term":[{"taxonomy":"product_brand","embeddable":true,"href":"https:\/\/inkskin.nl\/fr\/wp-json\/wp\/v2\/product_brand?post=2114"},{"taxonomy":"product_cat","embeddable":true,"href":"https:\/\/inkskin.nl\/fr\/wp-json\/wp\/v2\/product_cat?post=2114"},{"taxonomy":"product_tag","embeddable":true,"href":"https:\/\/inkskin.nl\/fr\/wp-json\/wp\/v2\/product_tag?post=2114"}],"curies":[{"name":"wp","href":"https:\/\/api.w.org\/{rel}","templated":true}]}}