{"id":2113,"date":"2024-03-27T09:52:54","date_gmt":"2024-03-27T09:52:54","guid":{"rendered":"https:\/\/inkskin.nl\/products\/balm-tattoo-wash-gel-vegan-100-ml\/"},"modified":"2024-03-27T09:52:54","modified_gmt":"2024-03-27T09:52:54","slug":"balm-tattoo-wash-gel-vegan-100-ml","status":"publish","type":"product","link":"https:\/\/inkskin.nl\/fr\/products\/balm-tattoo-wash-gel-vegan-100-ml\/","title":{"rendered":"Balm Tattoo Wash Gel Vegan 100 ml"},"content":{"rendered":"<p>Vous voulez prendre davantage soin de votre tatouage et le garder propre ? Alors ce gel lavant rafra\u00eechissant sans savon est parfait pour vous ! Ce gel est sp\u00e9cialement con\u00e7u pour prendre soin de votre tatouage et assure une r\u00e9cup\u00e9ration rapide de la peau apr\u00e8s le tatouage. Associ\u00e9 \u00e0 notre baume de soin Balm Tattoo, ce gel garantit l&rsquo;\u00e9clat de votre tatouage. Le flacon contient 100 ml, ce qui vous permet d&rsquo;en profiter longtemps. Avec ce gel lavant sans savon, vous donnerez \u00e0 votre tatouage le meilleur soin qu&rsquo;il m\u00e9rite. Commandez maintenant et donnez \u00e0 votre tatouage le soin dont il a besoin !<\/p>\n<p><strong>Ce gel lavant sans savon convient-il \u00e0 tous les types de tatouages ?<\/strong><br \/>\n  Oui, ce gel lavant sans savon convient \u00e0 tous les types de tatouages. Il est sp\u00e9cialement formul\u00e9 pour soigner les tatouages et assure une r\u00e9cup\u00e9ration rapide de la peau apr\u00e8s le tatouage.<\/p>\n<p><strong>\u00c0 quelle fr\u00e9quence dois-je utiliser ce gel nettoyant sans savon pour entretenir correctement mon tatouage ?<\/strong><br \/>\n  Il est recommand\u00e9 d&rsquo;utiliser ce gel lavant sans savon deux fois par jour pour prendre soin de votre tatouage. Vous pouvez appliquer le gel le matin et le soir pour vous assurer que votre tatouage reste toujours radieux.<\/p>\n<p><strong>Puis-je utiliser ce gel lavant sans savon m\u00eame si j&rsquo;ai d\u00e9j\u00e0 un ancien tatouage ?<\/strong><br \/>\n  Oui, ce gel lavant sans savon peut \u00e9galement \u00eatre utilis\u00e9 pour les anciens tatouages. Il aide \u00e0 soigner et \u00e0 r\u00e9parer la peau autour du tatouage, quel que soit son \u00e2ge.<\/p>\n","protected":false},"excerpt":{"rendered":"<p>Vous voulez prendre davantage soin de votre tatouage et le garder propre ? Alors ce gel lavant rafra\u00eechissant sans savon est parfait pour vous ! Ce gel est sp\u00e9cialement con\u00e7u pour prendre soin de votre tatouage et assure une r\u00e9cup\u00e9ration rapide de la peau apr\u00e8s le tatouage. Associ\u00e9 \u00e0 notre baume de soin Balm Tattoo, [&hellip;]<\/p>\n","protected":false},"featured_media":2681,"template":"","meta":{"_acf_changed":false},"product_brand":[],"product_cat":[200,199],"product_tag":[201,203,202],"class_list":{"0":"post-2113","1":"product","2":"type-product","3":"status-publish","4":"has-post-thumbnail","6":"product_cat-baume-tatouage","7":"product_cat-postcure","8":"product_tag-baume-apres-vente","9":"product_tag-gel-de-lavage-sans-savon","10":"product_tag-vegetalien","12":"first","13":"instock","14":"taxable","15":"shipping-taxable","16":"purchasable","17":"product-type-simple"},"ams_default_variation_id":0,"ams_product_points_reward":[],"ams_product_discount_percentage":0,"ams_price_to_display":3.75,"ams_acf":[],"acf":[],"_links":{"self":[{"href":"https:\/\/inkskin.nl\/fr\/wp-json\/wp\/v2\/product\/2113","targetHints":{"allow":["GET"]}}],"collection":[{"href":"https:\/\/inkskin.nl\/fr\/wp-json\/wp\/v2\/product"}],"about":[{"href":"https:\/\/inkskin.nl\/fr\/wp-json\/wp\/v2\/types\/product"}],"version-history":[{"count":0,"href":"https:\/\/inkskin.nl\/fr\/wp-json\/wp\/v2\/product\/2113\/revisions"}],"wp:featuredmedia":[{"embeddable":true,"href":"https:\/\/inkskin.nl\/fr\/wp-json\/wp\/v2\/media\/2681"}],"wp:attachment":[{"href":"https:\/\/inkskin.nl\/fr\/wp-json\/wp\/v2\/media?parent=2113"}],"wp:term":[{"taxonomy":"product_brand","embeddable":true,"href":"https:\/\/inkskin.nl\/fr\/wp-json\/wp\/v2\/product_brand?post=2113"},{"taxonomy":"product_cat","embeddable":true,"href":"https:\/\/inkskin.nl\/fr\/wp-json\/wp\/v2\/product_cat?post=2113"},{"taxonomy":"product_tag","embeddable":true,"href":"https:\/\/inkskin.nl\/fr\/wp-json\/wp\/v2\/product_tag?post=2113"}],"curies":[{"name":"wp","href":"https:\/\/api.w.org\/{rel}","templated":true}]}}