{"id":2106,"date":"2024-03-27T09:52:48","date_gmt":"2024-03-27T09:52:48","guid":{"rendered":"https:\/\/inkskin.nl\/products\/cheyenne-13-shader\/"},"modified":"2024-03-27T09:52:48","modified_gmt":"2024-03-27T09:52:48","slug":"cheyenne-13-shader","status":"publish","type":"product","link":"https:\/\/inkskin.nl\/fr\/products\/cheyenne-13-shader\/","title":{"rendered":"Cheyenne 13 shader"},"content":{"rendered":"<p>Vous \u00eates un tatoueur professionnel \u00e0 la recherche d&rsquo;aiguilles parfaites ? Ne cherchez pas plus loin ! Avec les cartouches de s\u00e9curit\u00e9 Cheyenne, vous obtenez ce qu&rsquo;il y a de mieux. Ces modules d&rsquo;aiguilles de haute qualit\u00e9 sont sp\u00e9cialement con\u00e7us pour les tatoueurs professionnels comme vous. Elles sont fabriqu\u00e9es selon les normes les plus strictes (ISO 13485), ce qui vous donne l&rsquo;assurance de travailler avec des aiguilles fiables et s\u00fbres. Que vous soyez d\u00e9butant ou que vous ayez des ann\u00e9es d&rsquo;exp\u00e9rience, avec les cartouches de s\u00e9curit\u00e9 Cheyenne, vous obtiendrez toujours les meilleurs r\u00e9sultats. Gr\u00e2ce \u00e0 leur excellente pr\u00e9cision et \u00e0 leur fiabilit\u00e9, ils garantissent une exp\u00e9rience de tatouage confortable et sans probl\u00e8me. Choisissez la qualit\u00e9 et faites confiance aux cartouches de s\u00e9curit\u00e9 Cheyenne !<\/p>\n<p><strong>Quelle est la diff\u00e9rence entre les cartouches de s\u00e9curit\u00e9 Cheyenne et les autres aiguilles ?<\/strong><br \/>\n  Les cartouches de s\u00e9curit\u00e9 Cheyenne sont de haute qualit\u00e9 et sp\u00e9cialement con\u00e7ues pour les tatoueurs professionnels. Ils sont produits selon les normes les plus strictes (ISO 13485), ce qui signifie qu&rsquo;ils sont fiables et s\u00fbrs. Cela garantit une exp\u00e9rience de tatouage confortable et sans probl\u00e8me.<\/p>\n<p><strong>Les cartouches de s\u00e9curit\u00e9 Cheyenne conviennent-elles aux d\u00e9butants et aux tatoueurs exp\u00e9riment\u00e9s ?<\/strong><br \/>\n  Oui, les cartouches de s\u00e9curit\u00e9 Cheyenne conviennent aussi bien aux d\u00e9butants qu&rsquo;aux tatoueurs exp\u00e9riment\u00e9s. Ils offrent une excellente pr\u00e9cision et une grande fiabilit\u00e9, ce qui vous permet d&rsquo;obtenir toujours le meilleur r\u00e9sultat. Que vous soyez d\u00e9butant ou que vous ayez des ann\u00e9es d&rsquo;exp\u00e9rience, les cartouches de s\u00e9curit\u00e9 Cheyenne sont un bon choix.<\/p>\n<p><strong>Les cartouches de s\u00e9curit\u00e9 Cheyenne sont-elles durables et r\u00e9sistantes ?<\/strong><br \/>\n  Oui, les cartouches de s\u00e9curit\u00e9 Cheyenne sont de haute qualit\u00e9 et durables. Ils sont con\u00e7us pour une utilisation \u00e0 long terme et offrent d&rsquo;excellentes performances. Vous pouvez donc leur faire confiance pour r\u00e9pondre \u00e0 vos besoins en tant que tatoueur professionnel.<\/p>\n","protected":false},"excerpt":{"rendered":"<p>Vous \u00eates un tatoueur professionnel \u00e0 la recherche d&rsquo;aiguilles parfaites ? Ne cherchez pas plus loin ! Avec les cartouches de s\u00e9curit\u00e9 Cheyenne, vous obtenez ce qu&rsquo;il y a de mieux. Ces modules d&rsquo;aiguilles de haute qualit\u00e9 sont sp\u00e9cialement con\u00e7us pour les tatoueurs professionnels comme vous. Elles sont fabriqu\u00e9es selon les normes les plus strictes [&hellip;]<\/p>\n","protected":false},"featured_media":1819,"template":"","meta":{"_acf_changed":false},"product_brand":[],"product_cat":[160,196],"product_tag":[197,198],"class_list":{"0":"post-2106","1":"product","2":"type-product","3":"status-publish","4":"has-post-thumbnail","6":"product_cat-aiguilles-cartouche","7":"product_cat-cartouches-cheyenne","8":"product_tag-aiguilles-cartouche","9":"product_tag-cartouches-cheyenne","11":"first","12":"instock","13":"taxable","14":"shipping-taxable","15":"purchasable","16":"product-type-simple"},"ams_default_variation_id":0,"ams_product_points_reward":[],"ams_product_discount_percentage":0,"ams_price_to_display":36,"ams_acf":[],"acf":[],"_links":{"self":[{"href":"https:\/\/inkskin.nl\/fr\/wp-json\/wp\/v2\/product\/2106","targetHints":{"allow":["GET"]}}],"collection":[{"href":"https:\/\/inkskin.nl\/fr\/wp-json\/wp\/v2\/product"}],"about":[{"href":"https:\/\/inkskin.nl\/fr\/wp-json\/wp\/v2\/types\/product"}],"version-history":[{"count":0,"href":"https:\/\/inkskin.nl\/fr\/wp-json\/wp\/v2\/product\/2106\/revisions"}],"wp:featuredmedia":[{"embeddable":true,"href":"https:\/\/inkskin.nl\/fr\/wp-json\/wp\/v2\/media\/1819"}],"wp:attachment":[{"href":"https:\/\/inkskin.nl\/fr\/wp-json\/wp\/v2\/media?parent=2106"}],"wp:term":[{"taxonomy":"product_brand","embeddable":true,"href":"https:\/\/inkskin.nl\/fr\/wp-json\/wp\/v2\/product_brand?post=2106"},{"taxonomy":"product_cat","embeddable":true,"href":"https:\/\/inkskin.nl\/fr\/wp-json\/wp\/v2\/product_cat?post=2106"},{"taxonomy":"product_tag","embeddable":true,"href":"https:\/\/inkskin.nl\/fr\/wp-json\/wp\/v2\/product_tag?post=2106"}],"curies":[{"name":"wp","href":"https:\/\/api.w.org\/{rel}","templated":true}]}}