{"id":2104,"date":"2024-03-27T09:52:46","date_gmt":"2024-03-27T09:52:46","guid":{"rendered":"https:\/\/inkskin.nl\/products\/cheyenne-15-magnum\/"},"modified":"2024-03-27T09:52:46","modified_gmt":"2024-03-27T09:52:46","slug":"cheyenne-15-magnum","status":"publish","type":"product","link":"https:\/\/inkskin.nl\/fr\/products\/cheyenne-15-magnum\/","title":{"rendered":"Cheyenne 15 magnum"},"content":{"rendered":"<p>Vous \u00eates un tatoueur professionnel et vous souhaitez utiliser le meilleur des meilleurs ? Dans ce cas, les cartouches de s\u00e9curit\u00e9 Cheyenne sont vraiment faites pour vous ! Ces modules d&rsquo;aiguilles sont sp\u00e9cialement con\u00e7us pour r\u00e9pondre aux besoins des tatoueurs professionnels. Gr\u00e2ce \u00e0 leur qualit\u00e9 \u00e9lev\u00e9e et \u00e0 leur production selon les normes les plus strictes (ISO 13485), vous pouvez \u00eatre s\u00fbr que vous obtiendrez les meilleurs r\u00e9sultats avec ces cartouches. Que vous soyez d\u00e9butant ou professionnel chevronn\u00e9, les cartouches de s\u00e9curit\u00e9 Cheyenne ne vous laisseront jamais tomber. Qu&rsquo;attendez-vous ? Am\u00e9liorez votre exp\u00e9rience du tatouage avec les meilleurs modules d&rsquo;aiguilles du march\u00e9 &#8211; les cartouches de s\u00e9curit\u00e9 Cheyenne !<\/p>\n<p><strong>En quoi les cartouches de s\u00e9curit\u00e9 Cheyenne diff\u00e8rent-elles des autres modules d&rsquo;aiguilles disponibles sur le march\u00e9 ?<\/strong><br \/>\n  Les cartouches de s\u00e9curit\u00e9 Cheyenne se distinguent par leur haute qualit\u00e9 et leur production selon les normes les plus strictes (ISO 13485). Ils sont sp\u00e9cialement con\u00e7us pour r\u00e9pondre aux besoins des tatoueurs professionnels et fournir les meilleurs r\u00e9sultats.<\/p>\n<p><strong>Les cartouches de s\u00e9curit\u00e9 Cheyenne conviennent-elles aux d\u00e9butants comme aux professionnels chevronn\u00e9s ?<\/strong><br \/>\n  Oui, les cartouches de s\u00e9curit\u00e9 Cheyenne conviennent aussi bien aux d\u00e9butants qu&rsquo;aux professionnels chevronn\u00e9s. Que vous d\u00e9butiez dans le tatouage ou que vous ayez d\u00e9j\u00e0 des ann\u00e9es d&rsquo;exp\u00e9rience, ces modules d&rsquo;aiguilles ne vous laisseront jamais tomber.<\/p>\n<p><strong>Les cartouches de s\u00e9curit\u00e9 Cheyenne r\u00e9pondent-elles aux normes les plus strictes en mati\u00e8re de tatouage ?<\/strong><br \/>\n  Oui, les cartouches de s\u00e9curit\u00e9 Cheyenne sont produites selon les normes les plus strictes (ISO 13485). Cela signifie qu&rsquo;ils r\u00e9pondent aux exigences strictes de qualit\u00e9 et de s\u00e9curit\u00e9 requises par les tatoueurs professionnels. Vous pouvez \u00eatre s\u00fbr que vous obtiendrez les meilleurs r\u00e9sultats avec ces cartouches.<\/p>\n","protected":false},"excerpt":{"rendered":"<p>Vous \u00eates un tatoueur professionnel et vous souhaitez utiliser le meilleur des meilleurs ? Dans ce cas, les cartouches de s\u00e9curit\u00e9 Cheyenne sont vraiment faites pour vous ! Ces modules d&rsquo;aiguilles sont sp\u00e9cialement con\u00e7us pour r\u00e9pondre aux besoins des tatoueurs professionnels. Gr\u00e2ce \u00e0 leur qualit\u00e9 \u00e9lev\u00e9e et \u00e0 leur production selon les normes les plus [&hellip;]<\/p>\n","protected":false},"featured_media":1819,"template":"","meta":{"_acf_changed":false},"product_brand":[],"product_cat":[160,196],"product_tag":[197,198],"class_list":{"0":"post-2104","1":"product","2":"type-product","3":"status-publish","4":"has-post-thumbnail","6":"product_cat-aiguilles-cartouche","7":"product_cat-cartouches-cheyenne","8":"product_tag-aiguilles-cartouche","9":"product_tag-cartouches-cheyenne","11":"first","12":"instock","13":"taxable","14":"shipping-taxable","15":"purchasable","16":"product-type-simple"},"ams_default_variation_id":0,"ams_product_points_reward":[],"ams_product_discount_percentage":0,"ams_price_to_display":37,"ams_acf":[],"acf":[],"_links":{"self":[{"href":"https:\/\/inkskin.nl\/fr\/wp-json\/wp\/v2\/product\/2104","targetHints":{"allow":["GET"]}}],"collection":[{"href":"https:\/\/inkskin.nl\/fr\/wp-json\/wp\/v2\/product"}],"about":[{"href":"https:\/\/inkskin.nl\/fr\/wp-json\/wp\/v2\/types\/product"}],"version-history":[{"count":0,"href":"https:\/\/inkskin.nl\/fr\/wp-json\/wp\/v2\/product\/2104\/revisions"}],"wp:featuredmedia":[{"embeddable":true,"href":"https:\/\/inkskin.nl\/fr\/wp-json\/wp\/v2\/media\/1819"}],"wp:attachment":[{"href":"https:\/\/inkskin.nl\/fr\/wp-json\/wp\/v2\/media?parent=2104"}],"wp:term":[{"taxonomy":"product_brand","embeddable":true,"href":"https:\/\/inkskin.nl\/fr\/wp-json\/wp\/v2\/product_brand?post=2104"},{"taxonomy":"product_cat","embeddable":true,"href":"https:\/\/inkskin.nl\/fr\/wp-json\/wp\/v2\/product_cat?post=2104"},{"taxonomy":"product_tag","embeddable":true,"href":"https:\/\/inkskin.nl\/fr\/wp-json\/wp\/v2\/product_tag?post=2104"}],"curies":[{"name":"wp","href":"https:\/\/api.w.org\/{rel}","templated":true}]}}