{"id":2102,"date":"2024-03-27T09:52:37","date_gmt":"2024-03-27T09:52:37","guid":{"rendered":"https:\/\/inkskin.nl\/products\/cheyenne-5-liner-tx\/"},"modified":"2024-03-27T09:52:37","modified_gmt":"2024-03-27T09:52:37","slug":"cheyenne-5-liner-tx","status":"publish","type":"product","link":"https:\/\/inkskin.nl\/fr\/products\/cheyenne-5-liner-tx\/","title":{"rendered":"Cheyenne 5 liner TX"},"content":{"rendered":"<p>Vous \u00eates un tatoueur professionnel et vous souhaitez utiliser le meilleur des meilleurs ? Dans ce cas, les cartouches de s\u00e9curit\u00e9 Cheyenne sont sp\u00e9cialement con\u00e7ues pour vous ! Ces modules d&rsquo;aiguilles d&rsquo;une qualit\u00e9 in\u00e9gal\u00e9e sont fabriqu\u00e9s selon les normes les plus strictes (ISO 13485), afin que vous puissiez tatouer en toute confiance.<\/p>\n<p>  Les cartouches de s\u00e9curit\u00e9 Cheyenne ne sont pas de simples aiguilles, mais de v\u00e9ritables \u0153uvres d&rsquo;art. Ils sont con\u00e7us pour vous donner une pr\u00e9cision et un contr\u00f4le parfaits pendant le tatouage. Gr\u00e2ce \u00e0 leur pointe ac\u00e9r\u00e9e et \u00e0 leur mouvement souple, ils donnent des r\u00e9sultats \u00e9tonnants \u00e0 chaque fois.<\/p>\n<p>  Que vous soyez d\u00e9butant ou professionnel chevronn\u00e9, ces cartouches conviennent \u00e0 tous. Gr\u00e2ce \u00e0 leur fiabilit\u00e9 et \u00e0 leur durabilit\u00e9, vous pouvez les utiliser \u00e0 plusieurs reprises sans vous soucier de la qualit\u00e9.<\/p>\n<p>  N&rsquo;attendez plus et am\u00e9liorez votre exp\u00e9rience du tatouage avec les cartouches de s\u00e9curit\u00e9 Cheyenne. D\u00e9couvrez par vous-m\u00eame pourquoi de plus en plus de professionnels choisissent ces modules d&rsquo;aiguille.<\/p>\n<p><strong>Quelle est la diff\u00e9rence entre les cartouches de s\u00e9curit\u00e9 Cheyenne et les autres modules d&rsquo;aiguilles ?<\/strong><br \/>\n  La diff\u00e9rence entre les cartouches de s\u00e9curit\u00e9 Cheyenne et les autres modules d&rsquo;aiguilles est que les cartouches Cheyenne sont d&rsquo;une qualit\u00e9 in\u00e9gal\u00e9e et produites selon les normes les plus strictes (ISO 13485). Ils offrent une pr\u00e9cision et un contr\u00f4le parfaits pendant le tatouage et garantissent des r\u00e9sultats \u00e9poustouflants \u00e0 chaque fois.<\/p>\n<p><strong>Les cartouches de s\u00e9curit\u00e9 Cheyenne conviennent-elles aux d\u00e9butants et aux tatoueurs professionnels ?<\/strong><br \/>\n  Oui, les cartouches de s\u00e9curit\u00e9 Cheyenne conviennent aussi bien aux d\u00e9butants qu&rsquo;aux tatoueurs professionnels. Ils sont fiables et durables, et peuvent donc \u00eatre utilis\u00e9s \u00e0 plusieurs reprises sans que vous ayez \u00e0 vous soucier de leur qualit\u00e9. Que vous soyez d\u00e9butant ou professionnel chevronn\u00e9, ces cartouches conviennent \u00e0 tous.<\/p>\n<p><strong>Les cartouches de s\u00e9curit\u00e9 Cheyenne conviennent-elles \u00e0 tous les types de tatouages ?<\/strong><br \/>\n  Oui, les cartouches de s\u00e9curit\u00e9 Cheyenne conviennent \u00e0 tous les types de tatouages. Que vous souhaitiez ajouter de petits d\u00e9tails ou colorer de grandes surfaces, ces cartouches offrent la pr\u00e9cision et le contr\u00f4le parfaits dont vous avez besoin. Ils sont con\u00e7us pour vous offrir la meilleure exp\u00e9rience de tatouage, quel que soit le type de tatouage que vous souhaitez r\u00e9aliser.<\/p>\n","protected":false},"excerpt":{"rendered":"<p>Vous \u00eates un tatoueur professionnel et vous souhaitez utiliser le meilleur des meilleurs ? Dans ce cas, les cartouches de s\u00e9curit\u00e9 Cheyenne sont sp\u00e9cialement con\u00e7ues pour vous ! Ces modules d&rsquo;aiguilles d&rsquo;une qualit\u00e9 in\u00e9gal\u00e9e sont fabriqu\u00e9s selon les normes les plus strictes (ISO 13485), afin que vous puissiez tatouer en toute confiance. Les cartouches de [&hellip;]<\/p>\n","protected":false},"featured_media":1819,"template":"","meta":{"_acf_changed":false},"product_brand":[],"product_cat":[160,196],"product_tag":[197,198],"class_list":{"0":"post-2102","1":"product","2":"type-product","3":"status-publish","4":"has-post-thumbnail","6":"product_cat-aiguilles-cartouche","7":"product_cat-cartouches-cheyenne","8":"product_tag-aiguilles-cartouche","9":"product_tag-cartouches-cheyenne","11":"first","12":"instock","13":"taxable","14":"shipping-taxable","15":"purchasable","16":"product-type-simple"},"ams_default_variation_id":0,"ams_product_points_reward":[],"ams_product_discount_percentage":0,"ams_price_to_display":31,"ams_acf":[],"acf":[],"_links":{"self":[{"href":"https:\/\/inkskin.nl\/fr\/wp-json\/wp\/v2\/product\/2102","targetHints":{"allow":["GET"]}}],"collection":[{"href":"https:\/\/inkskin.nl\/fr\/wp-json\/wp\/v2\/product"}],"about":[{"href":"https:\/\/inkskin.nl\/fr\/wp-json\/wp\/v2\/types\/product"}],"version-history":[{"count":0,"href":"https:\/\/inkskin.nl\/fr\/wp-json\/wp\/v2\/product\/2102\/revisions"}],"wp:featuredmedia":[{"embeddable":true,"href":"https:\/\/inkskin.nl\/fr\/wp-json\/wp\/v2\/media\/1819"}],"wp:attachment":[{"href":"https:\/\/inkskin.nl\/fr\/wp-json\/wp\/v2\/media?parent=2102"}],"wp:term":[{"taxonomy":"product_brand","embeddable":true,"href":"https:\/\/inkskin.nl\/fr\/wp-json\/wp\/v2\/product_brand?post=2102"},{"taxonomy":"product_cat","embeddable":true,"href":"https:\/\/inkskin.nl\/fr\/wp-json\/wp\/v2\/product_cat?post=2102"},{"taxonomy":"product_tag","embeddable":true,"href":"https:\/\/inkskin.nl\/fr\/wp-json\/wp\/v2\/product_tag?post=2102"}],"curies":[{"name":"wp","href":"https:\/\/api.w.org\/{rel}","templated":true}]}}