{"id":2100,"date":"2024-03-27T09:52:36","date_gmt":"2024-03-27T09:52:36","guid":{"rendered":"https:\/\/inkskin.nl\/products\/cheyenne-5-magnum\/"},"modified":"2024-03-27T09:52:36","modified_gmt":"2024-03-27T09:52:36","slug":"cheyenne-5-magnum","status":"publish","type":"product","link":"https:\/\/inkskin.nl\/fr\/products\/cheyenne-5-magnum\/","title":{"rendered":"Cheyenne 5 magnum"},"content":{"rendered":"<p>Vous \u00eates un tatoueur professionnel et vous souhaitez utiliser le meilleur des meilleurs ? Les cartouches de s\u00e9curit\u00e9 Cheyenne sont alors parfaites pour vous ! Ces modules d&rsquo;aiguilles de haute qualit\u00e9 sont sp\u00e9cialement con\u00e7us pour r\u00e9pondre aux besoins des tatoueurs professionnels. Les normes de qualit\u00e9 les plus \u00e9lev\u00e9es (ISO 13485) vous garantissent une exp\u00e9rience de tatouage s\u00fbre et fiable.<\/p>\n<p>  Les cartouches de s\u00e9curit\u00e9 Cheyenne sont con\u00e7ues pour rendre votre processus de tatouage fluide et efficace. Que vous souhaitiez cr\u00e9er des lignes \u00e9paisses, des d\u00e9tails fins ou des effets d&rsquo;ombre, ces cartouches garantissent des r\u00e9sultats coh\u00e9rents et pr\u00e9cis. Gr\u00e2ce \u00e0 leur conception innovante, ils sont \u00e9galement faciles \u00e0 manipuler et \u00e0 changer.<\/p>\n<p>  Gagnez du temps et de l&rsquo;\u00e9nergie avec les cartouches de s\u00e9curit\u00e9 Cheyenne et profitez d&rsquo;une exp\u00e9rience de tatouage professionnelle comme jamais auparavant. Investissez dans la qualit\u00e9 et misez sur les meilleurs outils pour votre travail artistique. Choisissez les cartouches de s\u00e9curit\u00e9 Cheyenne et laissez libre cours \u00e0 votre cr\u00e9ativit\u00e9 !<\/p>\n<p><strong>Les cartouches de s\u00e9curit\u00e9 Cheyenne sont-elles compatibles avec tous les types de machines \u00e0 tatouer ?<\/strong><br \/>\n  Oui, les cartouches de s\u00e9curit\u00e9 Cheyenne sont compatibles avec la plupart des machines \u00e0 tatouer du march\u00e9. Ils peuvent \u00eatre utilis\u00e9s en toute s\u00e9curit\u00e9 avec les machines \u00e0 tatouer Cheyenne et d&rsquo;autres marques.<\/p>\n<p><strong>Les cartouches de s\u00e9curit\u00e9 Cheyenne sont-elles disponibles en diff\u00e9rentes tailles ?<\/strong><br \/>\n  Oui, les cartouches de s\u00e9curit\u00e9 Cheyenne sont disponibles dans une large gamme de tailles, y compris diff\u00e9rentes \u00e9paisseurs d&rsquo;aiguilles et configurations de groupes d&rsquo;aiguilles. Cela vous permet de choisir la bonne cartouche en fonction du style et de la technique que vous souhaitez utiliser.<\/p>\n<p><strong>Les cartouches de s\u00e9curit\u00e9 Cheyenne sont-elles faciles \u00e0 nettoyer ?<\/strong><br \/>\n  Oui, les cartouches de s\u00e9curit\u00e9 Cheyenne sont faciles \u00e0 nettoyer. Ils peuvent \u00eatre rapidement rinc\u00e9s \u00e0 l&rsquo;eau ou nettoy\u00e9s avec une solution d\u00e9sinfectante. La conception innovante r\u00e9duit \u00e9galement le risque de reflux d&rsquo;encre, ce qui facilite encore le nettoyage.<\/p>\n","protected":false},"excerpt":{"rendered":"<p>Vous \u00eates un tatoueur professionnel et vous souhaitez utiliser le meilleur des meilleurs ? Les cartouches de s\u00e9curit\u00e9 Cheyenne sont alors parfaites pour vous ! Ces modules d&rsquo;aiguilles de haute qualit\u00e9 sont sp\u00e9cialement con\u00e7us pour r\u00e9pondre aux besoins des tatoueurs professionnels. Les normes de qualit\u00e9 les plus \u00e9lev\u00e9es (ISO 13485) vous garantissent une exp\u00e9rience de [&hellip;]<\/p>\n","protected":false},"featured_media":1819,"template":"","meta":{"_acf_changed":false},"product_brand":[],"product_cat":[160,196],"product_tag":[197,198],"class_list":{"0":"post-2100","1":"product","2":"type-product","3":"status-publish","4":"has-post-thumbnail","6":"product_cat-aiguilles-cartouche","7":"product_cat-cartouches-cheyenne","8":"product_tag-aiguilles-cartouche","9":"product_tag-cartouches-cheyenne","11":"first","12":"outofstock","13":"taxable","14":"shipping-taxable","15":"purchasable","16":"product-type-simple"},"ams_default_variation_id":0,"ams_product_points_reward":[],"ams_product_discount_percentage":0,"ams_price_to_display":31,"ams_acf":[],"acf":[],"_links":{"self":[{"href":"https:\/\/inkskin.nl\/fr\/wp-json\/wp\/v2\/product\/2100","targetHints":{"allow":["GET"]}}],"collection":[{"href":"https:\/\/inkskin.nl\/fr\/wp-json\/wp\/v2\/product"}],"about":[{"href":"https:\/\/inkskin.nl\/fr\/wp-json\/wp\/v2\/types\/product"}],"version-history":[{"count":0,"href":"https:\/\/inkskin.nl\/fr\/wp-json\/wp\/v2\/product\/2100\/revisions"}],"wp:featuredmedia":[{"embeddable":true,"href":"https:\/\/inkskin.nl\/fr\/wp-json\/wp\/v2\/media\/1819"}],"wp:attachment":[{"href":"https:\/\/inkskin.nl\/fr\/wp-json\/wp\/v2\/media?parent=2100"}],"wp:term":[{"taxonomy":"product_brand","embeddable":true,"href":"https:\/\/inkskin.nl\/fr\/wp-json\/wp\/v2\/product_brand?post=2100"},{"taxonomy":"product_cat","embeddable":true,"href":"https:\/\/inkskin.nl\/fr\/wp-json\/wp\/v2\/product_cat?post=2100"},{"taxonomy":"product_tag","embeddable":true,"href":"https:\/\/inkskin.nl\/fr\/wp-json\/wp\/v2\/product_tag?post=2100"}],"curies":[{"name":"wp","href":"https:\/\/api.w.org\/{rel}","templated":true}]}}