{"id":2095,"date":"2024-03-27T09:52:38","date_gmt":"2024-03-27T09:52:38","guid":{"rendered":"https:\/\/inkskin.nl\/products\/cheyenne-5-paquebots\/"},"modified":"2024-03-27T09:52:38","modified_gmt":"2024-03-27T09:52:38","slug":"cheyenne-5-paquebots","status":"publish","type":"product","link":"https:\/\/inkskin.nl\/fr\/products\/cheyenne-5-paquebots\/","title":{"rendered":"Cheyenne 5 paquebots"},"content":{"rendered":"<p>Vous \u00eates un tatoueur professionnel \u00e0 la recherche de modules d&rsquo;aiguilles de haute qualit\u00e9 ? Les cartouches de s\u00e9curit\u00e9 Cheyenne sont alors parfaites pour vous ! Ces cartouches sp\u00e9cialement con\u00e7ues sont de la plus haute qualit\u00e9 et r\u00e9pondent aux normes les plus strictes (ISO 13485). Vous pouvez leur faire confiance pour qu&rsquo;ils soient s\u00fbrs et fiables.<\/p>\n<p>  Les cartouches de s\u00e9curit\u00e9 Cheyenne vous permettent de tatouer sans effort et avec pr\u00e9cision. Ils sont faciles \u00e0 utiliser et ont une excellente flexibilit\u00e9 d&rsquo;aiguille. Que vous souhaitiez appliquer des lignes fines, des ombres ou des couleurs, ces cartouches vous garantissent de beaux r\u00e9sultats.<\/p>\n<p>  De plus, les cartouches de s\u00e9curit\u00e9 Cheyenne sont compatibles avec tous les appareils Cheyenne courants, vous n&rsquo;avez donc pas besoin de faire des investissements suppl\u00e9mentaires. Qu&rsquo;attendez-vous ? Am\u00e9liorez votre exp\u00e9rience du tatouage avec les cartouches de s\u00e9curit\u00e9 Cheyenne et offrez les meilleurs r\u00e9sultats \u00e0 vos clients !<\/p>\n<p><strong>Les cartouches de s\u00e9curit\u00e9 Cheyenne conviennent-elles \u00e0 tous les types de tatoueurs ?<\/strong><br \/>\n  Oui, les cartouches de s\u00e9curit\u00e9 Cheyenne sont parfaites pour les tatoueurs professionnels qui recherchent des modules d&rsquo;aiguilles de haute qualit\u00e9. Ils offrent une excellente flexibilit\u00e9 \u00e0 l&rsquo;aiguille et peuvent \u00eatre utilis\u00e9s pour l&rsquo;application de lignes fines, d&rsquo;ombres et de couleurs.<\/p>\n<p><strong>Les cartouches de s\u00e9curit\u00e9 Cheyenne sont-elles s\u00fbres et fiables ?<\/strong><br \/>\n  Oui, les cartouches de s\u00e9curit\u00e9 Cheyenne r\u00e9pondent aux normes les plus strictes (ISO 13485) et sont sp\u00e9cialement con\u00e7ues pour garantir une exp\u00e9rience de tatouage s\u00fbre et fiable. Vous pouvez \u00eatre s\u00fbr qu&rsquo;ils sont de la plus haute qualit\u00e9 et qu&rsquo;ils r\u00e9pondent aux exigences des tatoueurs professionnels.<\/p>\n<p><strong>Les cartouches de s\u00e9curit\u00e9 Cheyenne sont-elles compatibles avec des appareils autres que les appareils Cheyenne ?<\/strong><br \/>\n  Non, les cartouches de s\u00e9curit\u00e9 Cheyenne sont sp\u00e9cifiquement con\u00e7ues pour \u00eatre compatibles avec tous les appareils Cheyenne courants. Cependant, il n&rsquo;est pas n\u00e9cessaire de faire des investissements suppl\u00e9mentaires, car ils s&rsquo;adaptent parfaitement \u00e0 ces appareils et offrent une exp\u00e9rience de tatouage optimale.<\/p>\n","protected":false},"excerpt":{"rendered":"<p>Vous \u00eates un tatoueur professionnel \u00e0 la recherche de modules d&rsquo;aiguilles de haute qualit\u00e9 ? Les cartouches de s\u00e9curit\u00e9 Cheyenne sont alors parfaites pour vous ! Ces cartouches sp\u00e9cialement con\u00e7ues sont de la plus haute qualit\u00e9 et r\u00e9pondent aux normes les plus strictes (ISO 13485). Vous pouvez leur faire confiance pour qu&rsquo;ils soient s\u00fbrs et [&hellip;]<\/p>\n","protected":false},"featured_media":1819,"template":"","meta":{"_acf_changed":false},"product_brand":[],"product_cat":[160,196],"product_tag":[197,198],"class_list":{"0":"post-2095","1":"product","2":"type-product","3":"status-publish","4":"has-post-thumbnail","6":"product_cat-aiguilles-cartouche","7":"product_cat-cartouches-cheyenne","8":"product_tag-aiguilles-cartouche","9":"product_tag-cartouches-cheyenne","11":"first","12":"outofstock","13":"taxable","14":"shipping-taxable","15":"purchasable","16":"product-type-simple"},"ams_default_variation_id":0,"ams_product_points_reward":[],"ams_product_discount_percentage":0,"ams_price_to_display":31,"ams_acf":[],"acf":[],"_links":{"self":[{"href":"https:\/\/inkskin.nl\/fr\/wp-json\/wp\/v2\/product\/2095","targetHints":{"allow":["GET"]}}],"collection":[{"href":"https:\/\/inkskin.nl\/fr\/wp-json\/wp\/v2\/product"}],"about":[{"href":"https:\/\/inkskin.nl\/fr\/wp-json\/wp\/v2\/types\/product"}],"version-history":[{"count":0,"href":"https:\/\/inkskin.nl\/fr\/wp-json\/wp\/v2\/product\/2095\/revisions"}],"wp:featuredmedia":[{"embeddable":true,"href":"https:\/\/inkskin.nl\/fr\/wp-json\/wp\/v2\/media\/1819"}],"wp:attachment":[{"href":"https:\/\/inkskin.nl\/fr\/wp-json\/wp\/v2\/media?parent=2095"}],"wp:term":[{"taxonomy":"product_brand","embeddable":true,"href":"https:\/\/inkskin.nl\/fr\/wp-json\/wp\/v2\/product_brand?post=2095"},{"taxonomy":"product_cat","embeddable":true,"href":"https:\/\/inkskin.nl\/fr\/wp-json\/wp\/v2\/product_cat?post=2095"},{"taxonomy":"product_tag","embeddable":true,"href":"https:\/\/inkskin.nl\/fr\/wp-json\/wp\/v2\/product_tag?post=2095"}],"curies":[{"name":"wp","href":"https:\/\/api.w.org\/{rel}","templated":true}]}}