{"id":2093,"date":"2024-03-27T09:52:33","date_gmt":"2024-03-27T09:52:33","guid":{"rendered":"https:\/\/inkskin.nl\/products\/cheyenne-7-liner-0-25\/"},"modified":"2024-03-27T09:52:33","modified_gmt":"2024-03-27T09:52:33","slug":"cheyenne-7-liner-0-25","status":"publish","type":"product","link":"https:\/\/inkskin.nl\/fr\/products\/cheyenne-7-liner-0-25\/","title":{"rendered":"Cheyenne 7 liner 0.25"},"content":{"rendered":"<p>Vous \u00eates un tatoueur professionnel qui ne veut que le meilleur pour ses clients ? Dans ce cas, les cartouches de s\u00e9curit\u00e9 Cheyenne sont sp\u00e9cialement con\u00e7ues pour vous ! Ces modules d&rsquo;aiguilles de qualit\u00e9 sup\u00e9rieure r\u00e9pondent aux normes les plus strictes (ISO 13485) et sont absolument indispensables \u00e0 tout tatoueur s\u00e9rieux. Gr\u00e2ce \u00e0 leur conception innovante et \u00e0 leurs mat\u00e9riaux de haute qualit\u00e9, ces cartouches peuvent \u00eatre utilis\u00e9es sans effort pour diff\u00e9rents styles de tatouage et offrent une pr\u00e9cision et une fiabilit\u00e9 in\u00e9gal\u00e9es. Que vous travailliez sur de grands tatouages color\u00e9s ou sur des lignes d\u00e9taill\u00e9es, vous obtiendrez toujours des r\u00e9sultats professionnels avec les cartouches de s\u00e9curit\u00e9 Cheyenne. N&rsquo;attendez plus et am\u00e9liorez votre exp\u00e9rience du tatouage avec ces modules d&rsquo;aiguilles de haute qualit\u00e9 !<\/p>\n<p><strong>Les cartouches de s\u00e9curit\u00e9 Cheyenne conviennent-elles \u00e0 tous les styles de tatouage ?<\/strong><br \/>\n  Oui, les cartouches de s\u00e9curit\u00e9 Cheyenne peuvent \u00eatre utilis\u00e9es sans effort pour diff\u00e9rents styles de tatouage, que vous travailliez sur de grands tatouages color\u00e9s ou sur un travail de ligne d\u00e9taill\u00e9.<\/p>\n<p><strong>Les cartouches de s\u00e9curit\u00e9 Cheyenne sont-elles conformes aux normes internationales ?<\/strong><br \/>\n  Oui, les cartouches de s\u00e9curit\u00e9 Cheyenne r\u00e9pondent aux normes les plus strictes (ISO 13485). Cela indique qu&rsquo;ils sont de qualit\u00e9 sup\u00e9rieure et qu&rsquo;ils r\u00e9pondent aux exigences des syst\u00e8mes de gestion de la qualit\u00e9 pour les dispositifs m\u00e9dicaux.<\/p>\n<p><strong>Les cartouches de s\u00e9curit\u00e9 Cheyenne offrent-elles pr\u00e9cision et fiabilit\u00e9 ?<\/strong><br \/>\n  Oui, gr\u00e2ce \u00e0 leur conception innovante et aux mat\u00e9riaux de haute qualit\u00e9, les cartouches de s\u00e9curit\u00e9 Cheyenne offrent une pr\u00e9cision et une fiabilit\u00e9 in\u00e9gal\u00e9es. Gr\u00e2ce \u00e0 eux, vous obtiendrez toujours des r\u00e9sultats professionnels, qu&rsquo;il s&rsquo;agisse de grands tatouages color\u00e9s ou d&rsquo;un travail au trait d\u00e9taill\u00e9.<\/p>\n","protected":false},"excerpt":{"rendered":"<p>Vous \u00eates un tatoueur professionnel qui ne veut que le meilleur pour ses clients ? Dans ce cas, les cartouches de s\u00e9curit\u00e9 Cheyenne sont sp\u00e9cialement con\u00e7ues pour vous ! Ces modules d&rsquo;aiguilles de qualit\u00e9 sup\u00e9rieure r\u00e9pondent aux normes les plus strictes (ISO 13485) et sont absolument indispensables \u00e0 tout tatoueur s\u00e9rieux. Gr\u00e2ce \u00e0 leur conception [&hellip;]<\/p>\n","protected":false},"featured_media":1819,"template":"","meta":{"_acf_changed":false},"product_brand":[],"product_cat":[160,196],"product_tag":[197,198],"class_list":{"0":"post-2093","1":"product","2":"type-product","3":"status-publish","4":"has-post-thumbnail","6":"product_cat-aiguilles-cartouche","7":"product_cat-cartouches-cheyenne","8":"product_tag-aiguilles-cartouche","9":"product_tag-cartouches-cheyenne","11":"first","12":"outofstock","13":"taxable","14":"shipping-taxable","15":"purchasable","16":"product-type-simple"},"ams_default_variation_id":0,"ams_product_points_reward":[],"ams_product_discount_percentage":0,"ams_price_to_display":32,"ams_acf":[],"acf":[],"_links":{"self":[{"href":"https:\/\/inkskin.nl\/fr\/wp-json\/wp\/v2\/product\/2093","targetHints":{"allow":["GET"]}}],"collection":[{"href":"https:\/\/inkskin.nl\/fr\/wp-json\/wp\/v2\/product"}],"about":[{"href":"https:\/\/inkskin.nl\/fr\/wp-json\/wp\/v2\/types\/product"}],"version-history":[{"count":0,"href":"https:\/\/inkskin.nl\/fr\/wp-json\/wp\/v2\/product\/2093\/revisions"}],"wp:featuredmedia":[{"embeddable":true,"href":"https:\/\/inkskin.nl\/fr\/wp-json\/wp\/v2\/media\/1819"}],"wp:attachment":[{"href":"https:\/\/inkskin.nl\/fr\/wp-json\/wp\/v2\/media?parent=2093"}],"wp:term":[{"taxonomy":"product_brand","embeddable":true,"href":"https:\/\/inkskin.nl\/fr\/wp-json\/wp\/v2\/product_brand?post=2093"},{"taxonomy":"product_cat","embeddable":true,"href":"https:\/\/inkskin.nl\/fr\/wp-json\/wp\/v2\/product_cat?post=2093"},{"taxonomy":"product_tag","embeddable":true,"href":"https:\/\/inkskin.nl\/fr\/wp-json\/wp\/v2\/product_tag?post=2093"}],"curies":[{"name":"wp","href":"https:\/\/api.w.org\/{rel}","templated":true}]}}