{"id":2092,"date":"2024-03-27T09:52:28","date_gmt":"2024-03-27T09:52:28","guid":{"rendered":"https:\/\/inkskin.nl\/products\/cheyenne-7-shader-0-25\/"},"modified":"2024-03-27T09:52:28","modified_gmt":"2024-03-27T09:52:28","slug":"cheyenne-7-shader-0-25","status":"publish","type":"product","link":"https:\/\/inkskin.nl\/fr\/products\/cheyenne-7-shader-0-25\/","title":{"rendered":"Cheyenne 7 shader 0.25"},"content":{"rendered":"<p>Vous \u00eates un tatoueur professionnel qui ne veut que le meilleur pour ses clients ? Les cartouches de s\u00e9curit\u00e9 Cheyenne sont alors parfaites pour vous ! Ces modules d&rsquo;aiguilles sont sp\u00e9cialement con\u00e7us pour r\u00e9pondre aux normes les plus strictes afin que vous puissiez r\u00e9aliser les meilleurs tatouages. La qualit\u00e9 \u00e9lev\u00e9e et le label ISO 13485 vous garantissent des m\u00e9thodes de travail s\u00fbres et hygi\u00e9niques. Les cartouches de s\u00e9curit\u00e9 Cheyenne offrent non seulement la fiabilit\u00e9, mais aussi d&rsquo;excellentes performances. Que vous souhaitiez tracer des lignes ou cr\u00e9er des ombres, ces modules d&rsquo;aiguilles garantissent des r\u00e9sultats impeccables. Ajoutez ces cartouches \u00e0 votre \u00e9quipement de tatouage et offrez \u00e0 vos clients la meilleure exp\u00e9rience possible.<\/p>\n<p><strong>Quel est l&rsquo;avantage d&rsquo;utiliser les cartouches de s\u00e9curit\u00e9 Cheyenne ?<\/strong><br \/>\n  L&rsquo;utilisation des cartouches de s\u00e9curit\u00e9 Cheyenne pr\u00e9sente plusieurs avantages. Tout d&rsquo;abord, les modules d&rsquo;aiguilles r\u00e9pondent aux normes les plus strictes, ce qui garantit un fonctionnement s\u00fbr et hygi\u00e9nique. En outre, les cartouches sont fiables et offrent d&rsquo;excellentes performances, que vous souhaitiez tracer des lignes ou cr\u00e9er des ombres. En bref, les cartouches de s\u00e9curit\u00e9 Cheyenne garantissent des r\u00e9sultats impeccables et offrent aux clients la meilleure exp\u00e9rience possible.<\/p>\n<p><strong>Quelles sont les caract\u00e9ristiques de qualit\u00e9 des cartouches de s\u00e9curit\u00e9 Cheyenne ?<\/strong><br \/>\n  Les cartouches de s\u00e9curit\u00e9 Cheyenne sont certifi\u00e9es ISO 13485, ce qui indique qu&rsquo;elles r\u00e9pondent aux normes internationales de qualit\u00e9 et de s\u00e9curit\u00e9. Ce label garantit un niveau de qualit\u00e9 \u00e9lev\u00e9 et donne aux clients l&rsquo;assurance qu&rsquo;ils travaillent avec des modules d&rsquo;aiguilles de la meilleure qualit\u00e9.<\/p>\n<p><strong>Comment puis-je ajouter les cartouches de s\u00e9curit\u00e9 Cheyenne \u00e0 mon \u00e9quipement de tatouage ?<\/strong><br \/>\n  Il est facile d&rsquo;ajouter les cartouches de s\u00e9curit\u00e9 Cheyenne \u00e0 votre \u00e9quipement de tatouage. Vous pouvez commander les cartouches aupr\u00e8s d&rsquo;un fournisseur agr\u00e9\u00e9 de produits Cheyenne. Une fois que vous avez les cartouches, vous pouvez facilement les attacher \u00e0 votre machine \u00e0 tatouer et vous mettre directement au travail. Il est important de veiller \u00e0 fixer correctement les cartouches et de garantir un environnement de travail hygi\u00e9nique afin de<\/p>\n","protected":false},"excerpt":{"rendered":"<p>Vous \u00eates un tatoueur professionnel qui ne veut que le meilleur pour ses clients ? Les cartouches de s\u00e9curit\u00e9 Cheyenne sont alors parfaites pour vous ! Ces modules d&rsquo;aiguilles sont sp\u00e9cialement con\u00e7us pour r\u00e9pondre aux normes les plus strictes afin que vous puissiez r\u00e9aliser les meilleurs tatouages. La qualit\u00e9 \u00e9lev\u00e9e et le label ISO 13485 [&hellip;]<\/p>\n","protected":false},"featured_media":1819,"template":"","meta":{"_acf_changed":false},"product_brand":[],"product_cat":[160,196],"product_tag":[197,198],"class_list":{"0":"post-2092","1":"product","2":"type-product","3":"status-publish","4":"has-post-thumbnail","6":"product_cat-aiguilles-cartouche","7":"product_cat-cartouches-cheyenne","8":"product_tag-aiguilles-cartouche","9":"product_tag-cartouches-cheyenne","11":"first","12":"instock","13":"taxable","14":"shipping-taxable","15":"purchasable","16":"product-type-simple"},"ams_default_variation_id":0,"ams_product_points_reward":[],"ams_product_discount_percentage":0,"ams_price_to_display":32,"ams_acf":[],"acf":[],"_links":{"self":[{"href":"https:\/\/inkskin.nl\/fr\/wp-json\/wp\/v2\/product\/2092","targetHints":{"allow":["GET"]}}],"collection":[{"href":"https:\/\/inkskin.nl\/fr\/wp-json\/wp\/v2\/product"}],"about":[{"href":"https:\/\/inkskin.nl\/fr\/wp-json\/wp\/v2\/types\/product"}],"version-history":[{"count":0,"href":"https:\/\/inkskin.nl\/fr\/wp-json\/wp\/v2\/product\/2092\/revisions"}],"wp:featuredmedia":[{"embeddable":true,"href":"https:\/\/inkskin.nl\/fr\/wp-json\/wp\/v2\/media\/1819"}],"wp:attachment":[{"href":"https:\/\/inkskin.nl\/fr\/wp-json\/wp\/v2\/media?parent=2092"}],"wp:term":[{"taxonomy":"product_brand","embeddable":true,"href":"https:\/\/inkskin.nl\/fr\/wp-json\/wp\/v2\/product_brand?post=2092"},{"taxonomy":"product_cat","embeddable":true,"href":"https:\/\/inkskin.nl\/fr\/wp-json\/wp\/v2\/product_cat?post=2092"},{"taxonomy":"product_tag","embeddable":true,"href":"https:\/\/inkskin.nl\/fr\/wp-json\/wp\/v2\/product_tag?post=2092"}],"curies":[{"name":"wp","href":"https:\/\/api.w.org\/{rel}","templated":true}]}}