{"id":2089,"date":"2024-03-27T09:52:31","date_gmt":"2024-03-27T09:52:31","guid":{"rendered":"https:\/\/inkskin.nl\/products\/cheyenne-7-magnum\/"},"modified":"2024-03-27T09:52:31","modified_gmt":"2024-03-27T09:52:31","slug":"cheyenne-7-magnum","status":"publish","type":"product","link":"https:\/\/inkskin.nl\/fr\/products\/cheyenne-7-magnum\/","title":{"rendered":"Cheyenne 7 magnum"},"content":{"rendered":"<p>Vous \u00eates un tatoueur professionnel et vous recherchez les meilleures cartouches de s\u00e9curit\u00e9 ? Les cartouches de s\u00e9curit\u00e9 Cheyenne sont alors parfaites pour vous ! Ces modules d&rsquo;aiguilles sont sp\u00e9cialement con\u00e7us pour r\u00e9pondre aux besoins des tatoueurs comme vous. Gr\u00e2ce \u00e0 leur qualit\u00e9 \u00e9lev\u00e9e et \u00e0 leur production selon les normes les plus strictes (ISO 13485), vous pouvez \u00eatre certain que vous obtiendrez les meilleurs r\u00e9sultats. Que vous soyez d\u00e9butant ou professionnel chevronn\u00e9, ces cartouches offrent la solution parfaite pour tous vos besoins en mati\u00e8re de tatouage. Qu&rsquo;attendez-vous ? Am\u00e9liorez votre pratique du tatouage avec les cartouches de s\u00e9curit\u00e9 Cheyenne et cr\u00e9ez des \u0153uvres d&rsquo;art magnifiques et durables avec facilit\u00e9 et confiance.<\/p>\n<p><strong>Qu&rsquo;est-ce qui diff\u00e9rencie les cartouches de s\u00e9curit\u00e9 Cheyenne des autres modules d&rsquo;aiguilles disponibles sur le march\u00e9 ?<\/strong><br \/>\n  Les cartouches de s\u00e9curit\u00e9 Cheyenne sont sp\u00e9cialement con\u00e7ues pour r\u00e9pondre aux besoins des tatoueurs professionnels. Fabriqu\u00e9s selon les normes les plus strictes (ISO 13485), ils offrent une qualit\u00e9 \u00e9lev\u00e9e qui garantit les meilleurs r\u00e9sultats.<\/p>\n<p><strong>Les cartouches de s\u00e9curit\u00e9 Cheyenne conviennent-elles aux d\u00e9butants et aux tatoueurs exp\u00e9riment\u00e9s ?<\/strong><br \/>\n  Oui, absolument ! Ces cartouches offrent la solution parfaite pour tous vos besoins en mati\u00e8re de tatouage, que vous soyez un d\u00e9butant ou un professionnel chevronn\u00e9. Ils sont con\u00e7us pour \u00eatre faciles \u00e0 utiliser et donner confiance pendant le tatouage.<\/p>\n<p><strong>Comment les cartouches de s\u00e9curit\u00e9 Cheyenne peuvent-elles am\u00e9liorer ma pratique du tatouage ?<\/strong><br \/>\n  En utilisant les cartouches de s\u00e9curit\u00e9 Cheyenne, vous pouvez cr\u00e9er des \u0153uvres d&rsquo;art magnifiques et durables avec facilit\u00e9 et confiance. La haute qualit\u00e9 et la fiabilit\u00e9 de ces cartouches permettent aux tatoueurs professionnels d&rsquo;obtenir les meilleurs r\u00e9sultats et d&rsquo;am\u00e9liorer l&rsquo;exp\u00e9rience globale du tatoueur et du client.<\/p>\n","protected":false},"excerpt":{"rendered":"<p>Vous \u00eates un tatoueur professionnel et vous recherchez les meilleures cartouches de s\u00e9curit\u00e9 ? Les cartouches de s\u00e9curit\u00e9 Cheyenne sont alors parfaites pour vous ! Ces modules d&rsquo;aiguilles sont sp\u00e9cialement con\u00e7us pour r\u00e9pondre aux besoins des tatoueurs comme vous. Gr\u00e2ce \u00e0 leur qualit\u00e9 \u00e9lev\u00e9e et \u00e0 leur production selon les normes les plus strictes (ISO [&hellip;]<\/p>\n","protected":false},"featured_media":1819,"template":"","meta":{"_acf_changed":false},"product_brand":[],"product_cat":[160,196],"product_tag":[197,198],"class_list":{"0":"post-2089","1":"product","2":"type-product","3":"status-publish","4":"has-post-thumbnail","6":"product_cat-aiguilles-cartouche","7":"product_cat-cartouches-cheyenne","8":"product_tag-aiguilles-cartouche","9":"product_tag-cartouches-cheyenne","11":"first","12":"outofstock","13":"taxable","14":"shipping-taxable","15":"purchasable","16":"product-type-simple"},"ams_default_variation_id":0,"ams_product_points_reward":[],"ams_product_discount_percentage":0,"ams_price_to_display":32,"ams_acf":[],"acf":[],"_links":{"self":[{"href":"https:\/\/inkskin.nl\/fr\/wp-json\/wp\/v2\/product\/2089","targetHints":{"allow":["GET"]}}],"collection":[{"href":"https:\/\/inkskin.nl\/fr\/wp-json\/wp\/v2\/product"}],"about":[{"href":"https:\/\/inkskin.nl\/fr\/wp-json\/wp\/v2\/types\/product"}],"version-history":[{"count":0,"href":"https:\/\/inkskin.nl\/fr\/wp-json\/wp\/v2\/product\/2089\/revisions"}],"wp:featuredmedia":[{"embeddable":true,"href":"https:\/\/inkskin.nl\/fr\/wp-json\/wp\/v2\/media\/1819"}],"wp:attachment":[{"href":"https:\/\/inkskin.nl\/fr\/wp-json\/wp\/v2\/media?parent=2089"}],"wp:term":[{"taxonomy":"product_brand","embeddable":true,"href":"https:\/\/inkskin.nl\/fr\/wp-json\/wp\/v2\/product_brand?post=2089"},{"taxonomy":"product_cat","embeddable":true,"href":"https:\/\/inkskin.nl\/fr\/wp-json\/wp\/v2\/product_cat?post=2089"},{"taxonomy":"product_tag","embeddable":true,"href":"https:\/\/inkskin.nl\/fr\/wp-json\/wp\/v2\/product_tag?post=2089"}],"curies":[{"name":"wp","href":"https:\/\/api.w.org\/{rel}","templated":true}]}}