{"id":2086,"date":"2024-03-27T09:52:25","date_gmt":"2024-03-27T09:52:25","guid":{"rendered":"https:\/\/inkskin.nl\/products\/cheyenne-9-magnum\/"},"modified":"2024-03-27T09:52:25","modified_gmt":"2024-03-27T09:52:25","slug":"cheyenne-9-magnum","status":"publish","type":"product","link":"https:\/\/inkskin.nl\/fr\/products\/cheyenne-9-magnum\/","title":{"rendered":"Cheyenne 9 magnum"},"content":{"rendered":"<p>Vous \u00eates un tatoueur professionnel \u00e0 la recherche de modules d&rsquo;aiguilles de haute qualit\u00e9 ? Dans ce cas, les cartouches de s\u00e9curit\u00e9 Cheyenne sont exactement ce qu&rsquo;il vous faut ! Ces modules d&rsquo;aiguilles sp\u00e9cialement con\u00e7us sont de la plus haute qualit\u00e9 et r\u00e9pondent aux normes les plus strictes (ISO 13485). Avec ces cartouches, vous pouvez travailler en toute confiance, en sachant que vous utilisez les meilleurs mat\u00e9riaux pour vos clients. Les cartouches de s\u00e9curit\u00e9 sont faciles \u00e0 utiliser et offrent une exp\u00e9rience de tatouage pr\u00e9cise et exacte. Que vous soyez d\u00e9butant ou professionnel chevronn\u00e9, les cartouches de s\u00e9curit\u00e9 Cheyenne sont le choix id\u00e9al pour vous. Investissez dans la qualit\u00e9 et am\u00e9liorez vos normes professionnelles gr\u00e2ce \u00e0 ces excellents modules d&rsquo;aiguille.<\/p>\n<p><strong>Qu&rsquo;est-ce qui diff\u00e9rencie les cartouches de s\u00e9curit\u00e9 Cheyenne des autres modules d&rsquo;aiguilles disponibles sur le march\u00e9 ?<\/strong><br \/>\n  Les cartouches de s\u00e9curit\u00e9 Cheyenne sont sp\u00e9cialement con\u00e7ues et r\u00e9pondent aux normes de qualit\u00e9 les plus strictes (ISO 13485). Ils sont fabriqu\u00e9s avec les meilleurs mat\u00e9riaux pour vous permettre de travailler en toute confiance et d&rsquo;obtenir les meilleurs r\u00e9sultats pour vos clients.<\/p>\n<p><strong>Les cartouches de s\u00e9curit\u00e9 Cheyenne sont-elles faciles \u00e0 utiliser, m\u00eame pour les d\u00e9butants ?<\/strong><br \/>\n  Oui, les cartouches de s\u00e9curit\u00e9 Cheyenne sont tr\u00e8s faciles \u00e0 utiliser et conviennent donc aussi bien aux d\u00e9butants qu&rsquo;aux professionnels chevronn\u00e9s. Ils sont con\u00e7us pour une exp\u00e9rience de tatouage pr\u00e9cise et exacte, quel que soit votre niveau d&rsquo;exp\u00e9rience.<\/p>\n<p><strong>Comment l&rsquo;investissement dans les cartouches de s\u00e9curit\u00e9 Cheyenne peut-il am\u00e9liorer mon niveau professionnel ?<\/strong><br \/>\n  En investissant dans les cartouches de s\u00e9curit\u00e9 Cheyenne, vous investissez dans la qualit\u00e9. L&rsquo;utilisation de modules d&rsquo;aiguilles de haute qualit\u00e9 rehaussera vos normes professionnelles et vous permettra d&rsquo;obtenir les meilleurs r\u00e9sultats pour vos clients. Vous pouvez travailler en toute confiance, en sachant que vous utilisez les meilleurs mat\u00e9riaux.<\/p>\n","protected":false},"excerpt":{"rendered":"<p>Vous \u00eates un tatoueur professionnel \u00e0 la recherche de modules d&rsquo;aiguilles de haute qualit\u00e9 ? Dans ce cas, les cartouches de s\u00e9curit\u00e9 Cheyenne sont exactement ce qu&rsquo;il vous faut ! Ces modules d&rsquo;aiguilles sp\u00e9cialement con\u00e7us sont de la plus haute qualit\u00e9 et r\u00e9pondent aux normes les plus strictes (ISO 13485). Avec ces cartouches, vous pouvez [&hellip;]<\/p>\n","protected":false},"featured_media":1819,"template":"","meta":{"_acf_changed":false},"product_brand":[],"product_cat":[160,196],"product_tag":[197,198],"class_list":{"0":"post-2086","1":"product","2":"type-product","3":"status-publish","4":"has-post-thumbnail","6":"product_cat-aiguilles-cartouche","7":"product_cat-cartouches-cheyenne","8":"product_tag-aiguilles-cartouche","9":"product_tag-cartouches-cheyenne","11":"first","12":"outofstock","13":"taxable","14":"shipping-taxable","15":"purchasable","16":"product-type-simple"},"ams_default_variation_id":0,"ams_product_points_reward":[],"ams_product_discount_percentage":0,"ams_price_to_display":34,"ams_acf":[],"acf":[],"_links":{"self":[{"href":"https:\/\/inkskin.nl\/fr\/wp-json\/wp\/v2\/product\/2086","targetHints":{"allow":["GET"]}}],"collection":[{"href":"https:\/\/inkskin.nl\/fr\/wp-json\/wp\/v2\/product"}],"about":[{"href":"https:\/\/inkskin.nl\/fr\/wp-json\/wp\/v2\/types\/product"}],"version-history":[{"count":0,"href":"https:\/\/inkskin.nl\/fr\/wp-json\/wp\/v2\/product\/2086\/revisions"}],"wp:featuredmedia":[{"embeddable":true,"href":"https:\/\/inkskin.nl\/fr\/wp-json\/wp\/v2\/media\/1819"}],"wp:attachment":[{"href":"https:\/\/inkskin.nl\/fr\/wp-json\/wp\/v2\/media?parent=2086"}],"wp:term":[{"taxonomy":"product_brand","embeddable":true,"href":"https:\/\/inkskin.nl\/fr\/wp-json\/wp\/v2\/product_brand?post=2086"},{"taxonomy":"product_cat","embeddable":true,"href":"https:\/\/inkskin.nl\/fr\/wp-json\/wp\/v2\/product_cat?post=2086"},{"taxonomy":"product_tag","embeddable":true,"href":"https:\/\/inkskin.nl\/fr\/wp-json\/wp\/v2\/product_tag?post=2086"}],"curies":[{"name":"wp","href":"https:\/\/api.w.org\/{rel}","templated":true}]}}